{"id":619,"date":"2024-10-30T15:07:48","date_gmt":"2024-10-30T15:07:48","guid":{"rendered":"https:\/\/tallertrp.com\/reprogramacions-turismes\/"},"modified":"2025-04-09T14:01:24","modified_gmt":"2025-04-09T14:01:24","slug":"reprogramacions-turismes","status":"publish","type":"page","link":"https:\/\/tallertrp.com\/ca\/reprogramacions-turismes\/","title":{"rendered":"Reprogramacions Turismes"},"content":{"rendered":"<p><div class=\"fusion-fullwidth fullwidth-box fusion-builder-row-1 fusion-flex-container has-pattern-background has-mask-background nonhundred-percent-fullwidth non-hundred-percent-height-scrolling\" style=\"--awb-border-radius-top-left:0px;--awb-border-radius-top-right:0px;--awb-border-radius-bottom-right:0px;--awb-border-radius-bottom-left:0px;--awb-padding-top:5%;--awb-padding-bottom:5%;--awb-flex-wrap:wrap;\" ><div class=\"fusion-builder-row fusion-row fusion-flex-align-items-center fusion-flex-content-wrap\" style=\"max-width:1248px;margin-left: calc(-4% \/ 2 );margin-right: calc(-4% \/ 2 );\"><div class=\"fusion-layout-column fusion_builder_column fusion-builder-column-0 fusion_builder_column_1_2 1_2 fusion-flex-column\" style=\"--awb-bg-size:cover;--awb-width-large:50%;--awb-margin-top-large:0px;--awb-spacing-right-large:3.84%;--awb-margin-bottom-large:20px;--awb-spacing-left-large:3.84%;--awb-width-medium:50%;--awb-order-medium:0;--awb-spacing-right-medium:3.84%;--awb-spacing-left-medium:3.84%;--awb-width-small:100%;--awb-order-small:0;--awb-spacing-right-small:1.92%;--awb-spacing-left-small:1.92%;\"><div class=\"fusion-column-wrapper fusion-column-has-shadow fusion-flex-justify-content-flex-start fusion-content-layout-column\"><div class=\"fusion-image-element \" style=\"--awb-caption-title-font-family:var(--h2_typography-font-family);--awb-caption-title-font-weight:var(--h2_typography-font-weight);--awb-caption-title-font-style:var(--h2_typography-font-style);--awb-caption-title-size:var(--h2_typography-font-size);--awb-caption-title-transform:var(--h2_typography-text-transform);--awb-caption-title-line-height:var(--h2_typography-line-height);--awb-caption-title-letter-spacing:var(--h2_typography-letter-spacing);\"><span class=\" fusion-imageframe imageframe-none imageframe-1 hover-type-none\"><img decoding=\"async\" width=\"2000\" height=\"1333\" src=\"https:\/\/tallertrp.com\/wp-content\/uploads\/2024\/10\/tramit-derecho-mercantil-2.jpeg\" alt class=\"img-responsive wp-image-498\" srcset=\"https:\/\/tallertrp.com\/wp-content\/uploads\/2024\/10\/tramit-derecho-mercantil-2-200x133.jpeg 200w, https:\/\/tallertrp.com\/wp-content\/uploads\/2024\/10\/tramit-derecho-mercantil-2-400x267.jpeg 400w, https:\/\/tallertrp.com\/wp-content\/uploads\/2024\/10\/tramit-derecho-mercantil-2-600x400.jpeg 600w, https:\/\/tallertrp.com\/wp-content\/uploads\/2024\/10\/tramit-derecho-mercantil-2-800x533.jpeg 800w, https:\/\/tallertrp.com\/wp-content\/uploads\/2024\/10\/tramit-derecho-mercantil-2-1200x800.jpeg 1200w, https:\/\/tallertrp.com\/wp-content\/uploads\/2024\/10\/tramit-derecho-mercantil-2.jpeg 2000w\" sizes=\"(max-width: 640px) 100vw, 600px\" \/><\/span><\/div><\/div><\/div><div class=\"fusion-layout-column fusion_builder_column fusion-builder-column-1 fusion_builder_column_1_2 1_2 fusion-flex-column\" style=\"--awb-bg-size:cover;--awb-width-large:50%;--awb-margin-top-large:0px;--awb-spacing-right-large:3.84%;--awb-margin-bottom-large:20px;--awb-spacing-left-large:3.84%;--awb-width-medium:50%;--awb-order-medium:0;--awb-spacing-right-medium:3.84%;--awb-spacing-left-medium:3.84%;--awb-width-small:100%;--awb-order-small:0;--awb-spacing-right-small:1.92%;--awb-spacing-left-small:1.92%;\"><div class=\"fusion-column-wrapper fusion-column-has-shadow fusion-flex-justify-content-flex-start fusion-content-layout-column\"><div class=\"fusion-title title fusion-title-1 fusion-no-small-visibility fusion-no-medium-visibility fusion-sep-none fusion-title-text fusion-title-size-two\"><h2 class=\"fusion-title-heading title-heading-left\" style=\"margin:0;\"><p>Reprogramaci\u00f3 de <a class=\"item_list_category\" href=\"http:\/\/www.TRPms.com\/spa\/category\/repro.html\" target=\"_blank\" rel=\"noopener\">Turismes<\/a><\/p>\n<div id=\"urban-overlay\"><\/div><\/h2><\/div><div class=\"fusion-text fusion-text-1\" style=\"--awb-content-alignment:left;\"><p>La reprogramaci\u00f3 de turismes millora el rendiment del motor en ajustar la centraleta electr\u00f2nica (ECU). Amb aquesta t\u00e8cnica, podeu guanyar pot\u00e8ncia, millorar la resposta del motor, optimitzar el consum de combustible i gaudir d&#8217;una conducci\u00f3 m\u00e9s eficient, tot sense comprometre la fiabilitat del vehicle.<\/p>\n<p>&nbsp;<\/p>\n<div id=\"urban-overlay\" style=\"left: -10px; top: -10px; width: 0px; height: 0px;\">&nbsp;<\/div>\n<\/div><\/div><\/div><\/div><\/div><div class=\"fusion-fullwidth fullwidth-box fusion-builder-row-2 fusion-flex-container has-pattern-background has-mask-background nonhundred-percent-fullwidth non-hundred-percent-height-scrolling\" style=\"--awb-border-radius-top-left:0px;--awb-border-radius-top-right:0px;--awb-border-radius-bottom-right:0px;--awb-border-radius-bottom-left:0px;--awb-padding-top:5%;--awb-padding-bottom:5%;--awb-background-color:var(--awb-color2);--awb-flex-wrap:wrap;\" ><div class=\"fusion-builder-row fusion-row fusion-flex-align-items-flex-start fusion-flex-content-wrap\" style=\"max-width:1248px;margin-left: calc(-4% \/ 2 );margin-right: calc(-4% \/ 2 );\"><div class=\"fusion-layout-column fusion_builder_column fusion-builder-column-2 fusion_builder_column_1_2 1_2 fusion-flex-column\" style=\"--awb-bg-size:cover;--awb-width-large:50%;--awb-margin-top-large:0px;--awb-spacing-right-large:3.84%;--awb-margin-bottom-large:20px;--awb-spacing-left-large:3.84%;--awb-width-medium:50%;--awb-order-medium:0;--awb-spacing-right-medium:3.84%;--awb-spacing-left-medium:3.84%;--awb-width-small:100%;--awb-order-small:0;--awb-spacing-right-small:1.92%;--awb-spacing-left-small:1.92%;\"><div class=\"fusion-column-wrapper fusion-column-has-shadow fusion-flex-justify-content-flex-start fusion-content-layout-column\"><div class=\"accordian fusion-accordian\" style=\"--awb-border-size:1px;--awb-icon-size:16px;--awb-content-font-size:var(--awb-typography4-font-size);--awb-icon-alignment:left;--awb-hover-color:var(--awb-color2);--awb-border-color:var(--awb-color3);--awb-background-color:var(--awb-color1);--awb-divider-color:var(--awb-color3);--awb-divider-hover-color:var(--awb-color3);--awb-icon-color:var(--awb-color1);--awb-title-color:var(--awb-color8);--awb-content-color:var(--awb-color8);--awb-icon-box-color:var(--awb-color8);--awb-toggle-hover-accent-color:var(--awb-color5);--awb-title-font-family:var(--awb-typography1-font-family);--awb-title-font-weight:var(--awb-typography1-font-weight);--awb-title-font-style:var(--awb-typography1-font-style);--awb-title-font-size:16px;--awb-content-font-family:var(--awb-typography4-font-family);--awb-content-font-weight:var(--awb-typography4-font-weight);--awb-content-font-style:var(--awb-typography4-font-style);\"><div class=\"panel-group fusion-toggle-icon-boxed\" id=\"accordion-619-1\"><div class=\"fusion-panel panel-default panel-2c3ac60e20e6c28e2 fusion-toggle-has-divider\"><div class=\"panel-heading\"><h4 class=\"panel-title toggle\" id=\"toggle_2c3ac60e20e6c28e2\"><a class=\"active\" aria-expanded=\"true\" aria-controls=\"2c3ac60e20e6c28e2\" role=\"button\" data-toggle=\"collapse\" data-parent=\"#accordion-619-1\" data-target=\"#2c3ac60e20e6c28e2\" href=\"#2c3ac60e20e6c28e2\"><span class=\"fusion-toggle-icon-wrapper\" aria-hidden=\"true\"><i class=\"fa-fusion-box active-icon awb-icon-minus\" aria-hidden=\"true\"><\/i><i class=\"fa-fusion-box inactive-icon awb-icon-plus\" aria-hidden=\"true\"><\/i><\/span><span class=\"fusion-toggle-heading\">Millora del rendiment<\/span><\/a><\/h4><\/div><div id=\"2c3ac60e20e6c28e2\" class=\"panel-collapse collapse in\" aria-labelledby=\"toggle_2c3ac60e20e6c28e2\"><div class=\"panel-body toggle-content fusion-clearfix\">Augmenta la pot\u00e8ncia i el parell motor, cosa que es tradueix en una acceleraci\u00f3 m\u00e9s r\u00e0pida i una resposta m\u00e9s \u00e0gil del vehicle. Ideal per als que busquen una conducci\u00f3 m\u00e9s esportiva sense comprometre la seguretat.<\/p>\n<div id=\"urban-overlay\" style=\"left: -10px; top: -10px; width: 0px; height: 0px;\"><\/div>\n<\/div><\/div><\/div><div class=\"fusion-panel panel-default panel-7e0ec0fbe48393440 fusion-toggle-has-divider\"><div class=\"panel-heading\"><h4 class=\"panel-title toggle\" id=\"toggle_7e0ec0fbe48393440\"><a aria-expanded=\"false\" aria-controls=\"7e0ec0fbe48393440\" role=\"button\" data-toggle=\"collapse\" data-parent=\"#accordion-619-1\" data-target=\"#7e0ec0fbe48393440\" href=\"#7e0ec0fbe48393440\"><span class=\"fusion-toggle-icon-wrapper\" aria-hidden=\"true\"><i class=\"fa-fusion-box active-icon awb-icon-minus\" aria-hidden=\"true\"><\/i><i class=\"fa-fusion-box inactive-icon awb-icon-plus\" aria-hidden=\"true\"><\/i><\/span><span class=\"fusion-toggle-heading\">Reducci\u00f3 del consum de combustible<\/span><\/a><\/h4><\/div><div id=\"7e0ec0fbe48393440\" class=\"panel-collapse collapse \" aria-labelledby=\"toggle_7e0ec0fbe48393440\"><div class=\"panel-body toggle-content fusion-clearfix\">\n<p>La reprogramaci\u00f3 permet ajustar la gesti\u00f3 del motor per millorar lefici\u00e8ncia en l\u00fas del combustible. Aix\u00f2 es tradueix en un estalvi de combustible, especialment en llargs trajectes o conducci\u00f3 urbana.<\/p>\n<div id=\"urban-overlay\" style=\"left: -10px; top: -10px; width: 0px; height: 0px;\">&nbsp;<\/div>\n<\/div><\/div><\/div><div class=\"fusion-panel panel-default panel-ce2d386dc7c1126d2 fusion-toggle-has-divider\"><div class=\"panel-heading\"><h4 class=\"panel-title toggle\" id=\"toggle_ce2d386dc7c1126d2\"><a aria-expanded=\"false\" aria-controls=\"ce2d386dc7c1126d2\" role=\"button\" data-toggle=\"collapse\" data-parent=\"#accordion-619-1\" data-target=\"#ce2d386dc7c1126d2\" href=\"#ce2d386dc7c1126d2\"><span class=\"fusion-toggle-icon-wrapper\" aria-hidden=\"true\"><i class=\"fa-fusion-box active-icon awb-icon-minus\" aria-hidden=\"true\"><\/i><i class=\"fa-fusion-box inactive-icon awb-icon-plus\" aria-hidden=\"true\"><\/i><\/span><span class=\"fusion-toggle-heading\">Personalitzaci\u00f3 segons les teves necessitats<\/span><\/a><\/h4><\/div><div id=\"ce2d386dc7c1126d2\" class=\"panel-collapse collapse \" aria-labelledby=\"toggle_ce2d386dc7c1126d2\"><div class=\"panel-body toggle-content fusion-clearfix\">\n<p>Cada conductor t\u00e9 les seves prefer\u00e8ncies. La reprogramaci\u00f3 permet adaptar el rendiment del motor a les teves necessitats espec\u00edfiques, ja sigui prioritzant la pot\u00e8ncia, l&#8217;estalvi de combustible o el balan\u00e7 entre tots dos.<\/p>\n<div id=\"urban-overlay\" style=\"left: -10px; top: -10px; width: 0px; height: 0px;\">&nbsp;<\/div>\n<\/div><\/div><\/div><\/div><\/div><\/div><\/div><div class=\"fusion-layout-column fusion_builder_column fusion-builder-column-3 fusion_builder_column_1_2 1_2 fusion-flex-column\" style=\"--awb-bg-size:cover;--awb-width-large:50%;--awb-margin-top-large:0px;--awb-spacing-right-large:3.84%;--awb-margin-bottom-large:20px;--awb-spacing-left-large:3.84%;--awb-width-medium:50%;--awb-order-medium:0;--awb-spacing-right-medium:3.84%;--awb-spacing-left-medium:3.84%;--awb-width-small:100%;--awb-order-small:0;--awb-spacing-right-small:1.92%;--awb-spacing-left-small:1.92%;\"><div class=\"fusion-column-wrapper fusion-column-has-shadow fusion-flex-justify-content-flex-start fusion-content-layout-column\"><div class=\"fusion-image-element \" style=\"--awb-caption-title-font-family:var(--h2_typography-font-family);--awb-caption-title-font-weight:var(--h2_typography-font-weight);--awb-caption-title-font-style:var(--h2_typography-font-style);--awb-caption-title-size:var(--h2_typography-font-size);--awb-caption-title-transform:var(--h2_typography-text-transform);--awb-caption-title-line-height:var(--h2_typography-line-height);--awb-caption-title-letter-spacing:var(--h2_typography-letter-spacing);\"><span class=\" fusion-imageframe imageframe-none imageframe-2 hover-type-none\"><img decoding=\"async\" width=\"1332\" height=\"854\" title=\"imagen_2025-02-25_173745614\" src=\"https:\/\/tallertrp.com\/wp-content\/uploads\/2025\/02\/imagen_2025-02-25_173745614.png\" alt class=\"img-responsive wp-image-582\" srcset=\"https:\/\/tallertrp.com\/wp-content\/uploads\/2025\/02\/imagen_2025-02-25_173745614-200x128.png 200w, https:\/\/tallertrp.com\/wp-content\/uploads\/2025\/02\/imagen_2025-02-25_173745614-400x256.png 400w, https:\/\/tallertrp.com\/wp-content\/uploads\/2025\/02\/imagen_2025-02-25_173745614-600x385.png 600w, https:\/\/tallertrp.com\/wp-content\/uploads\/2025\/02\/imagen_2025-02-25_173745614-800x513.png 800w, https:\/\/tallertrp.com\/wp-content\/uploads\/2025\/02\/imagen_2025-02-25_173745614-1200x769.png 1200w, https:\/\/tallertrp.com\/wp-content\/uploads\/2025\/02\/imagen_2025-02-25_173745614.png 1332w\" sizes=\"(max-width: 640px) 100vw, 600px\" \/><\/span><\/div><\/div><\/div><\/div><\/div><\/p>\n","protected":false},"excerpt":{"rendered":"","protected":false},"author":1,"featured_media":0,"parent":0,"menu_order":0,"comment_status":"closed","ping_status":"closed","template":"100-width.php","meta":{"footnotes":""},"class_list":["post-619","page","type-page","status-publish","hentry"],"_links":{"self":[{"href":"https:\/\/tallertrp.com\/ca\/wp-json\/wp\/v2\/pages\/619","targetHints":{"allow":["GET"]}}],"collection":[{"href":"https:\/\/tallertrp.com\/ca\/wp-json\/wp\/v2\/pages"}],"about":[{"href":"https:\/\/tallertrp.com\/ca\/wp-json\/wp\/v2\/types\/page"}],"author":[{"embeddable":true,"href":"https:\/\/tallertrp.com\/ca\/wp-json\/wp\/v2\/users\/1"}],"replies":[{"embeddable":true,"href":"https:\/\/tallertrp.com\/ca\/wp-json\/wp\/v2\/comments?post=619"}],"version-history":[{"count":2,"href":"https:\/\/tallertrp.com\/ca\/wp-json\/wp\/v2\/pages\/619\/revisions"}],"predecessor-version":[{"id":624,"href":"https:\/\/tallertrp.com\/ca\/wp-json\/wp\/v2\/pages\/619\/revisions\/624"}],"wp:attachment":[{"href":"https:\/\/tallertrp.com\/ca\/wp-json\/wp\/v2\/media?parent=619"}],"curies":[{"name":"wp","href":"https:\/\/api.w.org\/{rel}","templated":true}]}}