{"id":625,"date":"2025-02-12T16:54:57","date_gmt":"2025-02-12T16:54:57","guid":{"rendered":"https:\/\/tallertrp.com\/codificacio-de-claus-darrencada\/"},"modified":"2025-04-09T14:01:25","modified_gmt":"2025-04-09T14:01:25","slug":"codificacio-de-claus-darrencada","status":"publish","type":"page","link":"https:\/\/tallertrp.com\/ca\/codificacio-de-claus-darrencada\/","title":{"rendered":"Codificaci\u00f3 de claus d&#8217;arrencada"},"content":{"rendered":"<div class=\"fusion-fullwidth fullwidth-box fusion-builder-row-1 fusion-flex-container has-pattern-background has-mask-background nonhundred-percent-fullwidth non-hundred-percent-height-scrolling\" style=\"--awb-border-radius-top-left:0px;--awb-border-radius-top-right:0px;--awb-border-radius-bottom-right:0px;--awb-border-radius-bottom-left:0px;--awb-flex-wrap:wrap;\" ><div class=\"fusion-builder-row fusion-row fusion-flex-align-items-flex-start fusion-flex-content-wrap\" style=\"max-width:1248px;margin-left: calc(-4% \/ 2 );margin-right: calc(-4% \/ 2 );\"><div class=\"fusion-layout-column fusion_builder_column fusion-builder-column-0 fusion_builder_column_1_1 1_1 fusion-flex-column\" style=\"--awb-bg-size:cover;--awb-width-large:100%;--awb-margin-top-large:0px;--awb-spacing-right-large:1.92%;--awb-margin-bottom-large:20px;--awb-spacing-left-large:1.92%;--awb-width-medium:100%;--awb-order-medium:0;--awb-spacing-right-medium:1.92%;--awb-spacing-left-medium:1.92%;--awb-width-small:100%;--awb-order-small:0;--awb-spacing-right-small:1.92%;--awb-spacing-left-small:1.92%;\"><div class=\"fusion-column-wrapper fusion-column-has-shadow fusion-flex-justify-content-flex-start fusion-content-layout-column\"><div class=\"fusion-text fusion-text-1\"><h1>Codificaci\u00f3 de claus d&#8217;arrencada<\/h1>\n<div id=\"urban-overlay\" style=\"left: -10px; top: -10px; width: 0px; height: 0px;\"><\/div>\n<\/div><div class=\"fusion-text fusion-text-2\"><p>Aparellament i codificaci\u00f3 de sistema antirobatori<\/p>\n<div id=\"urban-overlay\" style=\"left: -10px; top: -10px; width: 0px; height: 0px;\"><\/div>\n<\/div><div class=\"fusion-image-element \" style=\"--awb-caption-title-font-family:var(--h2_typography-font-family);--awb-caption-title-font-weight:var(--h2_typography-font-weight);--awb-caption-title-font-style:var(--h2_typography-font-style);--awb-caption-title-size:var(--h2_typography-font-size);--awb-caption-title-transform:var(--h2_typography-text-transform);--awb-caption-title-line-height:var(--h2_typography-line-height);--awb-caption-title-letter-spacing:var(--h2_typography-letter-spacing);\"><span class=\" fusion-imageframe imageframe-none imageframe-1 hover-type-none\"><img decoding=\"async\" width=\"952\" height=\"210\" title=\"imagen_2025-02-12_175427917\" src=\"https:\/\/tallertrp.com\/wp-content\/uploads\/2025\/02\/imagen_2025-02-12_175427917.png\" alt class=\"img-responsive wp-image-511\" srcset=\"https:\/\/tallertrp.com\/wp-content\/uploads\/2025\/02\/imagen_2025-02-12_175427917-200x44.png 200w, https:\/\/tallertrp.com\/wp-content\/uploads\/2025\/02\/imagen_2025-02-12_175427917-400x88.png 400w, https:\/\/tallertrp.com\/wp-content\/uploads\/2025\/02\/imagen_2025-02-12_175427917-600x132.png 600w, https:\/\/tallertrp.com\/wp-content\/uploads\/2025\/02\/imagen_2025-02-12_175427917-800x176.png 800w, https:\/\/tallertrp.com\/wp-content\/uploads\/2025\/02\/imagen_2025-02-12_175427917.png 952w\" sizes=\"(max-width: 640px) 100vw, 952px\" \/><\/span><\/div><div class=\"fusion-text fusion-text-3\"><\/div><div class=\"fusion-text fusion-text-4\"><p data-start=\"0\" data-end=\"271\">Les claus codificades van comen\u00e7ar a utilitzar-se als vehicles des de mitjans dels anys 90 com un sistema de seguretat contra robatoris. Actualment, tots els fabricants incorporen aquest sistema, el qual requereix un professional per a la seva c\u00f2pia i funcionament correctes.<\/p>\n<p data-start=\"273\" data-end=\"587\">Aquestes claus inclouen un transponedor amb un codi \u00fanic programat al sistema d&#8217;immobilitzaci\u00f3 del vehicle. Si aquest codi est\u00e0 afectat, l&#8217;autom\u00f2bil no podr\u00e0 arrencar. En inserir la clau, el transponedor envia un codi a la central del vehicle, i si \u00e9s reconegut permet l&#8217;encesa del motor.<\/p>\n<p data-start=\"589\" data-end=\"911\" data-is-last-node=\"\">Quan s&#8217;adquireix una clau nova o el transponedor deixa de funcionar, cal reprogramar-la perqu\u00e8 el sistema d&#8217;immobilitzaci\u00f3 la reconegui. TRP Motorsport ofereix un servei especialitzat en la codificaci\u00f3 de claus per a diferents vehicles, garantint seguretat, rapidesa i confidencialitat en el proc\u00e9s.<\/p>\n<div id=\"urban-overlay\" style=\"left: -10px; top: -10px; width: 0px; height: 0px;\"><\/div>\n<\/div><\/div><\/div><\/div><\/div>\n","protected":false},"excerpt":{"rendered":"","protected":false},"author":1,"featured_media":0,"parent":0,"menu_order":0,"comment_status":"closed","ping_status":"closed","template":"100-width.php","meta":{"footnotes":""},"class_list":["post-625","page","type-page","status-publish","hentry"],"_links":{"self":[{"href":"https:\/\/tallertrp.com\/ca\/wp-json\/wp\/v2\/pages\/625","targetHints":{"allow":["GET"]}}],"collection":[{"href":"https:\/\/tallertrp.com\/ca\/wp-json\/wp\/v2\/pages"}],"about":[{"href":"https:\/\/tallertrp.com\/ca\/wp-json\/wp\/v2\/types\/page"}],"author":[{"embeddable":true,"href":"https:\/\/tallertrp.com\/ca\/wp-json\/wp\/v2\/users\/1"}],"replies":[{"embeddable":true,"href":"https:\/\/tallertrp.com\/ca\/wp-json\/wp\/v2\/comments?post=625"}],"version-history":[{"count":2,"href":"https:\/\/tallertrp.com\/ca\/wp-json\/wp\/v2\/pages\/625\/revisions"}],"predecessor-version":[{"id":628,"href":"https:\/\/tallertrp.com\/ca\/wp-json\/wp\/v2\/pages\/625\/revisions\/628"}],"wp:attachment":[{"href":"https:\/\/tallertrp.com\/ca\/wp-json\/wp\/v2\/media?parent=625"}],"curies":[{"name":"wp","href":"https:\/\/api.w.org\/{rel}","templated":true}]}}