{"id":626,"date":"2025-02-12T17:02:13","date_gmt":"2025-02-12T17:02:13","guid":{"rendered":"https:\/\/tallertrp.com\/correccio-de-quilometratge\/"},"modified":"2025-04-09T14:01:25","modified_gmt":"2025-04-09T14:01:25","slug":"correccio-de-quilometratge","status":"publish","type":"page","link":"https:\/\/tallertrp.com\/ca\/correccio-de-quilometratge\/","title":{"rendered":"Correcci\u00f3 de Quilometratge"},"content":{"rendered":"<div class=\"fusion-fullwidth fullwidth-box fusion-builder-row-1 fusion-flex-container has-pattern-background has-mask-background nonhundred-percent-fullwidth non-hundred-percent-height-scrolling\" style=\"--awb-border-radius-top-left:0px;--awb-border-radius-top-right:0px;--awb-border-radius-bottom-right:0px;--awb-border-radius-bottom-left:0px;--awb-flex-wrap:wrap;\" ><div class=\"fusion-builder-row fusion-row fusion-flex-align-items-flex-start fusion-flex-content-wrap\" style=\"max-width:1248px;margin-left: calc(-4% \/ 2 );margin-right: calc(-4% \/ 2 );\"><div class=\"fusion-layout-column fusion_builder_column fusion-builder-column-0 fusion_builder_column_1_1 1_1 fusion-flex-column\" style=\"--awb-bg-size:cover;--awb-width-large:100%;--awb-margin-top-large:0px;--awb-spacing-right-large:1.92%;--awb-margin-bottom-large:20px;--awb-spacing-left-large:1.92%;--awb-width-medium:100%;--awb-order-medium:0;--awb-spacing-right-medium:1.92%;--awb-spacing-left-medium:1.92%;--awb-width-small:100%;--awb-order-small:0;--awb-spacing-right-small:1.92%;--awb-spacing-left-small:1.92%;\"><div class=\"fusion-column-wrapper fusion-column-has-shadow fusion-flex-justify-content-flex-start fusion-content-layout-column\"><div class=\"fusion-text fusion-text-1\"><h1>Correcci\u00f3 de Quilometratge<\/h1>\n<div id=\"urban-overlay\" style=\"left: -10px; top: -10px; width: 0px; height: 0px;\"><\/div>\n<div id=\"urban-overlay\" style=\"left: -10px; top: -10px; width: 0px; height: 0px;\"><\/div>\n<\/div><div class=\"fusion-text fusion-text-2\"><p>Ajustament del quilometratge en quadres d&#8217;ocasi\u00f3<\/p>\n<div id=\"urban-overlay\" style=\"left: -10px; top: -10px; width: 0px; height: 0px;\"><\/div>\n<div id=\"urban-overlay\" style=\"left: -10px; top: -10px; width: 0px; height: 0px;\"><\/div>\n<\/div><div class=\"fusion-image-element \" style=\"--awb-caption-title-font-family:var(--h2_typography-font-family);--awb-caption-title-font-weight:var(--h2_typography-font-weight);--awb-caption-title-font-style:var(--h2_typography-font-style);--awb-caption-title-size:var(--h2_typography-font-size);--awb-caption-title-transform:var(--h2_typography-text-transform);--awb-caption-title-line-height:var(--h2_typography-line-height);--awb-caption-title-letter-spacing:var(--h2_typography-letter-spacing);\"><span class=\" fusion-imageframe imageframe-none imageframe-1 hover-type-none\"><img decoding=\"async\" width=\"951\" height=\"212\" title=\"imagen_2025-02-12_180148529\" src=\"https:\/\/tallertrp.com\/wp-content\/uploads\/2025\/02\/imagen_2025-02-12_180148529.png\" alt class=\"img-responsive wp-image-512\" srcset=\"https:\/\/tallertrp.com\/wp-content\/uploads\/2025\/02\/imagen_2025-02-12_180148529-200x45.png 200w, https:\/\/tallertrp.com\/wp-content\/uploads\/2025\/02\/imagen_2025-02-12_180148529-400x89.png 400w, https:\/\/tallertrp.com\/wp-content\/uploads\/2025\/02\/imagen_2025-02-12_180148529-600x134.png 600w, https:\/\/tallertrp.com\/wp-content\/uploads\/2025\/02\/imagen_2025-02-12_180148529-800x178.png 800w, https:\/\/tallertrp.com\/wp-content\/uploads\/2025\/02\/imagen_2025-02-12_180148529.png 951w\" sizes=\"(max-width: 640px) 100vw, 951px\" \/><\/span><\/div><div class=\"fusion-text fusion-text-3\"><p data-start=\"0\" data-end=\"271\">Les claus codificades, introdu\u00efdes als anys 90, van millorar la seguretat vehicular en incorporar un transponedor amb un codi \u00fanic. Aquest codi ha de coincidir amb el sistema d&#8217;immobilitzaci\u00f3 del vehicle perqu\u00e8 pugueu arrencar. La c\u00f2pia o la reprogramaci\u00f3 d&#8217;aquestes claus requereix equips especialitzats. TRP Motorsport ofereix un servei segur i r\u00e0pid per a la codificaci\u00f3 de claus.   <\/p>\n<\/div><div class=\"accordian fusion-accordian\" style=\"--awb-border-size:1px;--awb-icon-size:16px;--awb-content-font-size:var(--awb-typography4-font-size);--awb-icon-alignment:left;--awb-hover-color:var(--awb-color2);--awb-border-color:var(--awb-color3);--awb-background-color:var(--awb-color1);--awb-divider-color:var(--awb-color3);--awb-divider-hover-color:var(--awb-color3);--awb-icon-color:var(--awb-color1);--awb-title-color:var(--awb-color8);--awb-content-color:var(--awb-color8);--awb-icon-box-color:var(--awb-color8);--awb-toggle-hover-accent-color:var(--awb-color5);--awb-title-font-family:var(--awb-typography1-font-family);--awb-title-font-weight:var(--awb-typography1-font-weight);--awb-title-font-style:var(--awb-typography1-font-style);--awb-title-font-size:16px;--awb-content-font-family:var(--awb-typography4-font-family);--awb-content-font-weight:var(--awb-typography4-font-weight);--awb-content-font-style:var(--awb-typography4-font-style);\"><div class=\"panel-group fusion-toggle-icon-boxed\" id=\"accordion-626-1\"><div class=\"fusion-panel panel-default panel-46c0736f7e1b730a4 fusion-toggle-has-divider\" style=\"--awb-title-color:var(--awb-color8);\"><div class=\"panel-heading\"><h4 class=\"panel-title toggle\" id=\"toggle_46c0736f7e1b730a4\"><a aria-expanded=\"false\" aria-controls=\"46c0736f7e1b730a4\" role=\"button\" data-toggle=\"collapse\" data-parent=\"#accordion-626-1\" data-target=\"#46c0736f7e1b730a4\" href=\"#46c0736f7e1b730a4\"><span class=\"fusion-toggle-icon-wrapper\" aria-hidden=\"true\"><i class=\"fa-fusion-box active-icon awb-icon-minus\" aria-hidden=\"true\"><\/i><i class=\"fa-fusion-box inactive-icon awb-icon-plus\" aria-hidden=\"true\"><\/i><\/span><span class=\"fusion-toggle-heading\">Per qu\u00e8 les claus codificades milloren la seguretat?<\/span><\/a><\/h4><\/div><div id=\"46c0736f7e1b730a4\" class=\"panel-collapse collapse \" aria-labelledby=\"toggle_46c0736f7e1b730a4\"><div class=\"panel-body toggle-content fusion-clearfix\">\n<p>Perqu\u00e8 inclouen un codi \u00fanic que impedeix l&#8217;arrencada del vehicle sense una clau programada correctament.<\/p>\n<div id=\"urban-overlay\" style=\"left: -10px; top: -10px; width: 0px; height: 0px;\"><\/div>\n<\/div><\/div><\/div><div class=\"fusion-panel panel-default panel-0bc0e7a1262f2037b fusion-toggle-has-divider\" style=\"--awb-title-color:var(--awb-color8);\"><div class=\"panel-heading\"><h4 class=\"panel-title toggle\" id=\"toggle_0bc0e7a1262f2037b\"><a aria-expanded=\"false\" aria-controls=\"0bc0e7a1262f2037b\" role=\"button\" data-toggle=\"collapse\" data-parent=\"#accordion-626-1\" data-target=\"#0bc0e7a1262f2037b\" href=\"#0bc0e7a1262f2037b\"><span class=\"fusion-toggle-icon-wrapper\" aria-hidden=\"true\"><i class=\"fa-fusion-box active-icon awb-icon-minus\" aria-hidden=\"true\"><\/i><i class=\"fa-fusion-box inactive-icon awb-icon-plus\" aria-hidden=\"true\"><\/i><\/span><span class=\"fusion-toggle-heading\">Qu\u00e8 passa si el transponedor deixa de funcionar?<\/span><\/a><\/h4><\/div><div id=\"0bc0e7a1262f2037b\" class=\"panel-collapse collapse \" aria-labelledby=\"toggle_0bc0e7a1262f2037b\"><div class=\"panel-body toggle-content fusion-clearfix\">\n<p>El vehicle no podr\u00e0 arrencar fins que la clau sigui reprogramada.<\/p>\n<div id=\"urban-overlay\" style=\"left: -10px; top: -10px; width: 0px; height: 0px;\"><\/div>\n<\/div><\/div><\/div><div class=\"fusion-panel panel-default panel-f4f5be513ebab7c46 fusion-toggle-has-divider\" style=\"--awb-title-color:var(--awb-color8);\"><div class=\"panel-heading\"><h4 class=\"panel-title toggle\" id=\"toggle_f4f5be513ebab7c46\"><a aria-expanded=\"false\" aria-controls=\"f4f5be513ebab7c46\" role=\"button\" data-toggle=\"collapse\" data-parent=\"#accordion-626-1\" data-target=\"#f4f5be513ebab7c46\" href=\"#f4f5be513ebab7c46\"><span class=\"fusion-toggle-icon-wrapper\" aria-hidden=\"true\"><i class=\"fa-fusion-box active-icon awb-icon-minus\" aria-hidden=\"true\"><\/i><i class=\"fa-fusion-box inactive-icon awb-icon-plus\" aria-hidden=\"true\"><\/i><\/span><span class=\"fusion-toggle-heading\">Se&#039;n pot fer una c\u00f2pia f\u00e0cilment?<\/span><\/a><\/h4><\/div><div id=\"f4f5be513ebab7c46\" class=\"panel-collapse collapse \" aria-labelledby=\"toggle_f4f5be513ebab7c46\"><div class=\"panel-body toggle-content fusion-clearfix\">\n<p>No, cal un professional amb equips especialitzats per a la codificaci\u00f3.<\/p>\n<div id=\"urban-overlay\" style=\"left: -10px; top: -10px; width: 0px; height: 0px;\"><\/div>\n<\/div><\/div><\/div><div class=\"fusion-panel panel-default panel-f219363990c63a736 fusion-toggle-has-divider\" style=\"--awb-title-color:var(--awb-color8);\"><div class=\"panel-heading\"><h4 class=\"panel-title toggle\" id=\"toggle_f219363990c63a736\"><a aria-expanded=\"false\" aria-controls=\"f219363990c63a736\" role=\"button\" data-toggle=\"collapse\" data-parent=\"#accordion-626-1\" data-target=\"#f219363990c63a736\" href=\"#f219363990c63a736\"><span class=\"fusion-toggle-icon-wrapper\" aria-hidden=\"true\"><i class=\"fa-fusion-box active-icon awb-icon-minus\" aria-hidden=\"true\"><\/i><i class=\"fa-fusion-box inactive-icon awb-icon-plus\" aria-hidden=\"true\"><\/i><\/span><span class=\"fusion-toggle-heading\">TRP Motorsport garanteix la seguretat del proc\u00e9s?<\/span><\/a><\/h4><\/div><div id=\"f219363990c63a736\" class=\"panel-collapse collapse \" aria-labelledby=\"toggle_f219363990c63a736\"><div class=\"panel-body toggle-content fusion-clearfix\">\n<p>S\u00ed, utilitzen tecnologia avan\u00e7ada i eliminen els registres despr\u00e9s de la codificaci\u00f3 per garantir confidencialitat.<\/p>\n<div id=\"urban-overlay\" style=\"left: -10px; top: -10px; width: 0px; height: 0px;\"><\/div>\n<\/div><\/div><\/div><\/div><\/div><\/div><\/div><\/div><\/div>\n","protected":false},"excerpt":{"rendered":"","protected":false},"author":1,"featured_media":0,"parent":0,"menu_order":0,"comment_status":"closed","ping_status":"closed","template":"100-width.php","meta":{"footnotes":""},"class_list":["post-626","page","type-page","status-publish","hentry"],"_links":{"self":[{"href":"https:\/\/tallertrp.com\/ca\/wp-json\/wp\/v2\/pages\/626","targetHints":{"allow":["GET"]}}],"collection":[{"href":"https:\/\/tallertrp.com\/ca\/wp-json\/wp\/v2\/pages"}],"about":[{"href":"https:\/\/tallertrp.com\/ca\/wp-json\/wp\/v2\/types\/page"}],"author":[{"embeddable":true,"href":"https:\/\/tallertrp.com\/ca\/wp-json\/wp\/v2\/users\/1"}],"replies":[{"embeddable":true,"href":"https:\/\/tallertrp.com\/ca\/wp-json\/wp\/v2\/comments?post=626"}],"version-history":[{"count":2,"href":"https:\/\/tallertrp.com\/ca\/wp-json\/wp\/v2\/pages\/626\/revisions"}],"predecessor-version":[{"id":631,"href":"https:\/\/tallertrp.com\/ca\/wp-json\/wp\/v2\/pages\/626\/revisions\/631"}],"wp:attachment":[{"href":"https:\/\/tallertrp.com\/ca\/wp-json\/wp\/v2\/media?parent=626"}],"curies":[{"name":"wp","href":"https:\/\/api.w.org\/{rel}","templated":true}]}}