{"id":697,"date":"2025-02-13T11:38:08","date_gmt":"2025-02-13T11:38:08","guid":{"rendered":"https:\/\/tallertrp.com\/reprogramacio-de-la-unitat-de-control-electronic\/"},"modified":"2025-04-09T14:02:02","modified_gmt":"2025-04-09T14:02:02","slug":"reprogramacio-de-la-unitat-de-control-electronic","status":"publish","type":"page","link":"https:\/\/tallertrp.com\/ca\/reprogramacio-de-la-unitat-de-control-electronic\/","title":{"rendered":"Reprogramaci\u00f3 de la Unitat de Control Electr\u00f2nic"},"content":{"rendered":"<div class=\"fusion-fullwidth fullwidth-box fusion-builder-row-1 fusion-flex-container has-pattern-background has-mask-background nonhundred-percent-fullwidth non-hundred-percent-height-scrolling\" style=\"--awb-border-radius-top-left:0px;--awb-border-radius-top-right:0px;--awb-border-radius-bottom-right:0px;--awb-border-radius-bottom-left:0px;--awb-flex-wrap:wrap;\" ><div class=\"fusion-builder-row fusion-row fusion-flex-align-items-flex-start fusion-flex-content-wrap\" style=\"max-width:1248px;margin-left: calc(-4% \/ 2 );margin-right: calc(-4% \/ 2 );\"><div class=\"fusion-layout-column fusion_builder_column fusion-builder-column-0 fusion_builder_column_1_1 1_1 fusion-flex-column\" style=\"--awb-bg-size:cover;--awb-width-large:100%;--awb-margin-top-large:0px;--awb-spacing-right-large:1.92%;--awb-margin-bottom-large:20px;--awb-spacing-left-large:1.92%;--awb-width-medium:100%;--awb-order-medium:0;--awb-spacing-right-medium:1.92%;--awb-spacing-left-medium:1.92%;--awb-width-small:100%;--awb-order-small:0;--awb-spacing-right-small:1.92%;--awb-spacing-left-small:1.92%;\"><div class=\"fusion-column-wrapper fusion-column-has-shadow fusion-flex-justify-content-flex-start fusion-content-layout-column\"><div class=\"fusion-text fusion-text-1\"><h1>Reprogramaci\u00f3 de la Unitat de Control Electr\u00f2nic<\/h1>\n<\/div><div class=\"fusion-image-element \" style=\"--awb-caption-title-font-family:var(--h2_typography-font-family);--awb-caption-title-font-weight:var(--h2_typography-font-weight);--awb-caption-title-font-style:var(--h2_typography-font-style);--awb-caption-title-size:var(--h2_typography-font-size);--awb-caption-title-transform:var(--h2_typography-text-transform);--awb-caption-title-line-height:var(--h2_typography-line-height);--awb-caption-title-letter-spacing:var(--h2_typography-letter-spacing);\"><span class=\" fusion-imageframe imageframe-none imageframe-1 hover-type-none\"><img decoding=\"async\" width=\"932\" height=\"203\" title=\"imagen_2025-02-13_123552445\" src=\"https:\/\/tallertrp.com\/wp-content\/uploads\/2025\/02\/imagen_2025-02-13_123552445.png\" alt class=\"img-responsive wp-image-553\" srcset=\"https:\/\/tallertrp.com\/wp-content\/uploads\/2025\/02\/imagen_2025-02-13_123552445-200x44.png 200w, https:\/\/tallertrp.com\/wp-content\/uploads\/2025\/02\/imagen_2025-02-13_123552445-400x87.png 400w, https:\/\/tallertrp.com\/wp-content\/uploads\/2025\/02\/imagen_2025-02-13_123552445-600x131.png 600w, https:\/\/tallertrp.com\/wp-content\/uploads\/2025\/02\/imagen_2025-02-13_123552445-800x174.png 800w, https:\/\/tallertrp.com\/wp-content\/uploads\/2025\/02\/imagen_2025-02-13_123552445.png 932w\" sizes=\"(max-width: 640px) 100vw, 932px\" \/><\/span><\/div><div class=\"fusion-text fusion-text-2\"><h3><strong>Qu\u00e8 \u00e9s l&#8217;ECU i perqu\u00e8 reprogramar-la?<\/strong><\/h3>\n<p>La <strong>Unitat de Control Electr\u00f2nic (ECU)<\/strong> \u00e9s el cervell del motor dun vehicle. Processa informaci\u00f3 de diversos sensors per ajustar par\u00e0metres com la injecci\u00f3 de combustible, la pressi\u00f3 del turbo i el control d&#8217;emissions.<\/p>\n<p>Els fabricants programen les ECU amb mapes est\u00e0ndard per adaptar-se a diferents condicions globals, cosa que impedeix que els motors assoleixin el seu m\u00e0xim rendiment.<\/p>\n<p>La <strong>reprogramaci\u00f3 de l&#8217;ECU<\/strong> permet optimitzar aquests par\u00e0metres segons les necessitats de l&#8217;usuari, millorant <strong>pot\u00e8ncia, parell motor, efici\u00e8ncia de consum i reducci\u00f3 d&#8217;emissions<\/strong> sense comprometre la seguretat del motor.<\/p>\n<\/div><div class=\"fusion-image-element \" style=\"--awb-caption-title-font-family:var(--h2_typography-font-family);--awb-caption-title-font-weight:var(--h2_typography-font-weight);--awb-caption-title-font-style:var(--h2_typography-font-style);--awb-caption-title-size:var(--h2_typography-font-size);--awb-caption-title-transform:var(--h2_typography-text-transform);--awb-caption-title-line-height:var(--h2_typography-line-height);--awb-caption-title-letter-spacing:var(--h2_typography-letter-spacing);\"><span class=\" fusion-imageframe imageframe-none imageframe-2 hover-type-none\"><img decoding=\"async\" width=\"1231\" height=\"299\" title=\"imagen_2025-02-13_123708412\" src=\"https:\/\/tallertrp.com\/wp-content\/uploads\/2025\/02\/imagen_2025-02-13_123708412.png\" alt class=\"img-responsive wp-image-554\" srcset=\"https:\/\/tallertrp.com\/wp-content\/uploads\/2025\/02\/imagen_2025-02-13_123708412-200x49.png 200w, https:\/\/tallertrp.com\/wp-content\/uploads\/2025\/02\/imagen_2025-02-13_123708412-400x97.png 400w, https:\/\/tallertrp.com\/wp-content\/uploads\/2025\/02\/imagen_2025-02-13_123708412-600x146.png 600w, https:\/\/tallertrp.com\/wp-content\/uploads\/2025\/02\/imagen_2025-02-13_123708412-800x194.png 800w, https:\/\/tallertrp.com\/wp-content\/uploads\/2025\/02\/imagen_2025-02-13_123708412-1200x291.png 1200w, https:\/\/tallertrp.com\/wp-content\/uploads\/2025\/02\/imagen_2025-02-13_123708412.png 1231w\" sizes=\"(max-width: 640px) 100vw, 1200px\" \/><\/span><\/div><div class=\"fusion-text fusion-text-3\"><h3><strong>Resum: Beneficis de la Reprogramaci\u00f3 de l&#8217;ECU<\/strong><\/h3>\n<p>La reprogramaci\u00f3 de la <strong>Unitat de Control Electr\u00f2nic (ECU)<\/strong> millora <strong>pot\u00e8ncia, parell motor i resposta de l&#8217;accelerador<\/strong> , aconseguint un lliurament de pot\u00e8ncia m\u00e9s lineal i una experi\u00e8ncia de conducci\u00f3 m\u00e9s fluida.<\/p>\n<p>Un dels principals beneficis \u00e9s la <strong>reducci\u00f3 del consum de combustible<\/strong> , ja que l&#8217;augment de parell motor en baixes i mitges revolucions permet mantenir velocitats amb menys esfor\u00e7 de l&#8217;accelerador. Aix\u00f2 \u00e9s especialment \u00fatil en autopistes, arracades o en remolcar c\u00e0rrega.<\/p>\n<h4><strong>Motors Turboalimentats (Gasolina i Di\u00e8sel)<\/strong><\/h4>\n<p>Els motors turboalimentats, cada cop m\u00e9s comuns en vehicles de diferents cilindrades, poden beneficiar-se notablement de la reprogramaci\u00f3, aconseguint:<\/p>\n<ul>\n<li>Major pot\u00e8ncia i parell motor.<\/li>\n<li>Millor resposta de laccelerador.<\/li>\n<li>Avan\u00e7aments m\u00e9s segurs.<\/li>\n<\/ul>\n<h4><strong>Motors Atmosf\u00e8rics<\/strong><\/h4>\n<p>Els motors de benzina atmosf\u00e8rics poden augmentar la pot\u00e8ncia en un <strong>10-15%<\/strong> , especialment si es combinen amb peces d&#8217;alt rendiment com filtres d&#8217;aire o col\u00b7lectors d&#8217;escapament.<\/p>\n<h4><strong>Reprogramacions ECO Performance<\/strong><\/h4>\n<p>Per als que busquen <strong>estalvi de combustible sense p\u00e8rdua de pot\u00e8ncia<\/strong> , la reprogramaci\u00f3 &#8220;ECO Performance&#8221; optimitza el parell motor en baixes revolucions, reduint l&#8217;esfor\u00e7 de l&#8217;accelerador i els canvis de marxa, permetent un estalvi de fins a <strong>20% en motors turbo di\u00e8sel<\/strong> .<\/p>\n<h4><strong>Proc\u00e9s de Reprogramaci\u00f3<\/strong><\/h4>\n<p>No s&#8217;hi afegeixen ni canvien components f\u00edsics. S&#8217;accedeix a l&#8217;ECU a trav\u00e9s de la <strong>presa OBD<\/strong> o directament al laboratori per a models m\u00e9s moderns. Es parametritzen les dades originals per optimitzar <strong>rendiment i efici\u00e8ncia<\/strong> , i el proc\u00e9s \u00e9s completament reversible, conservant la configuraci\u00f3 original del vehicle.<\/p>\n<\/div><\/div><\/div><\/div><\/div>\n","protected":false},"excerpt":{"rendered":"","protected":false},"author":1,"featured_media":0,"parent":0,"menu_order":0,"comment_status":"closed","ping_status":"closed","template":"100-width.php","meta":{"footnotes":""},"class_list":["post-697","page","type-page","status-publish","hentry"],"_links":{"self":[{"href":"https:\/\/tallertrp.com\/ca\/wp-json\/wp\/v2\/pages\/697","targetHints":{"allow":["GET"]}}],"collection":[{"href":"https:\/\/tallertrp.com\/ca\/wp-json\/wp\/v2\/pages"}],"about":[{"href":"https:\/\/tallertrp.com\/ca\/wp-json\/wp\/v2\/types\/page"}],"author":[{"embeddable":true,"href":"https:\/\/tallertrp.com\/ca\/wp-json\/wp\/v2\/users\/1"}],"replies":[{"embeddable":true,"href":"https:\/\/tallertrp.com\/ca\/wp-json\/wp\/v2\/comments?post=697"}],"version-history":[{"count":1,"href":"https:\/\/tallertrp.com\/ca\/wp-json\/wp\/v2\/pages\/697\/revisions"}],"predecessor-version":[{"id":702,"href":"https:\/\/tallertrp.com\/ca\/wp-json\/wp\/v2\/pages\/697\/revisions\/702"}],"wp:attachment":[{"href":"https:\/\/tallertrp.com\/ca\/wp-json\/wp\/v2\/media?parent=697"}],"curies":[{"name":"wp","href":"https:\/\/api.w.org\/{rel}","templated":true}]}}