{"id":699,"date":"2025-02-13T11:51:17","date_gmt":"2025-02-13T11:51:17","guid":{"rendered":"https:\/\/tallertrp.com\/solucio-scr-adblue\/"},"modified":"2025-04-09T14:02:02","modified_gmt":"2025-04-09T14:02:02","slug":"solucio-scr-adblue","status":"publish","type":"page","link":"https:\/\/tallertrp.com\/ca\/solucio-scr-adblue\/","title":{"rendered":"Soluci\u00f3 SCR AdBlue"},"content":{"rendered":"<div class=\"fusion-fullwidth fullwidth-box fusion-builder-row-1 fusion-flex-container has-pattern-background has-mask-background nonhundred-percent-fullwidth non-hundred-percent-height-scrolling\" style=\"--awb-border-radius-top-left:0px;--awb-border-radius-top-right:0px;--awb-border-radius-bottom-right:0px;--awb-border-radius-bottom-left:0px;--awb-flex-wrap:wrap;\" ><div class=\"fusion-builder-row fusion-row fusion-flex-align-items-flex-start fusion-flex-content-wrap\" style=\"max-width:1248px;margin-left: calc(-4% \/ 2 );margin-right: calc(-4% \/ 2 );\"><div class=\"fusion-layout-column fusion_builder_column fusion-builder-column-0 fusion_builder_column_1_1 1_1 fusion-flex-column\" style=\"--awb-bg-size:cover;--awb-width-large:100%;--awb-margin-top-large:0px;--awb-spacing-right-large:1.92%;--awb-margin-bottom-large:20px;--awb-spacing-left-large:1.92%;--awb-width-medium:100%;--awb-order-medium:0;--awb-spacing-right-medium:1.92%;--awb-spacing-left-medium:1.92%;--awb-width-small:100%;--awb-order-small:0;--awb-spacing-right-small:1.92%;--awb-spacing-left-small:1.92%;\"><div class=\"fusion-column-wrapper fusion-column-has-shadow fusion-flex-justify-content-flex-start fusion-content-layout-column\"><div class=\"fusion-text fusion-text-1\"><h1>Soluci\u00f3 SCR AdBlue<\/h1>\n<\/div><div class=\"fusion-text fusion-text-2\"><h4>Eliminaci\u00f3 avaries dels sistemes AdBlue<\/h4>\n<\/div><div class=\"fusion-image-element \" style=\"--awb-caption-title-font-family:var(--h2_typography-font-family);--awb-caption-title-font-weight:var(--h2_typography-font-weight);--awb-caption-title-font-style:var(--h2_typography-font-style);--awb-caption-title-size:var(--h2_typography-font-size);--awb-caption-title-transform:var(--h2_typography-text-transform);--awb-caption-title-line-height:var(--h2_typography-line-height);--awb-caption-title-letter-spacing:var(--h2_typography-letter-spacing);\"><span class=\" fusion-imageframe imageframe-none imageframe-1 hover-type-none\"><img decoding=\"async\" width=\"938\" height=\"207\" title=\"imagen_2025-02-13_124926987\" src=\"https:\/\/tallertrp.com\/wp-content\/uploads\/2025\/02\/imagen_2025-02-13_124926987.png\" alt class=\"img-responsive wp-image-558\" srcset=\"https:\/\/tallertrp.com\/wp-content\/uploads\/2025\/02\/imagen_2025-02-13_124926987-200x44.png 200w, https:\/\/tallertrp.com\/wp-content\/uploads\/2025\/02\/imagen_2025-02-13_124926987-400x88.png 400w, https:\/\/tallertrp.com\/wp-content\/uploads\/2025\/02\/imagen_2025-02-13_124926987-600x132.png 600w, https:\/\/tallertrp.com\/wp-content\/uploads\/2025\/02\/imagen_2025-02-13_124926987-800x177.png 800w, https:\/\/tallertrp.com\/wp-content\/uploads\/2025\/02\/imagen_2025-02-13_124926987.png 938w\" sizes=\"(max-width: 640px) 100vw, 938px\" \/><\/span><\/div><div class=\"fusion-text fusion-text-3\"><p>El <strong>Sistema de Reducci\u00f3 Catal\u00edtica Selectiva (SCR)<\/strong> s&#8217;utilitza per reduir les emissions d&#8217;\u00f2xids de nitrogen ( <strong>NOx<\/strong> ) en vehicles, especialment en di\u00e8sel. Aquest sistema consta de diversos components: un <strong>dip\u00f2sit d&#8217;AdBlue<\/strong> , un <strong>catalitzador SCR<\/strong> , <strong>injectors<\/strong> , un <strong>control de dosificaci\u00f3 de producte<\/strong> i la <strong>dissoluci\u00f3 d&#8217;urea al 32,5%<\/strong> (comercialment coneguda com <strong>AdBlue<\/strong> a Europa). <\/p>\n<p>L&#8217; <strong>AdBlue<\/strong> \u00e9s un additiu que no es barreja amb el combustible, sin\u00f3 que s&#8217;injecta als <strong>gasos d&#8217;escapament<\/strong> mitjan\u00e7ant un sistema de polvoritzaci\u00f3. Aquest additiu s&#8217;introdueix al tub d&#8217;escapament prop del col\u00b7lector, on les altes temperatures descomponen la urea en <strong>amon\u00edac<\/strong> i <strong>CO2<\/strong> . Quan el <strong>NOx<\/strong> entra en contacte amb l&#8217;amon\u00edac dins el catalitzador, les mol\u00e8cules contaminants de <strong>NOx<\/strong> es transformen en <strong>vapor d&#8217;aigua<\/strong> i <strong>nitrogen<\/strong> , que s\u00f3n subst\u00e0ncies naturals i no contaminants.<\/p>\n<\/div><div class=\"fusion-image-element \" style=\"--awb-caption-title-font-family:var(--h2_typography-font-family);--awb-caption-title-font-weight:var(--h2_typography-font-weight);--awb-caption-title-font-style:var(--h2_typography-font-style);--awb-caption-title-size:var(--h2_typography-font-size);--awb-caption-title-transform:var(--h2_typography-text-transform);--awb-caption-title-line-height:var(--h2_typography-line-height);--awb-caption-title-letter-spacing:var(--h2_typography-letter-spacing);\"><span class=\" fusion-imageframe imageframe-none imageframe-2 hover-type-none\"><img decoding=\"async\" width=\"990\" height=\"260\" title=\"imagen_2025-02-13_125008738\" src=\"https:\/\/tallertrp.com\/wp-content\/uploads\/2025\/02\/imagen_2025-02-13_125008738.png\" alt class=\"img-responsive wp-image-559\" srcset=\"https:\/\/tallertrp.com\/wp-content\/uploads\/2025\/02\/imagen_2025-02-13_125008738-200x53.png 200w, https:\/\/tallertrp.com\/wp-content\/uploads\/2025\/02\/imagen_2025-02-13_125008738-400x105.png 400w, https:\/\/tallertrp.com\/wp-content\/uploads\/2025\/02\/imagen_2025-02-13_125008738-600x158.png 600w, https:\/\/tallertrp.com\/wp-content\/uploads\/2025\/02\/imagen_2025-02-13_125008738-800x210.png 800w, https:\/\/tallertrp.com\/wp-content\/uploads\/2025\/02\/imagen_2025-02-13_125008738.png 990w\" sizes=\"(max-width: 640px) 100vw, 990px\" \/><\/span><\/div><div class=\"fusion-text fusion-text-4\"><p data-start=\"0\" data-end=\"263\">El <strong data-start=\"3\" data-end=\"18\">sistema SCR<\/strong> \u00e9s delicat i propens a avaries costoses a causa de la dificultat de diagn\u00f2stic i els alts costos dels seus components. Les solucions SCR AdBlue de <strong data-start=\"167\" data-end=\"187\">(Aqui nom empresa)<\/strong> estan dissenyades per solucionar aquests problemes i prevenir futures avaries. <\/p>\n<p data-start=\"265\" data-end=\"337\"><strong data-start=\"265\" data-end=\"337\">Quan poden ajudar les solucions SCR AdBlue de (Aqui nom empresa)?<\/strong><\/p>\n<ul data-start=\"338\" data-end=\"497\">\n<li data-start=\"338\" data-end=\"393\">Vehicles a zones on no es pot proveir AdBlue.<\/li>\n<li data-start=\"394\" data-end=\"422\">Situacions demerg\u00e8ncia.<\/li>\n<li data-start=\"423\" data-end=\"497\">Vehicles destinats a mercats on no s&#8217;apliquen les normes <strong data-start=\"488\" data-end=\"496\">EURO<\/strong> .<\/li>\n<\/ul>\n<p data-start=\"499\" data-end=\"987\">La <strong data-start=\"502\" data-end=\"525\">soluci\u00f3 SCR AdBlue<\/strong> permet desconnectar el sistema a pa\u00efsos sense possibilitat de proveir AdBlue, evitant l&#8217;esgotament del producte i la p\u00e8rdua de pot\u00e8ncia del vehicle. Tamb\u00e9 \u00e9s \u00fatil en situacions d&#8217;emerg\u00e8ncia i permet continuar el viatge sense perdre pot\u00e8ncia fins a trobar un dispensador d&#8217;AdBlue. A m\u00e9s a m\u00e9s, es pot desactivar el sistema permanentment en vehicles destinats a mercats fora de la UE (com \u00c0frica o \u00c0sia), on no hi ha infraestructures per a AdBlue.  <\/p>\n<p data-start=\"989\" data-end=\"1196\">Aquesta soluci\u00f3 es pot aplicar a vehicles industrials, maquin\u00e0ria agr\u00edcola i turismes, sent compatible amb marques com <strong data-start=\"1112\" data-end=\"1182\">Volvo, Scania, Renault, John Deere, Massey Ferguson, VAG, Mercedes<\/strong> , entre d&#8217;altres.<\/p>\n<p data-start=\"1198\" data-end=\"1443\" data-is-last-node=\"\">\u00c9s important tenir en compte que la desactivaci\u00f3 del sistema <strong data-start=\"1261\" data-end=\"1275\">SCR AdBlue<\/strong> no \u00e9s legal en alguns pa\u00efsos, especialment a la UE, ja que no compliria les normes d&#8217;emissions Euro. L&#8217;eliminaci\u00f3 del sistema \u00e9s responsabilitat del client. <\/p>\n<\/div><\/div><\/div><\/div><\/div>\n","protected":false},"excerpt":{"rendered":"","protected":false},"author":1,"featured_media":0,"parent":0,"menu_order":0,"comment_status":"closed","ping_status":"closed","template":"100-width.php","meta":{"footnotes":""},"class_list":["post-699","page","type-page","status-publish","hentry"],"_links":{"self":[{"href":"https:\/\/tallertrp.com\/ca\/wp-json\/wp\/v2\/pages\/699","targetHints":{"allow":["GET"]}}],"collection":[{"href":"https:\/\/tallertrp.com\/ca\/wp-json\/wp\/v2\/pages"}],"about":[{"href":"https:\/\/tallertrp.com\/ca\/wp-json\/wp\/v2\/types\/page"}],"author":[{"embeddable":true,"href":"https:\/\/tallertrp.com\/ca\/wp-json\/wp\/v2\/users\/1"}],"replies":[{"embeddable":true,"href":"https:\/\/tallertrp.com\/ca\/wp-json\/wp\/v2\/comments?post=699"}],"version-history":[{"count":1,"href":"https:\/\/tallertrp.com\/ca\/wp-json\/wp\/v2\/pages\/699\/revisions"}],"predecessor-version":[{"id":704,"href":"https:\/\/tallertrp.com\/ca\/wp-json\/wp\/v2\/pages\/699\/revisions\/704"}],"wp:attachment":[{"href":"https:\/\/tallertrp.com\/ca\/wp-json\/wp\/v2\/media?parent=699"}],"curies":[{"name":"wp","href":"https:\/\/api.w.org\/{rel}","templated":true}]}}