{"id":709,"date":"2025-02-13T11:28:06","date_gmt":"2025-02-13T11:28:06","guid":{"rendered":"https:\/\/tallertrp.com\/faq-reprogramacio-de-centraletes\/"},"modified":"2025-04-09T14:02:02","modified_gmt":"2025-04-09T14:02:02","slug":"faq-reprogramacio-de-centraletes","status":"publish","type":"page","link":"https:\/\/tallertrp.com\/ca\/faq-reprogramacio-de-centraletes\/","title":{"rendered":"FAQ &#8211; Reprogramaci\u00f3 de centraletes"},"content":{"rendered":"<div class=\"fusion-fullwidth fullwidth-box fusion-builder-row-1 fusion-flex-container has-pattern-background has-mask-background nonhundred-percent-fullwidth non-hundred-percent-height-scrolling\" style=\"--awb-border-radius-top-left:0px;--awb-border-radius-top-right:0px;--awb-border-radius-bottom-right:0px;--awb-border-radius-bottom-left:0px;--awb-flex-wrap:wrap;\" ><div class=\"fusion-builder-row fusion-row fusion-flex-align-items-flex-start fusion-flex-content-wrap\" style=\"max-width:1248px;margin-left: calc(-4% \/ 2 );margin-right: calc(-4% \/ 2 );\"><div class=\"fusion-layout-column fusion_builder_column fusion-builder-column-0 fusion_builder_column_1_1 1_1 fusion-flex-column\" style=\"--awb-bg-size:cover;--awb-width-large:100%;--awb-margin-top-large:0px;--awb-spacing-right-large:1.92%;--awb-margin-bottom-large:20px;--awb-spacing-left-large:1.92%;--awb-width-medium:100%;--awb-order-medium:0;--awb-spacing-right-medium:1.92%;--awb-spacing-left-medium:1.92%;--awb-width-small:100%;--awb-order-small:0;--awb-spacing-right-small:1.92%;--awb-spacing-left-small:1.92%;\"><div class=\"fusion-column-wrapper fusion-column-has-shadow fusion-flex-justify-content-flex-start fusion-content-layout-column\"><div class=\"fusion-text fusion-text-1\"><h1>FAQ &#8211; Reprogramaci\u00f3 de centraletes<\/h1>\n<\/div><div class=\"fusion-text fusion-text-2\"><h3>Dubtes freq\u00fcents<\/h3>\n<\/div><div class=\"fusion-builder-row fusion-builder-row-inner fusion-row fusion-flex-align-items-flex-start fusion-flex-content-wrap\" style=\"width:104% !important;max-width:104% !important;margin-left: calc(-4% \/ 2 );margin-right: calc(-4% \/ 2 );\"><div class=\"fusion-layout-column fusion_builder_column_inner fusion-builder-nested-column-0 fusion_builder_column_inner_1_4 1_4 fusion-flex-column\" style=\"--awb-bg-size:cover;--awb-width-large:25%;--awb-margin-top-large:0px;--awb-spacing-right-large:7.68%;--awb-margin-bottom-large:20px;--awb-spacing-left-large:7.68%;--awb-width-medium:25%;--awb-order-medium:0;--awb-spacing-right-medium:7.68%;--awb-spacing-left-medium:7.68%;--awb-width-small:100%;--awb-order-small:0;--awb-spacing-right-small:1.92%;--awb-spacing-left-small:1.92%;\"><div class=\"fusion-column-wrapper fusion-column-has-shadow fusion-flex-justify-content-flex-start fusion-content-layout-column\"><div class=\"fusion-image-element \" style=\"--awb-caption-title-font-family:var(--h2_typography-font-family);--awb-caption-title-font-weight:var(--h2_typography-font-weight);--awb-caption-title-font-style:var(--h2_typography-font-style);--awb-caption-title-size:var(--h2_typography-font-size);--awb-caption-title-transform:var(--h2_typography-text-transform);--awb-caption-title-line-height:var(--h2_typography-line-height);--awb-caption-title-letter-spacing:var(--h2_typography-letter-spacing);\"><span class=\" fusion-imageframe imageframe-none imageframe-1 hover-type-none\"><img decoding=\"async\" width=\"2000\" height=\"2000\" title=\"imagen_2025-02-13_115945047\" src=\"https:\/\/tallertrp.com\/wp-content\/uploads\/2025\/02\/imagen_2025-02-13_115945047.png\" alt class=\"img-responsive wp-image-540\" srcset=\"https:\/\/tallertrp.com\/wp-content\/uploads\/2025\/02\/imagen_2025-02-13_115945047-200x200.png 200w, https:\/\/tallertrp.com\/wp-content\/uploads\/2025\/02\/imagen_2025-02-13_115945047-400x400.png 400w, https:\/\/tallertrp.com\/wp-content\/uploads\/2025\/02\/imagen_2025-02-13_115945047-600x600.png 600w, https:\/\/tallertrp.com\/wp-content\/uploads\/2025\/02\/imagen_2025-02-13_115945047-800x800.png 800w, https:\/\/tallertrp.com\/wp-content\/uploads\/2025\/02\/imagen_2025-02-13_115945047-1200x1200.png 1200w, https:\/\/tallertrp.com\/wp-content\/uploads\/2025\/02\/imagen_2025-02-13_115945047.png 2000w\" sizes=\"(max-width: 640px) 100vw, 400px\" \/><\/span><\/div><\/div><\/div><div class=\"fusion-layout-column fusion_builder_column_inner fusion-builder-nested-column-1 fusion_builder_column_inner_3_4 3_4 fusion-flex-column\" style=\"--awb-bg-size:cover;--awb-width-large:75%;--awb-margin-top-large:0px;--awb-spacing-right-large:2.56%;--awb-margin-bottom-large:20px;--awb-spacing-left-large:2.56%;--awb-width-medium:75%;--awb-order-medium:0;--awb-spacing-right-medium:2.56%;--awb-spacing-left-medium:2.56%;--awb-width-small:100%;--awb-order-small:0;--awb-spacing-right-small:1.92%;--awb-spacing-left-small:1.92%;\"><div class=\"fusion-column-wrapper fusion-column-has-shadow fusion-flex-justify-content-flex-start fusion-content-layout-column\"><div class=\"fusion-text fusion-text-3\"><p style=\"font-weight: 400;\">En aquesta secci\u00f3 tractarem i mostrarem els dubtes m\u00e9s freq\u00fcents que ens transmeten els nostres clients. Tot i aix\u00f2, no dubtis en posar-te en contacte amb nosaltres per a qualsevol pregunta. <\/p>\n<p style=\"font-weight: 400;\"><strong> <\/strong><strong><em><u>PERDEM LA GARANTIA DEL FABRICANT<\/u> ?<\/em><\/strong><\/p>\n<p style=\"font-weight: 400;\">Tota modificaci\u00f3 del vehicle pot portar a la p\u00e8rdua de garantia del fabricant, encara que \u00e9s molt estrany que es detecti en una revisi\u00f3.<\/p>\n<p style=\"font-weight: 400;\">  <strong><em><u>ES DETECTA<\/u><\/em><\/strong> <strong><em><u>LA MODIFICACI\u00d3 EN UNA REVISI\u00d3?<\/u><\/em><\/strong><\/p>\n<\/div><\/div><\/div><\/div><div class=\"fusion-text fusion-text-4\"><p data-start=\"71\" data-end=\"344\">Els concessionaris no poden detectar la reprogramaci\u00f3, ja que es treballa sobre el programari original, respectant totes les refer\u00e8ncies i els codis d&#8217;homologaci\u00f3. No cal restaurar la configuraci\u00f3 abans de revisions oficials. <\/p>\n<p data-start=\"346\" data-end=\"572\"><strong data-start=\"346\" data-end=\"368\">Desgast del motor<\/strong><br data-start=\"368\" data-end=\"371\"> L&#8217;augment del desgast \u00e9s imperceptible si es mant\u00e9 el mateix estil de conducci\u00f3. En alguns casos, el motor pot durar m\u00e9s, ja que funciona a menys revolucions i es redueix l&#8217;\u00fas de l&#8217;embragatge. <\/p>\n<p data-start=\"574\" data-end=\"681\"><strong data-start=\"574\" data-end=\"596\">Temps del proc\u00e9s<\/strong><br data-start=\"596\" data-end=\"599\"> L&#8217;optimitzaci\u00f3 es fa en poques hores, excepte en desenvolupaments m\u00e9s complexos.<\/p>\n<p data-start=\"683\" data-end=\"904\"><strong data-start=\"683\" data-end=\"751\">Per qu\u00e8 els fabricants no venen els vehicles ja optimitzats?<\/strong><br data-start=\"751\" data-end=\"754\">Les marques utilitzen centraletes d&#8217;empreses externes (Bosch, Siemens, Delphi, etc.) i han d&#8217;adaptar la gesti\u00f3 del motor a diferents factors, com ara:<\/p>\n<ul data-start=\"905\" data-end=\"1166\">\n<li data-start=\"905\" data-end=\"965\">Difer\u00e8ncies a la qualitat del combustible segons el pa\u00eds.<\/li>\n<li data-start=\"966\" data-end=\"1014\">Prioritzaci\u00f3 d&#8217;emissions sobre el rendiment.<\/li>\n<li data-start=\"1015\" data-end=\"1066\">Poc temps per a proves i fabricaci\u00f3 en massa.<\/li>\n<li data-start=\"1067\" data-end=\"1166\">Normatives, impostos i estrat\u00e8gies comercials (versions amb diferents nivells de pot\u00e8ncia).<\/li>\n<\/ul>\n<p data-start=\"1168\" data-end=\"1307\"><strong data-start=\"1168\" data-end=\"1207\">\u00c9s irreversible la reprogramaci\u00f3?<\/strong><br data-start=\"1207\" data-end=\"1210\">No. Sempre es desa una c\u00f2pia del programari original i es pot restaurar en qualsevol moment. <\/p>\n<p data-start=\"1309\" data-end=\"1589\"><strong data-start=\"1309\" data-end=\"1348\">Augmenta el consum de combustible?<\/strong><br data-start=\"1348\" data-end=\"1351\">No, i en molts casos fins i tot disminueix fins a un 10%. Gr\u00e0cies al major parell motor, es necessita menys acceleraci\u00f3 per assolir la velocitat desitjada.  <\/p>\n<p data-start=\"1591\" data-end=\"1817\"><strong data-start=\"1591\" data-end=\"1645\">Difer\u00e8ncia entre reprogramaci\u00f3 i xip de pot\u00e8ncia<\/strong><br data-start=\"1645\" data-end=\"1648\"> Els xips de pot\u00e8ncia modifiquen senyals de sensors o actuadors de manera artificial. La reprogramaci\u00f3 ajusta tots els par\u00e0metres de manera equilibrada i optimitzada. <\/p>\n<p data-start=\"1819\" data-end=\"1982\"><strong data-start=\"1819\" data-end=\"1867\">\u00c9s necessari un manteniment m\u00e9s rigor\u00f3s?<\/strong><br data-start=\"1867\" data-end=\"1870\">No, excepte en casos de conducci\u00f3 molt esportiva, on \u00e9s recomanable escur\u00e7ar els intervals de manteniment.<\/p>\n<p data-start=\"1984\" data-end=\"2185\"><strong data-start=\"1984\" data-end=\"2037\">Reprogramaci\u00f3 en vehicles amb canvi autom\u00e0tic<\/strong><br data-start=\"2037\" data-end=\"2040\"> S\u00ed, per\u00f2 s&#8217;ha de fer amb precauci\u00f3 per no afectar el convertidor de parell. Un mal ajustament pot provocar estrebades i funcionament inestable. <\/p>\n<p data-start=\"2187\" data-end=\"2393\"><strong data-start=\"2187\" data-end=\"2253\">Reprogramaci\u00f3 en vehicles amb filtre antipart\u00edcules (FAP)<\/strong><br data-start=\"2253\" data-end=\"2256\"> \u00c9s possible si el treball \u00e9s realitzat per un expert, optimitzant la recirculaci\u00f3 de gasos per evitar una resposta brusca del motor.<\/p>\n<p data-start=\"2395\" data-end=\"2723\" data-is-last-node=\"\"><strong data-start=\"2395\" data-end=\"2451\">\u00c9s recomanable en vehicles amb molts quil\u00f2metres?<\/strong><br data-start=\"2451\" data-end=\"2454\">S\u00ed. Tot i que el desgast mec\u00e0nic pot limitar l&#8217;optimitzaci\u00f3, una reprogramaci\u00f3 ben feta ajusta el motor al seu estat actual, corregint desajustos naturals per l&#8217;\u00fas (p\u00e8rdua de pressi\u00f3 a la bomba, carbonetes, fuites, etc.), millorant-ne la resposta i l&#8217;efici\u00e8ncia. <\/p>\n<\/div><\/div><\/div><\/div><\/div>\n","protected":false},"excerpt":{"rendered":"","protected":false},"author":1,"featured_media":0,"parent":0,"menu_order":0,"comment_status":"closed","ping_status":"closed","template":"100-width.php","meta":{"footnotes":""},"class_list":["post-709","page","type-page","status-publish","hentry"],"_links":{"self":[{"href":"https:\/\/tallertrp.com\/ca\/wp-json\/wp\/v2\/pages\/709","targetHints":{"allow":["GET"]}}],"collection":[{"href":"https:\/\/tallertrp.com\/ca\/wp-json\/wp\/v2\/pages"}],"about":[{"href":"https:\/\/tallertrp.com\/ca\/wp-json\/wp\/v2\/types\/page"}],"author":[{"embeddable":true,"href":"https:\/\/tallertrp.com\/ca\/wp-json\/wp\/v2\/users\/1"}],"replies":[{"embeddable":true,"href":"https:\/\/tallertrp.com\/ca\/wp-json\/wp\/v2\/comments?post=709"}],"version-history":[{"count":1,"href":"https:\/\/tallertrp.com\/ca\/wp-json\/wp\/v2\/pages\/709\/revisions"}],"predecessor-version":[{"id":713,"href":"https:\/\/tallertrp.com\/ca\/wp-json\/wp\/v2\/pages\/709\/revisions\/713"}],"wp:attachment":[{"href":"https:\/\/tallertrp.com\/ca\/wp-json\/wp\/v2\/media?parent=709"}],"curies":[{"name":"wp","href":"https:\/\/api.w.org\/{rel}","templated":true}]}}