{"id":714,"date":"2025-02-13T11:43:25","date_gmt":"2025-02-13T11:43:25","guid":{"rendered":"https:\/\/tallertrp.com\/solucio-egr\/"},"modified":"2025-04-09T14:02:02","modified_gmt":"2025-04-09T14:02:02","slug":"solucio-egr","status":"publish","type":"page","link":"https:\/\/tallertrp.com\/ca\/solucio-egr\/","title":{"rendered":"Soluci\u00f3 EGR"},"content":{"rendered":"<div class=\"fusion-fullwidth fullwidth-box fusion-builder-row-1 fusion-flex-container has-pattern-background has-mask-background nonhundred-percent-fullwidth non-hundred-percent-height-scrolling\" style=\"--awb-border-radius-top-left:0px;--awb-border-radius-top-right:0px;--awb-border-radius-bottom-right:0px;--awb-border-radius-bottom-left:0px;--awb-flex-wrap:wrap;\" ><div class=\"fusion-builder-row fusion-row fusion-flex-align-items-flex-start fusion-flex-content-wrap\" style=\"max-width:1248px;margin-left: calc(-4% \/ 2 );margin-right: calc(-4% \/ 2 );\"><div class=\"fusion-layout-column fusion_builder_column fusion-builder-column-0 fusion_builder_column_1_1 1_1 fusion-flex-column\" style=\"--awb-bg-size:cover;--awb-width-large:100%;--awb-margin-top-large:0px;--awb-spacing-right-large:1.92%;--awb-margin-bottom-large:20px;--awb-spacing-left-large:1.92%;--awb-width-medium:100%;--awb-order-medium:0;--awb-spacing-right-medium:1.92%;--awb-spacing-left-medium:1.92%;--awb-width-small:100%;--awb-order-small:0;--awb-spacing-right-small:1.92%;--awb-spacing-left-small:1.92%;\"><div class=\"fusion-column-wrapper fusion-column-has-shadow fusion-flex-justify-content-flex-start fusion-content-layout-column\"><div class=\"fusion-text fusion-text-1\"><h1>Soluci\u00f3 EGR<\/h1>\n<\/div><div class=\"fusion-text fusion-text-2\"><h4>Eliminaci\u00f3 avaria v\u00e0lvula EGR<\/h4>\n<\/div><div class=\"fusion-image-element \" style=\"--awb-caption-title-font-family:var(--h2_typography-font-family);--awb-caption-title-font-weight:var(--h2_typography-font-weight);--awb-caption-title-font-style:var(--h2_typography-font-style);--awb-caption-title-size:var(--h2_typography-font-size);--awb-caption-title-transform:var(--h2_typography-text-transform);--awb-caption-title-line-height:var(--h2_typography-line-height);--awb-caption-title-letter-spacing:var(--h2_typography-letter-spacing);\"><span class=\" fusion-imageframe imageframe-none imageframe-1 hover-type-none\"><img decoding=\"async\" width=\"941\" height=\"207\" title=\"imagen_2025-02-13_124231980\" src=\"https:\/\/tallertrp.com\/wp-content\/uploads\/2025\/02\/imagen_2025-02-13_124231980.png\" alt class=\"img-responsive wp-image-555\" srcset=\"https:\/\/tallertrp.com\/wp-content\/uploads\/2025\/02\/imagen_2025-02-13_124231980-200x44.png 200w, https:\/\/tallertrp.com\/wp-content\/uploads\/2025\/02\/imagen_2025-02-13_124231980-400x88.png 400w, https:\/\/tallertrp.com\/wp-content\/uploads\/2025\/02\/imagen_2025-02-13_124231980-600x132.png 600w, https:\/\/tallertrp.com\/wp-content\/uploads\/2025\/02\/imagen_2025-02-13_124231980-800x176.png 800w, https:\/\/tallertrp.com\/wp-content\/uploads\/2025\/02\/imagen_2025-02-13_124231980.png 941w\" sizes=\"(max-width: 640px) 100vw, 941px\" \/><\/span><\/div><div class=\"fusion-text fusion-text-3\"><p>La <strong>v\u00e0lvula EGR<\/strong> (Recirculaci\u00f3 de Gasos d&#8217;Escape) \u00e9s un dispositiu instal\u00b7lat en vehicles, principalment en motors di\u00e8sel, per reduir les emissions de NOx (\u00f2xids de nitrogen). La seva funci\u00f3 \u00e9s redirigir una part dels gasos de fuita cap a l&#8217;admissi\u00f3, empobrint la barreja d&#8217;oxigen. Aix\u00f2 s&#8217;ajusta segons el r\u00e8gim de revolucions del motor: en ralent\u00ed, la v\u00e0lvula s&#8217;obre m\u00e9s, permetent m\u00e9s quantitat de gasos d&#8217;escapament, mentre que a altes revolucions, la v\u00e0lvula es tanca, reduint l&#8217;entrada de gasos i augmentant l&#8217;aportaci\u00f3 d&#8217;aire net.  <\/p>\n<p>Tot i que inicialment es controlava mitjan\u00e7ant sensors, als vehicles moderns la v\u00e0lvula EGR est\u00e0 gestionada per l&#8217; <strong>ECU (Unitat de Control Electr\u00f2nic del Motor)<\/strong> . No obstant aix\u00f2, l&#8217;acumulaci\u00f3 de quil\u00f2metres pot causar avaries a causa de l&#8217;acumulaci\u00f3 de dip\u00f2sits de sutge per la recirculaci\u00f3 constant de gasos, cosa que redueix el rendiment del motor o fins i tot pot fallar la v\u00e0lvula. <\/p>\n<p><strong>Soluci\u00f3 EGR<\/strong> : TRP Motor Sport ofereix una soluci\u00f3 per al bypass del sistema EGR, eliminant els problemes derivats del seu funcionament. Combinant-se amb la reprogramaci\u00f3 de l&#8217;ECU, aquesta soluci\u00f3 millora la resposta del vehicle, redueix el consum, preveu l&#8217;acumulaci\u00f3 de dip\u00f2sits i allarga la vida del motor. <\/p>\n<p><strong>Compatibilitat<\/strong> : La soluci\u00f3 \u00e9s aplicable a vehicles comercials lleugers i turismes de marques com Renault, Iveco, Peugeot, Volkswagen, Audi, Fiat, entre d&#8217;altres.<\/p>\n<p>\u00c9s important destacar que l&#8217; <strong>eliminaci\u00f3 del sistema EGR no \u00e9s legal en alguns pa\u00efsos<\/strong> , especialment a la Uni\u00f3 Europea, ja que no compliria amb els l\u00edmits d&#8217;emissions establerts per les normes <strong>Euro4, Euro5 o Euro6<\/strong> . L&#8217;eliminaci\u00f3 \u00e9s responsabilitat del client i TRP Motor Sport no es fa responsable a pa\u00efsos amb normes EURO en vigor.<\/p>\n<\/div><\/div><\/div><\/div><\/div>\n","protected":false},"excerpt":{"rendered":"","protected":false},"author":1,"featured_media":0,"parent":0,"menu_order":0,"comment_status":"closed","ping_status":"closed","template":"100-width.php","meta":{"footnotes":""},"class_list":["post-714","page","type-page","status-publish","hentry"],"_links":{"self":[{"href":"https:\/\/tallertrp.com\/ca\/wp-json\/wp\/v2\/pages\/714","targetHints":{"allow":["GET"]}}],"collection":[{"href":"https:\/\/tallertrp.com\/ca\/wp-json\/wp\/v2\/pages"}],"about":[{"href":"https:\/\/tallertrp.com\/ca\/wp-json\/wp\/v2\/types\/page"}],"author":[{"embeddable":true,"href":"https:\/\/tallertrp.com\/ca\/wp-json\/wp\/v2\/users\/1"}],"replies":[{"embeddable":true,"href":"https:\/\/tallertrp.com\/ca\/wp-json\/wp\/v2\/comments?post=714"}],"version-history":[{"count":1,"href":"https:\/\/tallertrp.com\/ca\/wp-json\/wp\/v2\/pages\/714\/revisions"}],"predecessor-version":[{"id":716,"href":"https:\/\/tallertrp.com\/ca\/wp-json\/wp\/v2\/pages\/714\/revisions\/716"}],"wp:attachment":[{"href":"https:\/\/tallertrp.com\/ca\/wp-json\/wp\/v2\/media?parent=714"}],"curies":[{"name":"wp","href":"https:\/\/api.w.org\/{rel}","templated":true}]}}