{"id":727,"date":"2025-02-12T18:01:24","date_gmt":"2025-02-12T18:01:24","guid":{"rendered":"https:\/\/tallertrp.com\/bloqueig-de-limmobilitzador\/"},"modified":"2025-04-09T14:02:10","modified_gmt":"2025-04-09T14:02:10","slug":"bloqueig-de-limmobilitzador","status":"publish","type":"page","link":"https:\/\/tallertrp.com\/ca\/bloqueig-de-limmobilitzador\/","title":{"rendered":"Bloqueig de l&#8217;immobilitzador"},"content":{"rendered":"<div class=\"fusion-fullwidth fullwidth-box fusion-builder-row-1 fusion-flex-container has-pattern-background has-mask-background nonhundred-percent-fullwidth non-hundred-percent-height-scrolling\" style=\"--awb-border-radius-top-left:0px;--awb-border-radius-top-right:0px;--awb-border-radius-bottom-right:0px;--awb-border-radius-bottom-left:0px;--awb-flex-wrap:wrap;\" ><div class=\"fusion-builder-row fusion-row fusion-flex-align-items-flex-start fusion-flex-content-wrap\" style=\"max-width:1248px;margin-left: calc(-4% \/ 2 );margin-right: calc(-4% \/ 2 );\"><div class=\"fusion-layout-column fusion_builder_column fusion-builder-column-0 fusion_builder_column_1_1 1_1 fusion-flex-column\" style=\"--awb-bg-size:cover;--awb-width-large:100%;--awb-margin-top-large:0px;--awb-spacing-right-large:1.92%;--awb-margin-bottom-large:20px;--awb-spacing-left-large:1.92%;--awb-width-medium:100%;--awb-order-medium:0;--awb-spacing-right-medium:1.92%;--awb-spacing-left-medium:1.92%;--awb-width-small:100%;--awb-order-small:0;--awb-spacing-right-small:1.92%;--awb-spacing-left-small:1.92%;\"><div class=\"fusion-column-wrapper fusion-column-has-shadow fusion-flex-justify-content-flex-start fusion-content-layout-column\"><div class=\"fusion-text fusion-text-1\"><h1>Bloqueig de l&#8217;immobilitzador<\/h1>\n<\/div><div class=\"fusion-builder-row fusion-builder-row-inner fusion-row fusion-flex-align-items-flex-start fusion-flex-content-wrap\" style=\"width:104% !important;max-width:104% !important;margin-left: calc(-4% \/ 2 );margin-right: calc(-4% \/ 2 );\"><div class=\"fusion-layout-column fusion_builder_column_inner fusion-builder-nested-column-0 fusion_builder_column_inner_3_4 3_4 fusion-flex-column\" style=\"--awb-bg-size:cover;--awb-width-large:75%;--awb-margin-top-large:0px;--awb-spacing-right-large:2.56%;--awb-margin-bottom-large:20px;--awb-spacing-left-large:2.56%;--awb-width-medium:75%;--awb-order-medium:0;--awb-spacing-right-medium:2.56%;--awb-spacing-left-medium:2.56%;--awb-width-small:100%;--awb-order-small:0;--awb-spacing-right-small:1.92%;--awb-spacing-left-small:1.92%;\"><div class=\"fusion-column-wrapper fusion-column-has-shadow fusion-flex-justify-content-flex-start fusion-content-layout-column\"><div class=\"fusion-text fusion-text-2\"><p data-start=\"0\" data-end=\"541\">Un problema com\u00fa als vehicles del <strong data-start=\"39\" data-end=\"53\">grup Fiat<\/strong> , <strong data-start=\"55\" data-end=\"65\">Lancia<\/strong> i <strong data-start=\"68\" data-end=\"82\">Alfa Romeo<\/strong> \u00e9s la fallada en el sistema d&#8217; <strong data-start=\"112\" data-end=\"141\">immobilitzador electr\u00f2nic<\/strong> . Aquest sistema utilitza un xip incrustat a la clau que emet un senyal, el qual \u00e9s autoritzat per la centraleta <strong data-start=\"256\" data-end=\"264\">CODE<\/strong> per permetre l&#8217;arrencada del vehicle. No obstant aix\u00f2, per diversos motius, aquest sistema pot fallar i l&#8217;\u00fanica soluci\u00f3 que ofereixen els concessionaris sol ser canviar la <strong data-start=\"438\" data-end=\"457\">centraleta CODE<\/strong> , la <strong data-start=\"462\" data-end=\"486\">centraleta del motor<\/strong> i els <strong data-start=\"493\" data-end=\"507\">panys<\/strong> , cosa que comporta costos elevats.  <\/p>\n<p data-start=\"543\" data-end=\"733\">Tot i que aquests sistemes s\u00f3n extremadament segurs, ja que nom\u00e9s qui t\u00e9 la clau correcta pot arrencar el vehicle, el problema sorgeix quan es <strong data-start=\"691\" data-end=\"730\">perd una de les claus originals<\/strong> .<\/p>\n<p data-start=\"735\" data-end=\"1011\">La soluci\u00f3 que oferim a <strong data-start=\"764\" data-end=\"784\">(aqu\u00ed el nom de l&#8217;empresa)<\/strong> \u00e9s <strong data-start=\"788\" data-end=\"827\">reprogramar la centraleta del motor<\/strong> per autoritzar l&#8217;arrencada sense necessitat de canviar la centraleta CODE ni els panys. Aquest servei \u00e9s molt m\u00e9s econ\u00f2mic i r\u00e0pid en comparaci\u00f3 de l&#8217;opci\u00f3 del concessionari. <\/p>\n<p data-start=\"1013\" data-end=\"1212\" data-is-last-node=\"\">Si tens algun dubte o suggeriment, ens pots deixar els teus comentaris. Et recomanem detallar el <strong data-start=\"1110\" data-end=\"1127\">model exacte<\/strong> , <strong data-start=\"1129\" data-end=\"1136\">any<\/strong> , <strong data-start=\"1138\" data-end=\"1150\">pot\u00e8ncia<\/strong> (CV) i <strong data-start=\"1158\" data-end=\"1181\">tipus de combustible<\/strong> del teu vehicle, si \u00e9s possible. <\/p>\n<\/div><\/div><\/div><div class=\"fusion-layout-column fusion_builder_column_inner fusion-builder-nested-column-1 fusion_builder_column_inner_1_4 1_4 fusion-flex-column\" style=\"--awb-bg-size:cover;--awb-width-large:25%;--awb-margin-top-large:0px;--awb-spacing-right-large:7.68%;--awb-margin-bottom-large:20px;--awb-spacing-left-large:7.68%;--awb-width-medium:25%;--awb-order-medium:0;--awb-spacing-right-medium:7.68%;--awb-spacing-left-medium:7.68%;--awb-width-small:100%;--awb-order-small:0;--awb-spacing-right-small:1.92%;--awb-spacing-left-small:1.92%;\"><div class=\"fusion-column-wrapper fusion-column-has-shadow fusion-flex-justify-content-flex-start fusion-content-layout-column\"><div class=\"fusion-image-element \" style=\"--awb-caption-title-font-family:var(--h2_typography-font-family);--awb-caption-title-font-weight:var(--h2_typography-font-weight);--awb-caption-title-font-style:var(--h2_typography-font-style);--awb-caption-title-size:var(--h2_typography-font-size);--awb-caption-title-transform:var(--h2_typography-text-transform);--awb-caption-title-line-height:var(--h2_typography-line-height);--awb-caption-title-letter-spacing:var(--h2_typography-letter-spacing);\"><span class=\" fusion-imageframe imageframe-none imageframe-1 hover-type-none\"><img decoding=\"async\" width=\"2000\" height=\"2000\" title=\"imagen_2025-02-12_183255358\" src=\"https:\/\/tallertrp.com\/wp-content\/uploads\/2025\/02\/imagen_2025-02-12_183255358.png\" alt class=\"img-responsive wp-image-528\" srcset=\"https:\/\/tallertrp.com\/wp-content\/uploads\/2025\/02\/imagen_2025-02-12_183255358-200x200.png 200w, https:\/\/tallertrp.com\/wp-content\/uploads\/2025\/02\/imagen_2025-02-12_183255358-400x400.png 400w, https:\/\/tallertrp.com\/wp-content\/uploads\/2025\/02\/imagen_2025-02-12_183255358-600x600.png 600w, https:\/\/tallertrp.com\/wp-content\/uploads\/2025\/02\/imagen_2025-02-12_183255358-800x800.png 800w, https:\/\/tallertrp.com\/wp-content\/uploads\/2025\/02\/imagen_2025-02-12_183255358-1200x1200.png 1200w, https:\/\/tallertrp.com\/wp-content\/uploads\/2025\/02\/imagen_2025-02-12_183255358.png 2000w\" sizes=\"(max-width: 640px) 100vw, 400px\" \/><\/span><\/div><\/div><\/div><\/div><div class=\"fusion-image-element \" style=\"--awb-caption-title-font-family:var(--h2_typography-font-family);--awb-caption-title-font-weight:var(--h2_typography-font-weight);--awb-caption-title-font-style:var(--h2_typography-font-style);--awb-caption-title-size:var(--h2_typography-font-size);--awb-caption-title-transform:var(--h2_typography-text-transform);--awb-caption-title-line-height:var(--h2_typography-line-height);--awb-caption-title-letter-spacing:var(--h2_typography-letter-spacing);\"><span class=\" fusion-imageframe imageframe-none imageframe-2 hover-type-none\"><img decoding=\"async\" width=\"513\" height=\"465\" title=\"imagen_2025-02-12_190034662\" src=\"https:\/\/tallertrp.com\/wp-content\/uploads\/2025\/02\/imagen_2025-02-12_190034662.png\" alt class=\"img-responsive wp-image-533\" srcset=\"https:\/\/tallertrp.com\/wp-content\/uploads\/2025\/02\/imagen_2025-02-12_190034662-200x181.png 200w, https:\/\/tallertrp.com\/wp-content\/uploads\/2025\/02\/imagen_2025-02-12_190034662-400x363.png 400w, https:\/\/tallertrp.com\/wp-content\/uploads\/2025\/02\/imagen_2025-02-12_190034662.png 513w\" sizes=\"(max-width: 640px) 100vw, 513px\" \/><\/span><\/div><\/div><\/div><\/div><\/div>\n","protected":false},"excerpt":{"rendered":"","protected":false},"author":1,"featured_media":0,"parent":0,"menu_order":0,"comment_status":"closed","ping_status":"closed","template":"100-width.php","meta":{"footnotes":""},"class_list":["post-727","page","type-page","status-publish","hentry"],"_links":{"self":[{"href":"https:\/\/tallertrp.com\/ca\/wp-json\/wp\/v2\/pages\/727","targetHints":{"allow":["GET"]}}],"collection":[{"href":"https:\/\/tallertrp.com\/ca\/wp-json\/wp\/v2\/pages"}],"about":[{"href":"https:\/\/tallertrp.com\/ca\/wp-json\/wp\/v2\/types\/page"}],"author":[{"embeddable":true,"href":"https:\/\/tallertrp.com\/ca\/wp-json\/wp\/v2\/users\/1"}],"replies":[{"embeddable":true,"href":"https:\/\/tallertrp.com\/ca\/wp-json\/wp\/v2\/comments?post=727"}],"version-history":[{"count":1,"href":"https:\/\/tallertrp.com\/ca\/wp-json\/wp\/v2\/pages\/727\/revisions"}],"predecessor-version":[{"id":732,"href":"https:\/\/tallertrp.com\/ca\/wp-json\/wp\/v2\/pages\/727\/revisions\/732"}],"wp:attachment":[{"href":"https:\/\/tallertrp.com\/ca\/wp-json\/wp\/v2\/media?parent=727"}],"curies":[{"name":"wp","href":"https:\/\/api.w.org\/{rel}","templated":true}]}}