{"id":734,"date":"2025-02-13T11:10:57","date_gmt":"2025-02-13T11:10:57","guid":{"rendered":"https:\/\/tallertrp.com\/reprogramacio-de-centraletes-chiptuning-que-es\/"},"modified":"2025-04-09T14:02:10","modified_gmt":"2025-04-09T14:02:10","slug":"reprogramacio-de-centraletes-chiptuning-que-es","status":"publish","type":"page","link":"https:\/\/tallertrp.com\/ca\/reprogramacio-de-centraletes-chiptuning-que-es\/","title":{"rendered":"Reprogramaci\u00f3 de centraletes &#8211; Chiptuning &#8211; Qu\u00e8 \u00e9s?"},"content":{"rendered":"<div class=\"fusion-fullwidth fullwidth-box fusion-builder-row-1 fusion-flex-container has-pattern-background has-mask-background nonhundred-percent-fullwidth non-hundred-percent-height-scrolling\" style=\"--awb-border-radius-top-left:0px;--awb-border-radius-top-right:0px;--awb-border-radius-bottom-right:0px;--awb-border-radius-bottom-left:0px;--awb-flex-wrap:wrap;\" ><div class=\"fusion-builder-row fusion-row fusion-flex-align-items-flex-start fusion-flex-content-wrap\" style=\"max-width:1248px;margin-left: calc(-4% \/ 2 );margin-right: calc(-4% \/ 2 );\"><div class=\"fusion-layout-column fusion_builder_column fusion-builder-column-0 fusion_builder_column_1_1 1_1 fusion-flex-column\" style=\"--awb-bg-size:cover;--awb-width-large:100%;--awb-margin-top-large:0px;--awb-spacing-right-large:1.92%;--awb-margin-bottom-large:20px;--awb-spacing-left-large:1.92%;--awb-width-medium:100%;--awb-order-medium:0;--awb-spacing-right-medium:1.92%;--awb-spacing-left-medium:1.92%;--awb-width-small:100%;--awb-order-small:0;--awb-spacing-right-small:1.92%;--awb-spacing-left-small:1.92%;\"><div class=\"fusion-column-wrapper fusion-column-has-shadow fusion-flex-justify-content-flex-start fusion-content-layout-column\"><div class=\"fusion-text fusion-text-1\"><h1>Reprogramaci\u00f3 de centraletes &#8211; Chiptuning &#8211; Qu\u00e8 \u00e9s?<\/h1>\n<\/div><div class=\"fusion-text fusion-text-2\"><h3>M\u00e9s pot\u00e8ncia &#8211; Menys consum.<\/h3>\n<\/div><div class=\"fusion-text fusion-text-3\"><p style=\"text-align: center;\"><strong><i>Chiptuning o reprogramaci\u00f3 de centraleta<\/i><\/strong><\/p>\n<\/div><div class=\"fusion-image-element \" style=\"text-align:center;--awb-max-width:400px;--awb-caption-title-font-family:var(--h2_typography-font-family);--awb-caption-title-font-weight:var(--h2_typography-font-weight);--awb-caption-title-font-style:var(--h2_typography-font-style);--awb-caption-title-size:var(--h2_typography-font-size);--awb-caption-title-transform:var(--h2_typography-text-transform);--awb-caption-title-line-height:var(--h2_typography-line-height);--awb-caption-title-letter-spacing:var(--h2_typography-letter-spacing);\"><span class=\" fusion-imageframe imageframe-none imageframe-1 hover-type-none\"><img decoding=\"async\" width=\"2000\" height=\"1333\" title=\"imagen_2025-02-13_120923934\" src=\"https:\/\/tallertrp.com\/wp-content\/uploads\/2025\/02\/imagen_2025-02-13_120923934.png\" alt class=\"img-responsive wp-image-544\" srcset=\"https:\/\/tallertrp.com\/wp-content\/uploads\/2025\/02\/imagen_2025-02-13_120923934-200x133.png 200w, https:\/\/tallertrp.com\/wp-content\/uploads\/2025\/02\/imagen_2025-02-13_120923934-400x267.png 400w, https:\/\/tallertrp.com\/wp-content\/uploads\/2025\/02\/imagen_2025-02-13_120923934-600x400.png 600w, https:\/\/tallertrp.com\/wp-content\/uploads\/2025\/02\/imagen_2025-02-13_120923934-800x533.png 800w, https:\/\/tallertrp.com\/wp-content\/uploads\/2025\/02\/imagen_2025-02-13_120923934-1200x800.png 1200w, https:\/\/tallertrp.com\/wp-content\/uploads\/2025\/02\/imagen_2025-02-13_120923934.png 2000w\" sizes=\"(max-width: 640px) 100vw, 1200px\" \/><\/span><\/div><div class=\"fusion-text fusion-text-4\"><p style=\"text-align: center;\"><strong><i>Optimitzaci\u00f3 de la gesti\u00f3 electr\u00f2nica del motor<\/i><\/strong><\/p>\n<\/div><div class=\"fusion-text fusion-text-5\"><p data-start=\"0\" data-end=\"317\">A la ind\u00fastria automobil\u00edstica, no \u00e9s viable ajustar de forma individual els par\u00e0metres del motor per raons de temps i productivitat. No obstant aix\u00f2, especialistes com (NOM EMPRESA) inverteixen els recursos necessaris per a una optimitzaci\u00f3 electr\u00f2nica precisa i personalitzada, garantint fiabilitat i millor rendiment.<\/p>\n<p data-start=\"319\" data-end=\"611\" data-is-last-node=\"\">Una reprogramaci\u00f3 adequada del motor permet augmentar la pot\u00e8ncia sense afectar-ne la vida \u00fatil ni for\u00e7ar-ne els components. A m\u00e9s, en millorar l&#8217;efici\u00e8ncia a cada explosi\u00f3 del motor, s&#8217;aconsegueix una reducci\u00f3 del consum de combustible, ja que a menys revolucions per minut, menor \u00e9s el consum.<\/p>\n<\/div><\/div><\/div><\/div><\/div>\n","protected":false},"excerpt":{"rendered":"","protected":false},"author":1,"featured_media":0,"parent":0,"menu_order":0,"comment_status":"closed","ping_status":"closed","template":"100-width.php","meta":{"footnotes":""},"class_list":["post-734","page","type-page","status-publish","hentry"],"_links":{"self":[{"href":"https:\/\/tallertrp.com\/ca\/wp-json\/wp\/v2\/pages\/734","targetHints":{"allow":["GET"]}}],"collection":[{"href":"https:\/\/tallertrp.com\/ca\/wp-json\/wp\/v2\/pages"}],"about":[{"href":"https:\/\/tallertrp.com\/ca\/wp-json\/wp\/v2\/types\/page"}],"author":[{"embeddable":true,"href":"https:\/\/tallertrp.com\/ca\/wp-json\/wp\/v2\/users\/1"}],"replies":[{"embeddable":true,"href":"https:\/\/tallertrp.com\/ca\/wp-json\/wp\/v2\/comments?post=734"}],"version-history":[{"count":1,"href":"https:\/\/tallertrp.com\/ca\/wp-json\/wp\/v2\/pages\/734\/revisions"}],"predecessor-version":[{"id":741,"href":"https:\/\/tallertrp.com\/ca\/wp-json\/wp\/v2\/pages\/734\/revisions\/741"}],"wp:attachment":[{"href":"https:\/\/tallertrp.com\/ca\/wp-json\/wp\/v2\/media?parent=734"}],"curies":[{"name":"wp","href":"https:\/\/api.w.org\/{rel}","templated":true}]}}