{"id":735,"date":"2025-02-12T17:57:12","date_gmt":"2025-02-12T17:57:12","guid":{"rendered":"https:\/\/tallertrp.com\/immo-off-per-a-motocicletes-ducati\/"},"modified":"2025-04-09T14:02:10","modified_gmt":"2025-04-09T14:02:10","slug":"immo-off-per-a-motocicletes-ducati","status":"publish","type":"page","link":"https:\/\/tallertrp.com\/ca\/immo-off-per-a-motocicletes-ducati\/","title":{"rendered":"Immo off per a motocicletes Ducati"},"content":{"rendered":"<div class=\"fusion-fullwidth fullwidth-box fusion-builder-row-1 fusion-flex-container has-pattern-background has-mask-background nonhundred-percent-fullwidth non-hundred-percent-height-scrolling\" style=\"--awb-border-radius-top-left:0px;--awb-border-radius-top-right:0px;--awb-border-radius-bottom-right:0px;--awb-border-radius-bottom-left:0px;--awb-flex-wrap:wrap;\" ><div class=\"fusion-builder-row fusion-row fusion-flex-align-items-flex-start fusion-flex-content-wrap\" style=\"max-width:1248px;margin-left: calc(-4% \/ 2 );margin-right: calc(-4% \/ 2 );\"><div class=\"fusion-layout-column fusion_builder_column fusion-builder-column-0 fusion_builder_column_1_1 1_1 fusion-flex-column\" style=\"--awb-bg-size:cover;--awb-width-large:100%;--awb-margin-top-large:0px;--awb-spacing-right-large:1.92%;--awb-margin-bottom-large:20px;--awb-spacing-left-large:1.92%;--awb-width-medium:100%;--awb-order-medium:0;--awb-spacing-right-medium:1.92%;--awb-spacing-left-medium:1.92%;--awb-width-small:100%;--awb-order-small:0;--awb-spacing-right-small:1.92%;--awb-spacing-left-small:1.92%;\"><div class=\"fusion-column-wrapper fusion-column-has-shadow fusion-flex-justify-content-flex-start fusion-content-layout-column\"><div class=\"fusion-text fusion-text-1\"><h1>Immo off per a motocicletes Ducati<\/h1>\n<\/div><div class=\"fusion-builder-row fusion-builder-row-inner fusion-row fusion-flex-align-items-flex-start fusion-flex-content-wrap\" style=\"width:104% !important;max-width:104% !important;margin-left: calc(-4% \/ 2 );margin-right: calc(-4% \/ 2 );\"><div class=\"fusion-layout-column fusion_builder_column_inner fusion-builder-nested-column-0 fusion_builder_column_inner_3_4 3_4 fusion-flex-column\" style=\"--awb-bg-size:cover;--awb-width-large:75%;--awb-margin-top-large:0px;--awb-spacing-right-large:2.56%;--awb-margin-bottom-large:20px;--awb-spacing-left-large:2.56%;--awb-width-medium:75%;--awb-order-medium:0;--awb-spacing-right-medium:2.56%;--awb-spacing-left-medium:2.56%;--awb-width-small:100%;--awb-order-small:0;--awb-spacing-right-small:1.92%;--awb-spacing-left-small:1.92%;\"><div class=\"fusion-column-wrapper fusion-column-has-shadow fusion-flex-justify-content-flex-start fusion-content-layout-column\"><div class=\"fusion-text fusion-text-2\"><p data-start=\"0\" data-end=\"300\">En el cas de la <strong data-start=\"17\" data-end=\"56\">reprogramaci\u00f3 de la centraleta 59F<\/strong> d&#8217; <strong data-start=\"190\" data-end=\"202\">una<\/strong> moto, el sistema d&#8217; <strong data-start=\"84\" data-end=\"101\">immobilitzador<\/strong> impedeix <strong data-start=\"155\" data-end=\"175\">que<\/strong> el motor arrenqui. <\/p>\n<p data-start=\"302\" data-end=\"543\">Aquesta soluci\u00f3 \u00e9s especialment \u00fatil en situacions on es corren <strong data-start=\"369\" data-end=\"382\">circuits<\/strong> i es vol desmuntar el quadre d&#8217;instruments per evitar-ne el trencament en cas de caigudes, proporcionant m\u00e9s seguretat i funcionalitat en l&#8217;\u00fas de la moto.<\/p>\n<p data-start=\"545\" data-end=\"680\">L&#8217; <strong data-start=\"548\" data-end=\"566\">equip t\u00e8cnic<\/strong> de TRP Motorsport tamb\u00e9 ofereix els seg\u00fcents serveis per <strong data-start=\"632\" data-end=\"679\">reprogramar la centraleta de la seva moto Ducati<\/strong> :<\/p>\n<ul data-start=\"682\" data-end=\"881\">\n<li data-start=\"682\" data-end=\"748\">Configuraci\u00f3 duna centraleta verge per a una moto espec\u00edfica.<\/li>\n<li data-start=\"749\" data-end=\"807\">Programaci\u00f3 duna centraleta duna altra moto per al seu \u00fas.<\/li>\n<li data-start=\"808\" data-end=\"881\">Anul\u00b7laci\u00f3 del sistema immobilitzador per evitar el bloqueig d&#8217;arrencada.<\/li>\n<\/ul>\n<p data-start=\"883\" data-end=\"999\" data-is-last-node=\"\">Aquest servei permet personalitzar i optimitzar el sistema d&#8217;encesa i seguretat de la moto segons les vostres necessitats.<\/p>\n<\/div><\/div><\/div><div class=\"fusion-layout-column fusion_builder_column_inner fusion-builder-nested-column-1 fusion_builder_column_inner_1_4 1_4 fusion-flex-column\" style=\"--awb-bg-size:cover;--awb-width-large:25%;--awb-margin-top-large:0px;--awb-spacing-right-large:7.68%;--awb-margin-bottom-large:20px;--awb-spacing-left-large:7.68%;--awb-width-medium:25%;--awb-order-medium:0;--awb-spacing-right-medium:7.68%;--awb-spacing-left-medium:7.68%;--awb-width-small:100%;--awb-order-small:0;--awb-spacing-right-small:1.92%;--awb-spacing-left-small:1.92%;\"><div class=\"fusion-column-wrapper fusion-column-has-shadow fusion-flex-justify-content-flex-start fusion-content-layout-column\"><div class=\"fusion-image-element \" style=\"--awb-caption-title-font-family:var(--h2_typography-font-family);--awb-caption-title-font-weight:var(--h2_typography-font-weight);--awb-caption-title-font-style:var(--h2_typography-font-style);--awb-caption-title-size:var(--h2_typography-font-size);--awb-caption-title-transform:var(--h2_typography-text-transform);--awb-caption-title-line-height:var(--h2_typography-line-height);--awb-caption-title-letter-spacing:var(--h2_typography-letter-spacing);\"><span class=\" fusion-imageframe imageframe-none imageframe-1 hover-type-none\"><img decoding=\"async\" width=\"2000\" height=\"2000\" title=\"imagen_2025-02-12_183137694\" src=\"https:\/\/tallertrp.com\/wp-content\/uploads\/2025\/02\/imagen_2025-02-12_183137694-1.png\" alt class=\"img-responsive wp-image-531\" srcset=\"https:\/\/tallertrp.com\/wp-content\/uploads\/2025\/02\/imagen_2025-02-12_183137694-1-200x200.png 200w, https:\/\/tallertrp.com\/wp-content\/uploads\/2025\/02\/imagen_2025-02-12_183137694-1-400x400.png 400w, https:\/\/tallertrp.com\/wp-content\/uploads\/2025\/02\/imagen_2025-02-12_183137694-1-600x600.png 600w, https:\/\/tallertrp.com\/wp-content\/uploads\/2025\/02\/imagen_2025-02-12_183137694-1-800x800.png 800w, https:\/\/tallertrp.com\/wp-content\/uploads\/2025\/02\/imagen_2025-02-12_183137694-1-1200x1200.png 1200w, https:\/\/tallertrp.com\/wp-content\/uploads\/2025\/02\/imagen_2025-02-12_183137694-1.png 2000w\" sizes=\"(max-width: 640px) 100vw, 400px\" \/><\/span><\/div><\/div><\/div><\/div><\/div><\/div><\/div><\/div>\n","protected":false},"excerpt":{"rendered":"","protected":false},"author":1,"featured_media":0,"parent":0,"menu_order":0,"comment_status":"closed","ping_status":"closed","template":"100-width.php","meta":{"footnotes":""},"class_list":["post-735","page","type-page","status-publish","hentry"],"_links":{"self":[{"href":"https:\/\/tallertrp.com\/ca\/wp-json\/wp\/v2\/pages\/735","targetHints":{"allow":["GET"]}}],"collection":[{"href":"https:\/\/tallertrp.com\/ca\/wp-json\/wp\/v2\/pages"}],"about":[{"href":"https:\/\/tallertrp.com\/ca\/wp-json\/wp\/v2\/types\/page"}],"author":[{"embeddable":true,"href":"https:\/\/tallertrp.com\/ca\/wp-json\/wp\/v2\/users\/1"}],"replies":[{"embeddable":true,"href":"https:\/\/tallertrp.com\/ca\/wp-json\/wp\/v2\/comments?post=735"}],"version-history":[{"count":1,"href":"https:\/\/tallertrp.com\/ca\/wp-json\/wp\/v2\/pages\/735\/revisions"}],"predecessor-version":[{"id":739,"href":"https:\/\/tallertrp.com\/ca\/wp-json\/wp\/v2\/pages\/735\/revisions\/739"}],"wp:attachment":[{"href":"https:\/\/tallertrp.com\/ca\/wp-json\/wp\/v2\/media?parent=735"}],"curies":[{"name":"wp","href":"https:\/\/api.w.org\/{rel}","templated":true}]}}