{"id":742,"date":"2025-02-12T17:53:17","date_gmt":"2025-02-12T17:53:17","guid":{"rendered":"https:\/\/tallertrp.com\/mercedes-benz-start-error\/"},"modified":"2025-04-09T14:02:10","modified_gmt":"2025-04-09T14:02:10","slug":"mercedes-benz-start-error","status":"publish","type":"page","link":"https:\/\/tallertrp.com\/ca\/mercedes-benz-start-error\/","title":{"rendered":"Mercedes Benz Start error"},"content":{"rendered":"<div class=\"fusion-fullwidth fullwidth-box fusion-builder-row-1 fusion-flex-container has-pattern-background has-mask-background nonhundred-percent-fullwidth non-hundred-percent-height-scrolling\" style=\"--awb-border-radius-top-left:0px;--awb-border-radius-top-right:0px;--awb-border-radius-bottom-right:0px;--awb-border-radius-bottom-left:0px;--awb-flex-wrap:wrap;\" ><div class=\"fusion-builder-row fusion-row fusion-flex-align-items-flex-start fusion-flex-content-wrap\" style=\"max-width:1248px;margin-left: calc(-4% \/ 2 );margin-right: calc(-4% \/ 2 );\"><div class=\"fusion-layout-column fusion_builder_column fusion-builder-column-0 fusion_builder_column_1_1 1_1 fusion-flex-column\" style=\"--awb-bg-size:cover;--awb-width-large:100%;--awb-margin-top-large:0px;--awb-spacing-right-large:1.92%;--awb-margin-bottom-large:20px;--awb-spacing-left-large:1.92%;--awb-width-medium:100%;--awb-order-medium:0;--awb-spacing-right-medium:1.92%;--awb-spacing-left-medium:1.92%;--awb-width-small:100%;--awb-order-small:0;--awb-spacing-right-small:1.92%;--awb-spacing-left-small:1.92%;\"><div class=\"fusion-column-wrapper fusion-column-has-shadow fusion-flex-justify-content-flex-start fusion-content-layout-column\"><div class=\"fusion-text fusion-text-1\"><h1>Mercedes Benz Start error<\/h1>\n<\/div><div class=\"fusion-builder-row fusion-builder-row-inner fusion-row fusion-flex-align-items-flex-start fusion-flex-content-wrap\" style=\"width:104% !important;max-width:104% !important;margin-left: calc(-4% \/ 2 );margin-right: calc(-4% \/ 2 );\"><div class=\"fusion-layout-column fusion_builder_column_inner fusion-builder-nested-column-0 fusion_builder_column_inner_3_4 3_4 fusion-flex-column\" style=\"--awb-bg-size:cover;--awb-width-large:75%;--awb-margin-top-large:0px;--awb-spacing-right-large:2.56%;--awb-margin-bottom-large:20px;--awb-spacing-left-large:2.56%;--awb-width-medium:75%;--awb-order-medium:0;--awb-spacing-right-medium:2.56%;--awb-spacing-left-medium:2.56%;--awb-width-small:100%;--awb-order-small:0;--awb-spacing-right-small:1.92%;--awb-spacing-left-small:1.92%;\"><div class=\"fusion-column-wrapper fusion-column-has-shadow fusion-flex-justify-content-flex-start fusion-content-layout-column\"><div class=\"fusion-text fusion-text-2\"><p>El missatge <strong>Mercedes Start Error<\/strong> \u00e9s un problema com\u00fa en els models <strong>Sprinter<\/strong> , <strong>Vito<\/strong> i <strong>Classe A 160 i 170 CDI<\/strong> . Aquest missatge apareix quan la <strong>centraleta del motor<\/strong> perd la comunicaci\u00f3 amb la <strong>centraleta de l&#8217;immobilitzador<\/strong> , cosa que impedeix que el vehicle arrenqui correctament. <\/p>\n<p>La soluci\u00f3 que ofereix <strong>TRP Motorsport<\/strong> consisteix a <strong>reparar la fallada directament dins la centraleta del motor<\/strong> , eliminant aix\u00ed la necessitat de codificar novament les claus del vehicle. Aquesta reparaci\u00f3 \u00e9s una opci\u00f3 efica\u00e7 per evitar problemes futurs relacionats amb el sistema de immobilitzaci\u00f3. <\/p>\n<p>Per dur a terme la reparaci\u00f3, <strong>nom\u00e9s cal tenir la centraleta del motor<\/strong> del vehicle, cosa que permet realitzar el proc\u00e9s de forma r\u00e0pida i sense complicacions. Aquesta intervenci\u00f3 no sols resol el problema, sin\u00f3 que tamb\u00e9 garanteix que no es necessitaran m\u00e9s codificacions de claus en el futur.<\/p>\n<\/div><\/div><\/div><div class=\"fusion-layout-column fusion_builder_column_inner fusion-builder-nested-column-1 fusion_builder_column_inner_1_4 1_4 fusion-flex-column\" style=\"--awb-bg-size:cover;--awb-width-large:25%;--awb-margin-top-large:0px;--awb-spacing-right-large:7.68%;--awb-margin-bottom-large:20px;--awb-spacing-left-large:7.68%;--awb-width-medium:25%;--awb-order-medium:0;--awb-spacing-right-medium:7.68%;--awb-spacing-left-medium:7.68%;--awb-width-small:100%;--awb-order-small:0;--awb-spacing-right-small:1.92%;--awb-spacing-left-small:1.92%;\"><div class=\"fusion-column-wrapper fusion-column-has-shadow fusion-flex-justify-content-flex-start fusion-content-layout-column\"><div class=\"fusion-image-element \" style=\"--awb-caption-title-font-family:var(--h2_typography-font-family);--awb-caption-title-font-weight:var(--h2_typography-font-weight);--awb-caption-title-font-style:var(--h2_typography-font-style);--awb-caption-title-size:var(--h2_typography-font-size);--awb-caption-title-transform:var(--h2_typography-text-transform);--awb-caption-title-line-height:var(--h2_typography-line-height);--awb-caption-title-letter-spacing:var(--h2_typography-letter-spacing);\"><span class=\" fusion-imageframe imageframe-none imageframe-1 hover-type-none\"><img decoding=\"async\" width=\"2000\" height=\"2000\" title=\"imagen_2025-02-12_183027042\" src=\"https:\/\/tallertrp.com\/wp-content\/uploads\/2025\/02\/imagen_2025-02-12_183027042.png\" alt class=\"img-responsive wp-image-526\" srcset=\"https:\/\/tallertrp.com\/wp-content\/uploads\/2025\/02\/imagen_2025-02-12_183027042-200x200.png 200w, https:\/\/tallertrp.com\/wp-content\/uploads\/2025\/02\/imagen_2025-02-12_183027042-400x400.png 400w, https:\/\/tallertrp.com\/wp-content\/uploads\/2025\/02\/imagen_2025-02-12_183027042-600x600.png 600w, https:\/\/tallertrp.com\/wp-content\/uploads\/2025\/02\/imagen_2025-02-12_183027042-800x800.png 800w, https:\/\/tallertrp.com\/wp-content\/uploads\/2025\/02\/imagen_2025-02-12_183027042-1200x1200.png 1200w, https:\/\/tallertrp.com\/wp-content\/uploads\/2025\/02\/imagen_2025-02-12_183027042.png 2000w\" sizes=\"(max-width: 640px) 100vw, 400px\" \/><\/span><\/div><\/div><\/div><\/div><div class=\"fusion-image-element \" style=\"--awb-caption-title-font-family:var(--h2_typography-font-family);--awb-caption-title-font-weight:var(--h2_typography-font-weight);--awb-caption-title-font-style:var(--h2_typography-font-style);--awb-caption-title-size:var(--h2_typography-font-size);--awb-caption-title-transform:var(--h2_typography-text-transform);--awb-caption-title-line-height:var(--h2_typography-line-height);--awb-caption-title-letter-spacing:var(--h2_typography-letter-spacing);\"><span class=\" fusion-imageframe imageframe-none imageframe-2 hover-type-none\"><img decoding=\"async\" width=\"649\" height=\"567\" title=\"imagen_2025-02-12_185117511\" src=\"https:\/\/tallertrp.com\/wp-content\/uploads\/2025\/02\/imagen_2025-02-12_185117511.png\" alt class=\"img-responsive wp-image-530\" srcset=\"https:\/\/tallertrp.com\/wp-content\/uploads\/2025\/02\/imagen_2025-02-12_185117511-200x175.png 200w, https:\/\/tallertrp.com\/wp-content\/uploads\/2025\/02\/imagen_2025-02-12_185117511-400x349.png 400w, https:\/\/tallertrp.com\/wp-content\/uploads\/2025\/02\/imagen_2025-02-12_185117511-600x524.png 600w, https:\/\/tallertrp.com\/wp-content\/uploads\/2025\/02\/imagen_2025-02-12_185117511.png 649w\" sizes=\"(max-width: 640px) 100vw, 649px\" \/><\/span><\/div><\/div><\/div><\/div><\/div>\n","protected":false},"excerpt":{"rendered":"","protected":false},"author":1,"featured_media":0,"parent":0,"menu_order":0,"comment_status":"closed","ping_status":"closed","template":"100-width.php","meta":{"footnotes":""},"class_list":["post-742","page","type-page","status-publish","hentry"],"_links":{"self":[{"href":"https:\/\/tallertrp.com\/ca\/wp-json\/wp\/v2\/pages\/742","targetHints":{"allow":["GET"]}}],"collection":[{"href":"https:\/\/tallertrp.com\/ca\/wp-json\/wp\/v2\/pages"}],"about":[{"href":"https:\/\/tallertrp.com\/ca\/wp-json\/wp\/v2\/types\/page"}],"author":[{"embeddable":true,"href":"https:\/\/tallertrp.com\/ca\/wp-json\/wp\/v2\/users\/1"}],"replies":[{"embeddable":true,"href":"https:\/\/tallertrp.com\/ca\/wp-json\/wp\/v2\/comments?post=742"}],"version-history":[{"count":1,"href":"https:\/\/tallertrp.com\/ca\/wp-json\/wp\/v2\/pages\/742\/revisions"}],"predecessor-version":[{"id":746,"href":"https:\/\/tallertrp.com\/ca\/wp-json\/wp\/v2\/pages\/742\/revisions\/746"}],"wp:attachment":[{"href":"https:\/\/tallertrp.com\/ca\/wp-json\/wp\/v2\/media?parent=742"}],"curies":[{"name":"wp","href":"https:\/\/api.w.org\/{rel}","templated":true}]}}