{"id":751,"date":"2025-02-13T10:49:54","date_gmt":"2025-02-13T10:49:54","guid":{"rendered":"https:\/\/tallertrp.com\/reparacio-quadres-dinstruments\/"},"modified":"2025-04-09T14:02:10","modified_gmt":"2025-04-09T14:02:10","slug":"reparacio-quadres-dinstruments","status":"publish","type":"page","link":"https:\/\/tallertrp.com\/ca\/reparacio-quadres-dinstruments\/","title":{"rendered":"Reparaci\u00f3 Quadres d&#8217;Instruments"},"content":{"rendered":"<div class=\"fusion-fullwidth fullwidth-box fusion-builder-row-1 fusion-flex-container has-pattern-background has-mask-background nonhundred-percent-fullwidth non-hundred-percent-height-scrolling\" style=\"--awb-border-radius-top-left:0px;--awb-border-radius-top-right:0px;--awb-border-radius-bottom-right:0px;--awb-border-radius-bottom-left:0px;--awb-flex-wrap:wrap;\" ><div class=\"fusion-builder-row fusion-row fusion-flex-align-items-flex-start fusion-flex-content-wrap\" style=\"max-width:1248px;margin-left: calc(-4% \/ 2 );margin-right: calc(-4% \/ 2 );\"><div class=\"fusion-layout-column fusion_builder_column fusion-builder-column-0 fusion_builder_column_1_1 1_1 fusion-flex-column\" style=\"--awb-bg-size:cover;--awb-width-large:100%;--awb-margin-top-large:0px;--awb-spacing-right-large:1.92%;--awb-margin-bottom-large:20px;--awb-spacing-left-large:1.92%;--awb-width-medium:100%;--awb-order-medium:0;--awb-spacing-right-medium:1.92%;--awb-spacing-left-medium:1.92%;--awb-width-small:100%;--awb-order-small:0;--awb-spacing-right-small:1.92%;--awb-spacing-left-small:1.92%;\"><div class=\"fusion-column-wrapper fusion-column-has-shadow fusion-flex-justify-content-flex-start fusion-content-layout-column\"><div class=\"fusion-text fusion-text-1\"><h1>Reparaci\u00f3 Quadres d&#8217;Instruments<\/h1>\n<\/div><div class=\"fusion-text fusion-text-2\"><p>Reparaci\u00f3 de taulers d&#8217;instruments digitals i anal\u00f2gics<\/p>\n<\/div><div class=\"fusion-image-element \" style=\"--awb-caption-title-font-family:var(--h2_typography-font-family);--awb-caption-title-font-weight:var(--h2_typography-font-weight);--awb-caption-title-font-style:var(--h2_typography-font-style);--awb-caption-title-size:var(--h2_typography-font-size);--awb-caption-title-transform:var(--h2_typography-text-transform);--awb-caption-title-line-height:var(--h2_typography-line-height);--awb-caption-title-letter-spacing:var(--h2_typography-letter-spacing);\"><span class=\" fusion-imageframe imageframe-none imageframe-1 hover-type-none\"><img decoding=\"async\" width=\"943\" height=\"206\" title=\"imagen_2025-02-13_114839801\" src=\"https:\/\/tallertrp.com\/wp-content\/uploads\/2025\/02\/imagen_2025-02-13_114839801.png\" alt class=\"img-responsive wp-image-535\" srcset=\"https:\/\/tallertrp.com\/wp-content\/uploads\/2025\/02\/imagen_2025-02-13_114839801-200x44.png 200w, https:\/\/tallertrp.com\/wp-content\/uploads\/2025\/02\/imagen_2025-02-13_114839801-400x87.png 400w, https:\/\/tallertrp.com\/wp-content\/uploads\/2025\/02\/imagen_2025-02-13_114839801-600x131.png 600w, https:\/\/tallertrp.com\/wp-content\/uploads\/2025\/02\/imagen_2025-02-13_114839801-800x175.png 800w, https:\/\/tallertrp.com\/wp-content\/uploads\/2025\/02\/imagen_2025-02-13_114839801.png 943w\" sizes=\"(max-width: 640px) 100vw, 943px\" \/><\/span><\/div><div class=\"fusion-text fusion-text-3\"><\/div><div class=\"fusion-text fusion-text-4\"><p>Els quadres d\u201finstruments dels vehicles han evolucionat i ara mostren una gran quantitat d\u201finformaci\u00f3, des de la velocitat i el r\u00e8gim de revolucions fins a dades sobre el funcionament del motor i les condicions de conducci\u00f3. Per aix\u00f2, incorporen components m\u00e9s sofisticats, com processadors i pantalles LCD.<\/p>\n<p>Tot i aix\u00f2, factors com el temps, les vibracions o errors de disseny poden provocar errors en el seu funcionament, afectant indicadors com el veloc\u00edmetre, el nivell de combustible, la temperatura o la il\u00b7luminaci\u00f3 del display. Afortunadament, la majoria d&#8217;aquestes avaries es poden reparar sense necessitat de reempla\u00e7ar tot el quadre.<\/p>\n<p>L&#8217;empresa ofereix solucions per a aquests problemes, comptant amb t\u00e8cnics especialitzats i un estoc de recanvis compatibles amb marques com Audi, Fiat, Mercedes, Peugeot, Renault, Seat i Volkswagen.<\/p>\n<\/div><\/div><\/div><\/div><\/div>\n","protected":false},"excerpt":{"rendered":"","protected":false},"author":1,"featured_media":0,"parent":0,"menu_order":0,"comment_status":"closed","ping_status":"closed","template":"100-width.php","meta":{"footnotes":""},"class_list":["post-751","page","type-page","status-publish","hentry"],"_links":{"self":[{"href":"https:\/\/tallertrp.com\/ca\/wp-json\/wp\/v2\/pages\/751","targetHints":{"allow":["GET"]}}],"collection":[{"href":"https:\/\/tallertrp.com\/ca\/wp-json\/wp\/v2\/pages"}],"about":[{"href":"https:\/\/tallertrp.com\/ca\/wp-json\/wp\/v2\/types\/page"}],"author":[{"embeddable":true,"href":"https:\/\/tallertrp.com\/ca\/wp-json\/wp\/v2\/users\/1"}],"replies":[{"embeddable":true,"href":"https:\/\/tallertrp.com\/ca\/wp-json\/wp\/v2\/comments?post=751"}],"version-history":[{"count":1,"href":"https:\/\/tallertrp.com\/ca\/wp-json\/wp\/v2\/pages\/751\/revisions"}],"predecessor-version":[{"id":758,"href":"https:\/\/tallertrp.com\/ca\/wp-json\/wp\/v2\/pages\/751\/revisions\/758"}],"wp:attachment":[{"href":"https:\/\/tallertrp.com\/ca\/wp-json\/wp\/v2\/media?parent=751"}],"curies":[{"name":"wp","href":"https:\/\/api.w.org\/{rel}","templated":true}]}}