{"id":759,"date":"2025-02-12T17:47:03","date_gmt":"2025-02-12T17:47:03","guid":{"rendered":"https:\/\/tallertrp.com\/immobilitzadors-vehicles-toyota-i-lexus\/"},"modified":"2025-04-09T14:02:18","modified_gmt":"2025-04-09T14:02:18","slug":"immobilitzadors-vehicles-toyota-i-lexus","status":"publish","type":"page","link":"https:\/\/tallertrp.com\/ca\/immobilitzadors-vehicles-toyota-i-lexus\/","title":{"rendered":"Immobilitzadors vehicles Toyota i Lexus"},"content":{"rendered":"<div class=\"fusion-fullwidth fullwidth-box fusion-builder-row-1 fusion-flex-container has-pattern-background has-mask-background nonhundred-percent-fullwidth non-hundred-percent-height-scrolling\" style=\"--awb-border-radius-top-left:0px;--awb-border-radius-top-right:0px;--awb-border-radius-bottom-right:0px;--awb-border-radius-bottom-left:0px;--awb-flex-wrap:wrap;\" ><div class=\"fusion-builder-row fusion-row fusion-flex-align-items-flex-start fusion-flex-content-wrap\" style=\"max-width:1248px;margin-left: calc(-4% \/ 2 );margin-right: calc(-4% \/ 2 );\"><div class=\"fusion-layout-column fusion_builder_column fusion-builder-column-0 fusion_builder_column_1_1 1_1 fusion-flex-column\" style=\"--awb-bg-size:cover;--awb-width-large:100%;--awb-margin-top-large:0px;--awb-spacing-right-large:1.92%;--awb-margin-bottom-large:20px;--awb-spacing-left-large:1.92%;--awb-width-medium:100%;--awb-order-medium:0;--awb-spacing-right-medium:1.92%;--awb-spacing-left-medium:1.92%;--awb-width-small:100%;--awb-order-small:0;--awb-spacing-right-small:1.92%;--awb-spacing-left-small:1.92%;\"><div class=\"fusion-column-wrapper fusion-column-has-shadow fusion-flex-justify-content-flex-start fusion-content-layout-column\"><div class=\"fusion-text fusion-text-1\"><h1>Immobilitzadors vehicles Toyota i Lexus<\/h1>\n<\/div><div class=\"fusion-builder-row fusion-builder-row-inner fusion-row fusion-flex-align-items-flex-start fusion-flex-content-wrap\" style=\"width:104% !important;max-width:104% !important;margin-left: calc(-4% \/ 2 );margin-right: calc(-4% \/ 2 );\"><div class=\"fusion-layout-column fusion_builder_column_inner fusion-builder-nested-column-0 fusion_builder_column_inner_3_4 3_4 fusion-flex-column\" style=\"--awb-bg-size:cover;--awb-width-large:75%;--awb-margin-top-large:0px;--awb-spacing-right-large:2.56%;--awb-margin-bottom-large:20px;--awb-spacing-left-large:2.56%;--awb-width-medium:75%;--awb-order-medium:0;--awb-spacing-right-medium:2.56%;--awb-spacing-left-medium:2.56%;--awb-width-small:100%;--awb-order-small:0;--awb-spacing-right-small:1.92%;--awb-spacing-left-small:1.92%;\"><div class=\"fusion-column-wrapper fusion-column-has-shadow fusion-flex-justify-content-flex-start fusion-content-layout-column\"><div class=\"fusion-text fusion-text-2\"><p data-start=\"0\" data-end=\"223\">En comprar un <strong data-start=\"14\" data-end=\"32\">Toyota o Lexus<\/strong> , es lliuren dues claus: <strong data-start=\"58\" data-end=\"68\">Master<\/strong> i <strong data-start=\"71\" data-end=\"82\">Service<\/strong> . Si es perd la <strong data-start=\"100\" data-end=\"110\">m\u00e0ster<\/strong> , no \u00e9s possible codificar noves claus, cosa que obliga a comprar una <strong data-start=\"179\" data-end=\"199\">nova centraleta<\/strong> amb un cost elevat. <\/p>\n<p data-start=\"225\" data-end=\"488\" data-is-last-node=\"\">A <strong data-start=\"228\" data-end=\"248\">TRP Motorsport<\/strong> oferim una soluci\u00f3 m\u00e9s r\u00e0pida i econ\u00f2mica: <strong data-start=\"297\" data-end=\"388\">rearmem el sistema i codifiquem noves claus sense necessitat de canviar la centraleta<\/strong> , evitant despeses innecess\u00e0ries i reduint el temps d&#8217;espera en comparaci\u00f3 amb un concessionari.<\/p>\n<\/div><\/div><\/div><div class=\"fusion-layout-column fusion_builder_column_inner fusion-builder-nested-column-1 fusion_builder_column_inner_1_4 1_4 fusion-flex-column\" style=\"--awb-bg-size:cover;--awb-width-large:25%;--awb-margin-top-large:0px;--awb-spacing-right-large:7.68%;--awb-margin-bottom-large:20px;--awb-spacing-left-large:7.68%;--awb-width-medium:25%;--awb-order-medium:0;--awb-spacing-right-medium:7.68%;--awb-spacing-left-medium:7.68%;--awb-width-small:100%;--awb-order-small:0;--awb-spacing-right-small:1.92%;--awb-spacing-left-small:1.92%;\"><div class=\"fusion-column-wrapper fusion-column-has-shadow fusion-flex-justify-content-flex-start fusion-content-layout-column\"><div class=\"fusion-image-element \" style=\"--awb-caption-title-font-family:var(--h2_typography-font-family);--awb-caption-title-font-weight:var(--h2_typography-font-weight);--awb-caption-title-font-style:var(--h2_typography-font-style);--awb-caption-title-size:var(--h2_typography-font-size);--awb-caption-title-transform:var(--h2_typography-text-transform);--awb-caption-title-line-height:var(--h2_typography-line-height);--awb-caption-title-letter-spacing:var(--h2_typography-letter-spacing);\"><span class=\" fusion-imageframe imageframe-none imageframe-1 hover-type-none\"><img decoding=\"async\" width=\"2000\" height=\"2000\" title=\"imagen_2025-02-12_182032385\" src=\"https:\/\/tallertrp.com\/wp-content\/uploads\/2025\/02\/imagen_2025-02-12_182032385.png\" alt class=\"img-responsive wp-image-521\" srcset=\"https:\/\/tallertrp.com\/wp-content\/uploads\/2025\/02\/imagen_2025-02-12_182032385-200x200.png 200w, https:\/\/tallertrp.com\/wp-content\/uploads\/2025\/02\/imagen_2025-02-12_182032385-400x400.png 400w, https:\/\/tallertrp.com\/wp-content\/uploads\/2025\/02\/imagen_2025-02-12_182032385-600x600.png 600w, https:\/\/tallertrp.com\/wp-content\/uploads\/2025\/02\/imagen_2025-02-12_182032385-800x800.png 800w, https:\/\/tallertrp.com\/wp-content\/uploads\/2025\/02\/imagen_2025-02-12_182032385-1200x1200.png 1200w, https:\/\/tallertrp.com\/wp-content\/uploads\/2025\/02\/imagen_2025-02-12_182032385.png 2000w\" sizes=\"(max-width: 640px) 100vw, 400px\" \/><\/span><\/div><\/div><\/div><\/div><\/div><\/div><\/div><\/div>\n","protected":false},"excerpt":{"rendered":"","protected":false},"author":1,"featured_media":0,"parent":0,"menu_order":0,"comment_status":"closed","ping_status":"closed","template":"100-width.php","meta":{"footnotes":""},"class_list":["post-759","page","type-page","status-publish","hentry"],"_links":{"self":[{"href":"https:\/\/tallertrp.com\/ca\/wp-json\/wp\/v2\/pages\/759","targetHints":{"allow":["GET"]}}],"collection":[{"href":"https:\/\/tallertrp.com\/ca\/wp-json\/wp\/v2\/pages"}],"about":[{"href":"https:\/\/tallertrp.com\/ca\/wp-json\/wp\/v2\/types\/page"}],"author":[{"embeddable":true,"href":"https:\/\/tallertrp.com\/ca\/wp-json\/wp\/v2\/users\/1"}],"replies":[{"embeddable":true,"href":"https:\/\/tallertrp.com\/ca\/wp-json\/wp\/v2\/comments?post=759"}],"version-history":[{"count":10,"href":"https:\/\/tallertrp.com\/ca\/wp-json\/wp\/v2\/pages\/759\/revisions"}],"predecessor-version":[{"id":794,"href":"https:\/\/tallertrp.com\/ca\/wp-json\/wp\/v2\/pages\/759\/revisions\/794"}],"wp:attachment":[{"href":"https:\/\/tallertrp.com\/ca\/wp-json\/wp\/v2\/media?parent=759"}],"curies":[{"name":"wp","href":"https:\/\/api.w.org\/{rel}","templated":true}]}}