{"id":760,"date":"2025-02-12T17:08:34","date_gmt":"2025-02-12T17:08:34","guid":{"rendered":"https:\/\/tallertrp.com\/eliminacio-de-codis-davaria-dtcs\/"},"modified":"2025-04-09T14:02:18","modified_gmt":"2025-04-09T14:02:18","slug":"eliminacio-de-codis-davaria-dtcs","status":"publish","type":"page","link":"https:\/\/tallertrp.com\/ca\/eliminacio-de-codis-davaria-dtcs\/","title":{"rendered":"Eliminaci\u00f3 de codis d&#8217;avaria DTC&#8217;s"},"content":{"rendered":"<div class=\"fusion-fullwidth fullwidth-box fusion-builder-row-1 fusion-flex-container has-pattern-background has-mask-background nonhundred-percent-fullwidth non-hundred-percent-height-scrolling\" style=\"--awb-border-radius-top-left:0px;--awb-border-radius-top-right:0px;--awb-border-radius-bottom-right:0px;--awb-border-radius-bottom-left:0px;--awb-flex-wrap:wrap;\" ><div class=\"fusion-builder-row fusion-row fusion-flex-align-items-flex-start fusion-flex-content-wrap\" style=\"max-width:1248px;margin-left: calc(-4% \/ 2 );margin-right: calc(-4% \/ 2 );\"><div class=\"fusion-layout-column fusion_builder_column fusion-builder-column-0 fusion_builder_column_1_1 1_1 fusion-flex-column\" style=\"--awb-bg-size:cover;--awb-width-large:100%;--awb-margin-top-large:0px;--awb-spacing-right-large:1.92%;--awb-margin-bottom-large:20px;--awb-spacing-left-large:1.92%;--awb-width-medium:100%;--awb-order-medium:0;--awb-spacing-right-medium:1.92%;--awb-spacing-left-medium:1.92%;--awb-width-small:100%;--awb-order-small:0;--awb-spacing-right-small:1.92%;--awb-spacing-left-small:1.92%;\"><div class=\"fusion-column-wrapper fusion-column-has-shadow fusion-flex-justify-content-flex-start fusion-content-layout-column\"><div class=\"fusion-text fusion-text-1\"><h1>Eliminaci\u00f3 de codis d&#8217;avaria DTC&#8217;s<\/h1>\n<\/div><div class=\"fusion-text fusion-text-2\"><p>Eliminaci\u00f3 de codis d&#8217;avaria individuals<\/p>\n<\/div><div class=\"fusion-image-element \" style=\"--awb-caption-title-font-family:var(--h2_typography-font-family);--awb-caption-title-font-weight:var(--h2_typography-font-weight);--awb-caption-title-font-style:var(--h2_typography-font-style);--awb-caption-title-size:var(--h2_typography-font-size);--awb-caption-title-transform:var(--h2_typography-text-transform);--awb-caption-title-line-height:var(--h2_typography-line-height);--awb-caption-title-letter-spacing:var(--h2_typography-letter-spacing);\"><span class=\" fusion-imageframe imageframe-none imageframe-1 hover-type-none\"><img decoding=\"async\" width=\"937\" height=\"205\" title=\"imagen_2025-02-12_180816110\" src=\"https:\/\/tallertrp.com\/wp-content\/uploads\/2025\/02\/imagen_2025-02-12_180816110.png\" alt class=\"img-responsive wp-image-513\" srcset=\"https:\/\/tallertrp.com\/wp-content\/uploads\/2025\/02\/imagen_2025-02-12_180816110-200x44.png 200w, https:\/\/tallertrp.com\/wp-content\/uploads\/2025\/02\/imagen_2025-02-12_180816110-400x88.png 400w, https:\/\/tallertrp.com\/wp-content\/uploads\/2025\/02\/imagen_2025-02-12_180816110-600x131.png 600w, https:\/\/tallertrp.com\/wp-content\/uploads\/2025\/02\/imagen_2025-02-12_180816110-800x175.png 800w, https:\/\/tallertrp.com\/wp-content\/uploads\/2025\/02\/imagen_2025-02-12_180816110.png 937w\" sizes=\"(max-width: 640px) 100vw, 937px\" \/><\/span><\/div><div class=\"fusion-text fusion-text-3\"><\/div><div class=\"fusion-text fusion-text-4\"><p data-start=\"0\" data-end=\"241\">Els codis d&#8217;avaria DTC alerten sobre errors al vehicle i queden registrats a l&#8217;ECU quan els sensors detecten valors fora dels l\u00edmits normals. A m\u00e9s d&#8217;informar el conductor, faciliten la diagnosi a tallers mec\u00e0nics. <\/p>\n<p data-start=\"243\" data-end=\"646\">El servei <strong data-start=\"255\" data-end=\"266\">DTC-OFF<\/strong> permet eliminar codis d&#8217;avaria espec\u00edfics per evitar avisos al tauler i la reducci\u00f3 de pot\u00e8ncia, especialment en vehicles amb reparacions costoses per\u00f2 no cr\u00edtiques o en cotxes de competici\u00f3. TRP Motorsport compta amb tecnologia avan\u00e7ada per desactivar aquests codis en una \u00e0mplia varietat de vehicles i centraletes, ampliant constantment la seva compatibilitat. <\/p>\n<\/div><\/div><\/div><\/div><\/div>\n","protected":false},"excerpt":{"rendered":"","protected":false},"author":1,"featured_media":0,"parent":0,"menu_order":0,"comment_status":"closed","ping_status":"closed","template":"100-width.php","meta":{"footnotes":""},"class_list":["post-760","page","type-page","status-publish","hentry"],"_links":{"self":[{"href":"https:\/\/tallertrp.com\/ca\/wp-json\/wp\/v2\/pages\/760","targetHints":{"allow":["GET"]}}],"collection":[{"href":"https:\/\/tallertrp.com\/ca\/wp-json\/wp\/v2\/pages"}],"about":[{"href":"https:\/\/tallertrp.com\/ca\/wp-json\/wp\/v2\/types\/page"}],"author":[{"embeddable":true,"href":"https:\/\/tallertrp.com\/ca\/wp-json\/wp\/v2\/users\/1"}],"replies":[{"embeddable":true,"href":"https:\/\/tallertrp.com\/ca\/wp-json\/wp\/v2\/comments?post=760"}],"version-history":[{"count":10,"href":"https:\/\/tallertrp.com\/ca\/wp-json\/wp\/v2\/pages\/760\/revisions"}],"predecessor-version":[{"id":792,"href":"https:\/\/tallertrp.com\/ca\/wp-json\/wp\/v2\/pages\/760\/revisions\/792"}],"wp:attachment":[{"href":"https:\/\/tallertrp.com\/ca\/wp-json\/wp\/v2\/media?parent=760"}],"curies":[{"name":"wp","href":"https:\/\/api.w.org\/{rel}","templated":true}]}}