{"id":765,"date":"2025-02-12T17:05:17","date_gmt":"2025-02-12T17:05:17","guid":{"rendered":"https:\/\/tallertrp.com\/eliminacio-codis-davaria\/"},"modified":"2025-04-09T14:02:18","modified_gmt":"2025-04-09T14:02:18","slug":"eliminacio-codis-davaria","status":"publish","type":"page","link":"https:\/\/tallertrp.com\/ca\/eliminacio-codis-davaria\/","title":{"rendered":"Eliminaci\u00f3 Codis d&#8217;avaria"},"content":{"rendered":"<p><div class=\"fusion-fullwidth fullwidth-box fusion-builder-row-1 fusion-flex-container has-pattern-background has-mask-background nonhundred-percent-fullwidth non-hundred-percent-height-scrolling\" style=\"--awb-border-radius-top-left:0px;--awb-border-radius-top-right:0px;--awb-border-radius-bottom-right:0px;--awb-border-radius-bottom-left:0px;--awb-flex-wrap:wrap;\" ><div class=\"fusion-builder-row fusion-row fusion-flex-align-items-flex-start fusion-flex-content-wrap\" style=\"max-width:1248px;margin-left: calc(-4% \/ 2 );margin-right: calc(-4% \/ 2 );\"><div class=\"fusion-layout-column fusion_builder_column fusion-builder-column-0 fusion_builder_column_1_1 1_1 fusion-flex-column\" style=\"--awb-bg-size:cover;--awb-width-large:100%;--awb-margin-top-large:0px;--awb-spacing-right-large:1.92%;--awb-margin-bottom-large:20px;--awb-spacing-left-large:1.92%;--awb-width-medium:100%;--awb-order-medium:0;--awb-spacing-right-medium:1.92%;--awb-spacing-left-medium:1.92%;--awb-width-small:100%;--awb-order-small:0;--awb-spacing-right-small:1.92%;--awb-spacing-left-small:1.92%;\"><div class=\"fusion-column-wrapper fusion-column-has-shadow fusion-flex-justify-content-flex-start fusion-content-layout-column\"><div class=\"fusion-text fusion-text-1\"><h1>Eliminaci\u00f3 Codis d&#8217;avaria<\/h1>\n<div id=\"urban-overlay\" style=\"left: -10px; top: -10px; width: 0px; height: 0px;\">&nbsp;<\/div>\n<div id=\"urban-overlay\" style=\"left: -10px; top: -10px; width: 0px; height: 0px;\">&nbsp;<\/div>\n<div id=\"urban-overlay\" style=\"left: -10px; top: -10px; width: 0px; height: 0px;\">&nbsp;<\/div>\n<div id=\"urban-overlay\" style=\"left: -10px; top: -10px; width: 0px; height: 0px;\">&nbsp;<\/div>\n<\/div><\/div><\/div><\/div><\/div><div class=\"fusion-fullwidth fullwidth-box fusion-builder-row-2 fusion-flex-container has-pattern-background has-mask-background nonhundred-percent-fullwidth non-hundred-percent-height-scrolling\" style=\"--awb-border-radius-top-left:0px;--awb-border-radius-top-right:0px;--awb-border-radius-bottom-right:0px;--awb-border-radius-bottom-left:0px;--awb-flex-wrap:wrap;\" ><div class=\"fusion-builder-row fusion-row fusion-flex-align-items-flex-start fusion-flex-content-wrap\" style=\"max-width:1248px;margin-left: calc(-4% \/ 2 );margin-right: calc(-4% \/ 2 );\"><div class=\"fusion-layout-column fusion_builder_column fusion-builder-column-1 fusion_builder_column_1_1 1_1 fusion-flex-column\" style=\"--awb-bg-size:cover;--awb-width-large:100%;--awb-margin-top-large:0px;--awb-spacing-right-large:1.92%;--awb-margin-bottom-large:20px;--awb-spacing-left-large:1.92%;--awb-width-medium:100%;--awb-order-medium:0;--awb-spacing-right-medium:1.92%;--awb-spacing-left-medium:1.92%;--awb-width-small:100%;--awb-order-small:0;--awb-spacing-right-small:1.92%;--awb-spacing-left-small:1.92%;\"><div class=\"fusion-column-wrapper fusion-column-has-shadow fusion-flex-justify-content-flex-start fusion-content-layout-column\"><div class=\"fusion-text fusion-text-2\"><p data-start=\"181\" data-end=\"629\">L&#8217;eliminaci\u00f3 de codis d&#8217;avaria \u00e9s un servei clau per garantir el bon funcionament del vehicle i evitar que s&#8217;encenguin llums d&#8217;advertiment innecessaris. A trav\u00e9s d&#8217;una connexi\u00f3 directa amb el sistema de diagn\u00f2stic del vehicle, eliminem els codis d&#8217;error emmagatzemats a l&#8217;ECU (Unitat de Control Electr\u00f2nic), que poden ser causats per errors temporals o problemes menors que ja han estat solucionats. <\/p>\n<p data-start=\"631\" data-end=\"653\">Aquest servei inclou:<\/p>\n<ul data-start=\"655\" data-end=\"1173\">\n<li data-start=\"655\" data-end=\"801\"><strong data-start=\"657\" data-end=\"692\">Eliminaci\u00f3 de codis d&#8217;error<\/strong> : Neteja dels codis d&#8217;avaria emmagatzemats a l&#8217;ECU, eliminant els advertiments de mal funcionament.<\/li>\n<li data-start=\"802\" data-end=\"992\"><strong data-start=\"804\" data-end=\"831\">Diagn\u00f2stic de la causa<\/strong> : Encara que eliminem els codis, tamb\u00e9 realitzem un diagn\u00f2stic per assegurar que el problema original estigui resolt i evitar que el codi torni a apar\u00e8ixer.<\/li>\n<li data-start=\"993\" data-end=\"1173\"><strong data-start=\"995\" data-end=\"1021\">Millora del rendiment<\/strong> : Eliminar codis d&#8217;avaria pot millorar l&#8217;efici\u00e8ncia i el rendiment del vehicle en assegurar que el sistema no reaccioni a errors falsos.<\/li>\n<\/ul>\n<p data-start=\"1175\" data-end=\"1334\">\u00c9s ideal per a situacions on els codis derror ja no representen un problema real, per\u00f2 segueixen afectant el rendiment o el funcionament del vehicle.<\/p>\n<\/div><\/div><\/div><\/div><\/div><\/p>\n","protected":false},"excerpt":{"rendered":"","protected":false},"author":1,"featured_media":0,"parent":0,"menu_order":0,"comment_status":"closed","ping_status":"closed","template":"100-width.php","meta":{"footnotes":""},"class_list":["post-765","page","type-page","status-publish","hentry"],"_links":{"self":[{"href":"https:\/\/tallertrp.com\/ca\/wp-json\/wp\/v2\/pages\/765","targetHints":{"allow":["GET"]}}],"collection":[{"href":"https:\/\/tallertrp.com\/ca\/wp-json\/wp\/v2\/pages"}],"about":[{"href":"https:\/\/tallertrp.com\/ca\/wp-json\/wp\/v2\/types\/page"}],"author":[{"embeddable":true,"href":"https:\/\/tallertrp.com\/ca\/wp-json\/wp\/v2\/users\/1"}],"replies":[{"embeddable":true,"href":"https:\/\/tallertrp.com\/ca\/wp-json\/wp\/v2\/comments?post=765"}],"version-history":[{"count":1,"href":"https:\/\/tallertrp.com\/ca\/wp-json\/wp\/v2\/pages\/765\/revisions"}],"predecessor-version":[{"id":769,"href":"https:\/\/tallertrp.com\/ca\/wp-json\/wp\/v2\/pages\/765\/revisions\/769"}],"wp:attachment":[{"href":"https:\/\/tallertrp.com\/ca\/wp-json\/wp\/v2\/media?parent=765"}],"curies":[{"name":"wp","href":"https:\/\/api.w.org\/{rel}","templated":true}]}}