{"id":766,"date":"2025-02-12T17:45:46","date_gmt":"2025-02-12T17:45:46","guid":{"rendered":"https:\/\/tallertrp.com\/immobilitzador-kia-sportage-turbo-diesel\/"},"modified":"2025-04-09T14:02:18","modified_gmt":"2025-04-09T14:02:18","slug":"immobilitzador-kia-sportage-turbo-diesel","status":"publish","type":"page","link":"https:\/\/tallertrp.com\/ca\/immobilitzador-kia-sportage-turbo-diesel\/","title":{"rendered":"Immobilitzador Kia Sportage Turbo Diesel"},"content":{"rendered":"<div class=\"fusion-fullwidth fullwidth-box fusion-builder-row-1 fusion-flex-container has-pattern-background has-mask-background nonhundred-percent-fullwidth non-hundred-percent-height-scrolling\" style=\"--awb-border-radius-top-left:0px;--awb-border-radius-top-right:0px;--awb-border-radius-bottom-right:0px;--awb-border-radius-bottom-left:0px;--awb-flex-wrap:wrap;\" ><div class=\"fusion-builder-row fusion-row fusion-flex-align-items-flex-start fusion-flex-content-wrap\" style=\"max-width:1248px;margin-left: calc(-4% \/ 2 );margin-right: calc(-4% \/ 2 );\"><div class=\"fusion-layout-column fusion_builder_column fusion-builder-column-0 fusion_builder_column_1_1 1_1 fusion-flex-column\" style=\"--awb-bg-size:cover;--awb-width-large:100%;--awb-margin-top-large:0px;--awb-spacing-right-large:1.92%;--awb-margin-bottom-large:20px;--awb-spacing-left-large:1.92%;--awb-width-medium:100%;--awb-order-medium:0;--awb-spacing-right-medium:1.92%;--awb-spacing-left-medium:1.92%;--awb-width-small:100%;--awb-order-small:0;--awb-spacing-right-small:1.92%;--awb-spacing-left-small:1.92%;\"><div class=\"fusion-column-wrapper fusion-column-has-shadow fusion-flex-justify-content-flex-start fusion-content-layout-column\"><div class=\"fusion-text fusion-text-1\"><h1>Immobilitzador Kia Sportage Turbo Diesel<\/h1>\n<\/div><div class=\"fusion-builder-row fusion-builder-row-inner fusion-row fusion-flex-align-items-flex-start fusion-flex-content-wrap\" style=\"width:104% !important;max-width:104% !important;margin-left: calc(-4% \/ 2 );margin-right: calc(-4% \/ 2 );\"><div class=\"fusion-layout-column fusion_builder_column_inner fusion-builder-nested-column-0 fusion_builder_column_inner_3_4 3_4 fusion-flex-column\" style=\"--awb-bg-size:cover;--awb-width-large:75%;--awb-margin-top-large:0px;--awb-spacing-right-large:2.56%;--awb-margin-bottom-large:20px;--awb-spacing-left-large:2.56%;--awb-width-medium:75%;--awb-order-medium:0;--awb-spacing-right-medium:2.56%;--awb-spacing-left-medium:2.56%;--awb-width-small:100%;--awb-order-small:0;--awb-spacing-right-small:1.92%;--awb-spacing-left-small:1.92%;\"><div class=\"fusion-column-wrapper fusion-column-has-shadow fusion-flex-justify-content-flex-start fusion-content-layout-column\"><div class=\"fusion-text fusion-text-2\"><p data-start=\"0\" data-end=\"285\">Un dels problemes m\u00e9s comuns al <strong data-start=\"39\" data-end=\"68\">Kia Sportage Turbo Diesel<\/strong> \u00e9s el bloqueig de l&#8217; <strong data-start=\"89\" data-end=\"106\">ECU del motor<\/strong> quan el vehicle es queda sense bateria. Aix\u00f2 passa a causa de la p\u00e8rdua de comunicaci\u00f3 entre la centraleta del motor i la de l&#8217;immobilitzador, impedint l&#8217;arrencada del cotxe.<\/p>\n<p data-start=\"287\" data-end=\"593\" data-is-last-node=\"\">Per evitar aquest inconvenient, <strong data-start=\"319\" data-end=\"339\">TRP Motorsport<\/strong> ofereix una soluci\u00f3 definitiva: <strong data-start=\"372\" data-end=\"432\">anul\u00b7lar l&#8217;immobilitzador directament a l&#8217;ECU del motor<\/strong> . Amb aquesta intervenci\u00f3, s&#8217;elimina el risc de bloquejos futurs relacionats amb el sistema d&#8217;immobilitzaci\u00f3, assegurant un funcionament sense interrupcions.<\/p>\n<\/div><\/div><\/div><div class=\"fusion-layout-column fusion_builder_column_inner fusion-builder-nested-column-1 fusion_builder_column_inner_1_4 1_4 fusion-flex-column\" style=\"--awb-bg-size:cover;--awb-width-large:25%;--awb-margin-top-large:0px;--awb-spacing-right-large:7.68%;--awb-margin-bottom-large:20px;--awb-spacing-left-large:7.68%;--awb-width-medium:25%;--awb-order-medium:0;--awb-spacing-right-medium:7.68%;--awb-spacing-left-medium:7.68%;--awb-width-small:100%;--awb-order-small:0;--awb-spacing-right-small:1.92%;--awb-spacing-left-small:1.92%;\"><div class=\"fusion-column-wrapper fusion-column-has-shadow fusion-flex-justify-content-flex-start fusion-content-layout-column\"><div class=\"fusion-image-element \" style=\"--awb-caption-title-font-family:var(--h2_typography-font-family);--awb-caption-title-font-weight:var(--h2_typography-font-weight);--awb-caption-title-font-style:var(--h2_typography-font-style);--awb-caption-title-size:var(--h2_typography-font-size);--awb-caption-title-transform:var(--h2_typography-text-transform);--awb-caption-title-line-height:var(--h2_typography-line-height);--awb-caption-title-letter-spacing:var(--h2_typography-letter-spacing);\"><span class=\" fusion-imageframe imageframe-none imageframe-1 hover-type-none\"><img decoding=\"async\" width=\"2000\" height=\"2000\" title=\"imagen_2025-02-12_182217794\" src=\"https:\/\/tallertrp.com\/wp-content\/uploads\/2025\/02\/imagen_2025-02-12_182217794.png\" alt class=\"img-responsive wp-image-522\" srcset=\"https:\/\/tallertrp.com\/wp-content\/uploads\/2025\/02\/imagen_2025-02-12_182217794-200x200.png 200w, https:\/\/tallertrp.com\/wp-content\/uploads\/2025\/02\/imagen_2025-02-12_182217794-400x400.png 400w, https:\/\/tallertrp.com\/wp-content\/uploads\/2025\/02\/imagen_2025-02-12_182217794-600x600.png 600w, https:\/\/tallertrp.com\/wp-content\/uploads\/2025\/02\/imagen_2025-02-12_182217794-800x800.png 800w, https:\/\/tallertrp.com\/wp-content\/uploads\/2025\/02\/imagen_2025-02-12_182217794-1200x1200.png 1200w, https:\/\/tallertrp.com\/wp-content\/uploads\/2025\/02\/imagen_2025-02-12_182217794.png 2000w\" sizes=\"(max-width: 640px) 100vw, 400px\" \/><\/span><\/div><\/div><\/div><\/div><\/div><\/div><\/div><\/div>\n","protected":false},"excerpt":{"rendered":"","protected":false},"author":1,"featured_media":0,"parent":0,"menu_order":0,"comment_status":"closed","ping_status":"closed","template":"100-width.php","meta":{"footnotes":""},"class_list":["post-766","page","type-page","status-publish","hentry"],"_links":{"self":[{"href":"https:\/\/tallertrp.com\/ca\/wp-json\/wp\/v2\/pages\/766","targetHints":{"allow":["GET"]}}],"collection":[{"href":"https:\/\/tallertrp.com\/ca\/wp-json\/wp\/v2\/pages"}],"about":[{"href":"https:\/\/tallertrp.com\/ca\/wp-json\/wp\/v2\/types\/page"}],"author":[{"embeddable":true,"href":"https:\/\/tallertrp.com\/ca\/wp-json\/wp\/v2\/users\/1"}],"replies":[{"embeddable":true,"href":"https:\/\/tallertrp.com\/ca\/wp-json\/wp\/v2\/comments?post=766"}],"version-history":[{"count":1,"href":"https:\/\/tallertrp.com\/ca\/wp-json\/wp\/v2\/pages\/766\/revisions"}],"predecessor-version":[{"id":772,"href":"https:\/\/tallertrp.com\/ca\/wp-json\/wp\/v2\/pages\/766\/revisions\/772"}],"wp:attachment":[{"href":"https:\/\/tallertrp.com\/ca\/wp-json\/wp\/v2\/media?parent=766"}],"curies":[{"name":"wp","href":"https:\/\/api.w.org\/{rel}","templated":true}]}}