{"id":773,"date":"2025-02-12T16:51:48","date_gmt":"2025-02-12T16:51:48","guid":{"rendered":"https:\/\/tallertrp.com\/clonacio-codificacio-i-virginitzacio-ecus\/"},"modified":"2025-04-09T14:02:18","modified_gmt":"2025-04-09T14:02:18","slug":"clonacio-codificacio-i-virginitzacio-ecus","status":"publish","type":"page","link":"https:\/\/tallertrp.com\/ca\/clonacio-codificacio-i-virginitzacio-ecus\/","title":{"rendered":"Clonaci\u00f3, codificaci\u00f3 i virginitzaci\u00f3 ECU&#8217;s"},"content":{"rendered":"<p><div class=\"fusion-fullwidth fullwidth-box fusion-builder-row-1 fusion-flex-container has-pattern-background has-mask-background nonhundred-percent-fullwidth non-hundred-percent-height-scrolling\" style=\"--awb-border-radius-top-left:0px;--awb-border-radius-top-right:0px;--awb-border-radius-bottom-right:0px;--awb-border-radius-bottom-left:0px;--awb-flex-wrap:wrap;\" ><div class=\"fusion-builder-row fusion-row fusion-flex-align-items-flex-start fusion-flex-content-wrap\" style=\"max-width:1248px;margin-left: calc(-4% \/ 2 );margin-right: calc(-4% \/ 2 );\"><div class=\"fusion-layout-column fusion_builder_column fusion-builder-column-0 fusion_builder_column_1_1 1_1 fusion-flex-column\" style=\"--awb-bg-size:cover;--awb-width-large:100%;--awb-margin-top-large:0px;--awb-spacing-right-large:1.92%;--awb-margin-bottom-large:20px;--awb-spacing-left-large:1.92%;--awb-width-medium:100%;--awb-order-medium:0;--awb-spacing-right-medium:1.92%;--awb-spacing-left-medium:1.92%;--awb-width-small:100%;--awb-order-small:0;--awb-spacing-right-small:1.92%;--awb-spacing-left-small:1.92%;\"><div class=\"fusion-column-wrapper fusion-column-has-shadow fusion-flex-justify-content-flex-start fusion-content-layout-column\"><div class=\"fusion-text fusion-text-1\"><h2><strong>Clonaci\u00f3, codificaci\u00f3 i virginitzaci\u00f3 ECU&#8217;s<\/strong><\/h2>\n<div id=\"urban-overlay\" style=\"left: -10px; top: -10px; width: 0px; height: 0px;\">&nbsp;<\/div>\n<\/div><\/div><\/div><\/div><\/div><div class=\"fusion-fullwidth fullwidth-box fusion-builder-row-2 fusion-flex-container has-pattern-background has-mask-background nonhundred-percent-fullwidth non-hundred-percent-height-scrolling\" style=\"--awb-border-radius-top-left:0px;--awb-border-radius-top-right:0px;--awb-border-radius-bottom-right:0px;--awb-border-radius-bottom-left:0px;--awb-flex-wrap:wrap;\" ><div class=\"fusion-builder-row fusion-row fusion-flex-align-items-flex-start fusion-flex-content-wrap\" style=\"max-width:1248px;margin-left: calc(-4% \/ 2 );margin-right: calc(-4% \/ 2 );\"><div class=\"fusion-layout-column fusion_builder_column fusion-builder-column-1 fusion_builder_column_1_1 1_1 fusion-flex-column\" style=\"--awb-bg-size:cover;--awb-width-large:100%;--awb-margin-top-large:0px;--awb-spacing-right-large:1.92%;--awb-margin-bottom-large:20px;--awb-spacing-left-large:1.92%;--awb-width-medium:100%;--awb-order-medium:0;--awb-spacing-right-medium:1.92%;--awb-spacing-left-medium:1.92%;--awb-width-small:100%;--awb-order-small:0;--awb-spacing-right-small:1.92%;--awb-spacing-left-small:1.92%;\"><div class=\"fusion-column-wrapper fusion-column-has-shadow fusion-flex-justify-content-flex-start fusion-content-layout-column\"><div class=\"fusion-text fusion-text-2\"><h6>El clonatge, codificaci\u00f3 i virginitzaci\u00f3 d&#8217;ECU&#8217;s (Unitat de Control Electr\u00f2nic) s\u00f3n processos essencials per garantir la correcta operaci\u00f3 i personalitzaci\u00f3 dels vehicles moderns. Aquests serveis permeten la transfer\u00e8ncia de dades entre ECU&#8217;s, adaptant el vehicle a noves configuracions o reparacions sense perdre les funcions originals. <\/h6>\n<ul data-start=\"598\" data-end=\"1113\">\n<li data-start=\"598\" data-end=\"752\">\n<h6 data-start=\"600\" data-end=\"752\">Clonaci\u00f3 d&#8217;ECU: Duplica la informaci\u00f3 i configuracions d&#8217;una ECU per utilitzar-la en un altre vehicle, sense que es perdin els ajustaments originals.<\/h6>\n<\/li>\n<li data-start=\"756\" data-end=\"941\">\n<h6 data-start=\"758\" data-end=\"941\">Codificaci\u00f3 d&#8217;ECU: Ajusta i configura les ECU per adaptar-les a un nou sistema o vehicle, assegurant la correcta integraci\u00f3 amb altres components electr\u00f2nics del cotxe.<\/h6>\n<\/li>\n<li data-start=\"945\" data-end=\"1113\">\n<h6 data-start=\"947\" data-end=\"1113\">Virginitzaci\u00f3 d&#8217;ECU&#8217;s: Restableix l&#8217;ECU al seu estat original, eliminant qualsevol programaci\u00f3 pr\u00e8via, ideal quan es canvia o es reempla\u00e7a la unitat de control.<\/h6>\n<\/li>\n<\/ul>\n<h6 data-start=\"1115\" data-end=\"1347\">Aquests serveis s\u00f3n essencials per a la reparaci\u00f3, actualitzaci\u00f3 o reprogramaci\u00f3 de sistemes electr\u00f2nics, garantint que el teu vehicle mantingui la seva funcionalitat i fiabilitat sense importar el tipus de modificaci\u00f3 que necessiti.<\/h6>\n<div id=\"urban-overlay\" style=\"left: -10px; top: -10px; width: 0px; height: 0px;\">&nbsp;<\/div>\n<\/div><\/div><\/div><\/div><\/div><\/p>\n","protected":false},"excerpt":{"rendered":"","protected":false},"author":1,"featured_media":0,"parent":0,"menu_order":0,"comment_status":"closed","ping_status":"closed","template":"100-width.php","meta":{"footnotes":""},"class_list":["post-773","page","type-page","status-publish","hentry"],"_links":{"self":[{"href":"https:\/\/tallertrp.com\/ca\/wp-json\/wp\/v2\/pages\/773","targetHints":{"allow":["GET"]}}],"collection":[{"href":"https:\/\/tallertrp.com\/ca\/wp-json\/wp\/v2\/pages"}],"about":[{"href":"https:\/\/tallertrp.com\/ca\/wp-json\/wp\/v2\/types\/page"}],"author":[{"embeddable":true,"href":"https:\/\/tallertrp.com\/ca\/wp-json\/wp\/v2\/users\/1"}],"replies":[{"embeddable":true,"href":"https:\/\/tallertrp.com\/ca\/wp-json\/wp\/v2\/comments?post=773"}],"version-history":[{"count":1,"href":"https:\/\/tallertrp.com\/ca\/wp-json\/wp\/v2\/pages\/773\/revisions"}],"predecessor-version":[{"id":778,"href":"https:\/\/tallertrp.com\/ca\/wp-json\/wp\/v2\/pages\/773\/revisions\/778"}],"wp:attachment":[{"href":"https:\/\/tallertrp.com\/ca\/wp-json\/wp\/v2\/media?parent=773"}],"curies":[{"name":"wp","href":"https:\/\/api.w.org\/{rel}","templated":true}]}}