{"id":781,"date":"2025-02-12T17:39:48","date_gmt":"2025-02-12T17:39:48","guid":{"rendered":"https:\/\/tallertrp.com\/immo-off-immo-delet-clear-immo\/"},"modified":"2025-04-09T14:02:18","modified_gmt":"2025-04-09T14:02:18","slug":"immo-off-immo-delet-clear-immo","status":"publish","type":"page","link":"https:\/\/tallertrp.com\/ca\/immo-off-immo-delet-clear-immo\/","title":{"rendered":"IMMO-OFF \/ IMMO-DELET \/ CLEAR-IMMO"},"content":{"rendered":"<div class=\"fusion-fullwidth fullwidth-box fusion-builder-row-1 fusion-flex-container has-pattern-background has-mask-background nonhundred-percent-fullwidth non-hundred-percent-height-scrolling\" style=\"--awb-border-radius-top-left:0px;--awb-border-radius-top-right:0px;--awb-border-radius-bottom-right:0px;--awb-border-radius-bottom-left:0px;--awb-flex-wrap:wrap;\" ><div class=\"fusion-builder-row fusion-row fusion-flex-align-items-flex-start fusion-flex-content-wrap\" style=\"max-width:1248px;margin-left: calc(-4% \/ 2 );margin-right: calc(-4% \/ 2 );\"><div class=\"fusion-layout-column fusion_builder_column fusion-builder-column-0 fusion_builder_column_1_1 1_1 fusion-flex-column\" style=\"--awb-bg-size:cover;--awb-width-large:100%;--awb-margin-top-large:0px;--awb-spacing-right-large:1.92%;--awb-margin-bottom-large:20px;--awb-spacing-left-large:1.92%;--awb-width-medium:100%;--awb-order-medium:0;--awb-spacing-right-medium:1.92%;--awb-spacing-left-medium:1.92%;--awb-width-small:100%;--awb-order-small:0;--awb-spacing-right-small:1.92%;--awb-spacing-left-small:1.92%;\"><div class=\"fusion-column-wrapper fusion-column-has-shadow fusion-flex-justify-content-flex-start fusion-content-layout-column\"><div class=\"fusion-text fusion-text-1\"><h1>IMMO-OFF \/ IMMO-DELET \/ CLEAR-IMMO<\/h1>\n<\/div><div class=\"fusion-text fusion-text-2\"><p>Eliminaci\u00f3 de codis d&#8217;avaria individuals<\/p>\n<\/div><div class=\"fusion-image-element \" style=\"--awb-caption-title-font-family:var(--h2_typography-font-family);--awb-caption-title-font-weight:var(--h2_typography-font-weight);--awb-caption-title-font-style:var(--h2_typography-font-style);--awb-caption-title-size:var(--h2_typography-font-size);--awb-caption-title-transform:var(--h2_typography-text-transform);--awb-caption-title-line-height:var(--h2_typography-line-height);--awb-caption-title-letter-spacing:var(--h2_typography-letter-spacing);\"><span class=\" fusion-imageframe imageframe-none imageframe-1 hover-type-none\"><img decoding=\"async\" width=\"933\" height=\"206\" title=\"imagen_2025-02-12_183710969\" src=\"https:\/\/tallertrp.com\/wp-content\/uploads\/2025\/02\/imagen_2025-02-12_183710969.png\" alt class=\"img-responsive wp-image-529\" srcset=\"https:\/\/tallertrp.com\/wp-content\/uploads\/2025\/02\/imagen_2025-02-12_183710969-200x44.png 200w, https:\/\/tallertrp.com\/wp-content\/uploads\/2025\/02\/imagen_2025-02-12_183710969-400x88.png 400w, https:\/\/tallertrp.com\/wp-content\/uploads\/2025\/02\/imagen_2025-02-12_183710969-600x132.png 600w, https:\/\/tallertrp.com\/wp-content\/uploads\/2025\/02\/imagen_2025-02-12_183710969-800x177.png 800w, https:\/\/tallertrp.com\/wp-content\/uploads\/2025\/02\/imagen_2025-02-12_183710969.png 933w\" sizes=\"(max-width: 640px) 100vw, 933px\" \/><\/span><\/div><div class=\"fusion-text fusion-text-3\"><\/div><div class=\"fusion-text fusion-text-4\"><p data-start=\"0\" data-end=\"411\">Des del 2000, la majoria dels vehicles incorporen un <strong data-start=\"72\" data-end=\"101\">immobilitzador electr\u00f2nic<\/strong> , un sistema antirobatori que permet l&#8217;arrencada nom\u00e9s si reconeix la clau correcta. Si aquest sistema falla, alguns vehicles es poden apagar despr\u00e9s d&#8217;uns segons, mentre que altres no arrenquen en absolut. La reparaci\u00f3 sol ser costosa i implica canvis de claus, tauler d&#8217;instruments o fins i tot l&#8217;ECU.<\/p>\n<p data-start=\"413\" data-end=\"823\">El servei <strong data-start=\"425\" data-end=\"437\">Immo-Off<\/strong> desactiva l&#8217;immobilitzador i permet l&#8217;arrencada sense dependre del senyal del transponedor de la clau. \u00c9s \u00fatil en casos com p\u00e8rdua de claus, substituci\u00f3 de l&#8217;ECU, fallades al sistema o necessitat de m\u00faltiples c\u00f2pies. TRP Motorsport ofereix aquest servei per a diverses marques, actuant directament sobre el programari del vehicle o, en alguns casos, utilitzant un emulador.<\/p>\n<\/div><div class=\"accordian fusion-accordian\" style=\"--awb-border-size:1px;--awb-icon-size:16px;--awb-content-font-size:var(--awb-typography4-font-size);--awb-icon-alignment:left;--awb-hover-color:var(--awb-color2);--awb-border-color:var(--awb-color3);--awb-background-color:var(--awb-color1);--awb-divider-color:var(--awb-color3);--awb-divider-hover-color:var(--awb-color3);--awb-icon-color:var(--awb-color1);--awb-title-color:var(--awb-color8);--awb-content-color:var(--awb-color8);--awb-icon-box-color:var(--awb-color8);--awb-toggle-hover-accent-color:var(--awb-color5);--awb-title-font-family:var(--awb-typography1-font-family);--awb-title-font-weight:var(--awb-typography1-font-weight);--awb-title-font-style:var(--awb-typography1-font-style);--awb-title-font-size:16px;--awb-content-font-family:var(--awb-typography4-font-family);--awb-content-font-weight:var(--awb-typography4-font-weight);--awb-content-font-style:var(--awb-typography4-font-style);\"><div class=\"panel-group fusion-toggle-icon-boxed\" id=\"accordion-781-1\"><div class=\"fusion-panel panel-default panel-491b18463d39cbcde fusion-toggle-has-divider\" style=\"--awb-title-color:var(--awb-color8);\"><div class=\"panel-heading\"><h4 class=\"panel-title toggle\" id=\"toggle_491b18463d39cbcde\"><a aria-expanded=\"false\" aria-controls=\"491b18463d39cbcde\" role=\"button\" data-toggle=\"collapse\" data-parent=\"#accordion-781-1\" data-target=\"#491b18463d39cbcde\" href=\"#491b18463d39cbcde\"><span class=\"fusion-toggle-icon-wrapper\" aria-hidden=\"true\"><i class=\"fa-fusion-box active-icon awb-icon-minus\" aria-hidden=\"true\"><\/i><i class=\"fa-fusion-box inactive-icon awb-icon-plus\" aria-hidden=\"true\"><\/i><\/span><span class=\"fusion-toggle-heading\">EN QU\u00c8 CONSISTEIX L&#039;IMMO-OFF?<\/span><\/a><\/h4><\/div><div id=\"491b18463d39cbcde\" class=\"panel-collapse collapse \" aria-labelledby=\"toggle_491b18463d39cbcde\"><div class=\"panel-body toggle-content fusion-clearfix\">\n<p>\u00c9s un sistema que permet l&#8217;arrencada nom\u00e9s si reconeix la clau correcta, evitant robatoris.<\/p>\n<div id=\"urban-overlay\" style=\"left: -10px; top: -10px; width: 0px; height: 0px;\"><\/div>\n<\/div><\/div><\/div><div class=\"fusion-panel panel-default panel-b1983ce57025769e9 fusion-toggle-has-divider\" style=\"--awb-title-color:var(--awb-color8);\"><div class=\"panel-heading\"><h4 class=\"panel-title toggle\" id=\"toggle_b1983ce57025769e9\"><a aria-expanded=\"false\" aria-controls=\"b1983ce57025769e9\" role=\"button\" data-toggle=\"collapse\" data-parent=\"#accordion-781-1\" data-target=\"#b1983ce57025769e9\" href=\"#b1983ce57025769e9\"><span class=\"fusion-toggle-icon-wrapper\" aria-hidden=\"true\"><i class=\"fa-fusion-box active-icon awb-icon-minus\" aria-hidden=\"true\"><\/i><i class=\"fa-fusion-box inactive-icon awb-icon-plus\" aria-hidden=\"true\"><\/i><\/span><span class=\"fusion-toggle-heading\">Quins problemes pot causar la decisi\u00f3?<\/span><\/a><\/h4><\/div><div id=\"b1983ce57025769e9\" class=\"panel-collapse collapse \" aria-labelledby=\"toggle_b1983ce57025769e9\"><div class=\"panel-body toggle-content fusion-clearfix\">\n<p>El vehicle es pot apagar despr\u00e9s d&#8217;uns segons o no arrencar en absolut.<\/p>\n<div id=\"urban-overlay\" style=\"left: -10px; top: -10px; width: 0px; height: 0px;\"><\/div>\n<\/div><\/div><\/div><div class=\"fusion-panel panel-default panel-6123ed25781f0a74f fusion-toggle-has-divider\" style=\"--awb-title-color:var(--awb-color8);\"><div class=\"panel-heading\"><h4 class=\"panel-title toggle\" id=\"toggle_6123ed25781f0a74f\"><a aria-expanded=\"false\" aria-controls=\"6123ed25781f0a74f\" role=\"button\" data-toggle=\"collapse\" data-parent=\"#accordion-781-1\" data-target=\"#6123ed25781f0a74f\" href=\"#6123ed25781f0a74f\"><span class=\"fusion-toggle-icon-wrapper\" aria-hidden=\"true\"><i class=\"fa-fusion-box active-icon awb-icon-minus\" aria-hidden=\"true\"><\/i><i class=\"fa-fusion-box inactive-icon awb-icon-plus\" aria-hidden=\"true\"><\/i><\/span><span class=\"fusion-toggle-heading\">En qu\u00e8 consisteix el servei Immo-Off?<\/span><\/a><\/h4><\/div><div id=\"6123ed25781f0a74f\" class=\"panel-collapse collapse \" aria-labelledby=\"toggle_6123ed25781f0a74f\"><div class=\"panel-body toggle-content fusion-clearfix\">\n<p>Elimina la depend\u00e8ncia de l&#8217;immobilitzador per permetre l&#8217;arrencada en qualsevol circumst\u00e0ncia.<\/p>\n<div id=\"urban-overlay\" style=\"left: -10px; top: -10px; width: 0px; height: 0px;\"><\/div>\n<\/div><\/div><\/div><div class=\"fusion-panel panel-default panel-e1b5f6f83a323f353 fusion-toggle-has-divider\" style=\"--awb-title-color:var(--awb-color8);\"><div class=\"panel-heading\"><h4 class=\"panel-title toggle\" id=\"toggle_e1b5f6f83a323f353\"><a aria-expanded=\"false\" aria-controls=\"e1b5f6f83a323f353\" role=\"button\" data-toggle=\"collapse\" data-parent=\"#accordion-781-1\" data-target=\"#e1b5f6f83a323f353\" href=\"#e1b5f6f83a323f353\"><span class=\"fusion-toggle-icon-wrapper\" aria-hidden=\"true\"><i class=\"fa-fusion-box active-icon awb-icon-minus\" aria-hidden=\"true\"><\/i><i class=\"fa-fusion-box inactive-icon awb-icon-plus\" aria-hidden=\"true\"><\/i><\/span><span class=\"fusion-toggle-heading\">Quan \u00e9s \u00fatil l&#039;Immo-Off?<\/span><\/a><\/h4><\/div><div id=\"e1b5f6f83a323f353\" class=\"panel-collapse collapse \" aria-labelledby=\"toggle_e1b5f6f83a323f353\"><div class=\"panel-body toggle-content fusion-clearfix\">\n<ul>\n<li data-start=\"1315\" data-end=\"1337\">P\u00e8rdua de claus.<\/li>\n<li data-start=\"1338\" data-end=\"1370\">Canvi d&#8217;ECU per una utilitzada.<\/li>\n<li data-start=\"1371\" data-end=\"1424\">Evitar substituci\u00f3 de tauler o antena receptora.<\/li>\n<li data-start=\"1425\" data-end=\"1480\">Necessitat de m\u00faltiples c\u00f2pies a flotes d&#8217;empresa.<\/li>\n<li data-start=\"1481\" data-end=\"1533\">Instal\u00b7laci\u00f3 de sistemes d&#8217;arrencada a dist\u00e0ncia.<\/li>\n<\/ul>\n<div id=\"urban-overlay\" style=\"left: -10px; top: -10px; width: 0px; height: 0px;\"><\/div>\n<div id=\"urban-overlay\" style=\"left: -10px; top: -10px; width: 0px; height: 0px;\"><\/div>\n<\/div><\/div><\/div><div class=\"fusion-panel panel-default panel-a67d8194a9b4dcebb fusion-toggle-has-divider\" style=\"--awb-title-color:var(--awb-color8);\"><div class=\"panel-heading\"><h4 class=\"panel-title toggle\" id=\"toggle_a67d8194a9b4dcebb\"><a aria-expanded=\"false\" aria-controls=\"a67d8194a9b4dcebb\" role=\"button\" data-toggle=\"collapse\" data-parent=\"#accordion-781-1\" data-target=\"#a67d8194a9b4dcebb\" href=\"#a67d8194a9b4dcebb\"><span class=\"fusion-toggle-icon-wrapper\" aria-hidden=\"true\"><i class=\"fa-fusion-box active-icon awb-icon-minus\" aria-hidden=\"true\"><\/i><i class=\"fa-fusion-box inactive-icon awb-icon-plus\" aria-hidden=\"true\"><\/i><\/span><span class=\"fusion-toggle-heading\">S&#039;aplica a totes les marques?<\/span><\/a><\/h4><\/div><div id=\"a67d8194a9b4dcebb\" class=\"panel-collapse collapse \" aria-labelledby=\"toggle_a67d8194a9b4dcebb\"><div class=\"panel-body toggle-content fusion-clearfix\">\n<p>S\u00ed, TRP Motorsport ofereix aquest servei per a m\u00faltiples fabricants, actualitzant constantment els seus equips.<\/p>\n<div id=\"urban-overlay\" style=\"left: -10px; top: -10px; width: 0px; height: 0px;\"><\/div>\n<\/div><\/div><\/div><\/div><\/div><\/div><\/div><\/div><\/div>\n","protected":false},"excerpt":{"rendered":"","protected":false},"author":1,"featured_media":0,"parent":0,"menu_order":0,"comment_status":"closed","ping_status":"closed","template":"100-width.php","meta":{"footnotes":""},"class_list":["post-781","page","type-page","status-publish","hentry"],"_links":{"self":[{"href":"https:\/\/tallertrp.com\/ca\/wp-json\/wp\/v2\/pages\/781","targetHints":{"allow":["GET"]}}],"collection":[{"href":"https:\/\/tallertrp.com\/ca\/wp-json\/wp\/v2\/pages"}],"about":[{"href":"https:\/\/tallertrp.com\/ca\/wp-json\/wp\/v2\/types\/page"}],"author":[{"embeddable":true,"href":"https:\/\/tallertrp.com\/ca\/wp-json\/wp\/v2\/users\/1"}],"replies":[{"embeddable":true,"href":"https:\/\/tallertrp.com\/ca\/wp-json\/wp\/v2\/comments?post=781"}],"version-history":[{"count":1,"href":"https:\/\/tallertrp.com\/ca\/wp-json\/wp\/v2\/pages\/781\/revisions"}],"predecessor-version":[{"id":785,"href":"https:\/\/tallertrp.com\/ca\/wp-json\/wp\/v2\/pages\/781\/revisions\/785"}],"wp:attachment":[{"href":"https:\/\/tallertrp.com\/ca\/wp-json\/wp\/v2\/media?parent=781"}],"curies":[{"name":"wp","href":"https:\/\/api.w.org\/{rel}","templated":true}]}}