{"id":782,"date":"2025-02-12T07:46:26","date_gmt":"2025-02-12T07:46:26","guid":{"rendered":"https:\/\/tallertrp.com\/reprogramacio-per-a-tractors-i-maquinaria-agricola\/"},"modified":"2025-04-09T14:02:18","modified_gmt":"2025-04-09T14:02:18","slug":"reprogramacio-per-a-tractors-i-maquinaria-agricola","status":"publish","type":"page","link":"https:\/\/tallertrp.com\/ca\/reprogramacio-per-a-tractors-i-maquinaria-agricola\/","title":{"rendered":"Reprogramaci\u00f3 per a Tractors i Maquin\u00e0ria Agr\u00edcola"},"content":{"rendered":"<p><div class=\"fusion-fullwidth fullwidth-box fusion-builder-row-1 fusion-flex-container has-pattern-background has-mask-background nonhundred-percent-fullwidth non-hundred-percent-height-scrolling\" style=\"--awb-border-radius-top-left:0px;--awb-border-radius-top-right:0px;--awb-border-radius-bottom-right:0px;--awb-border-radius-bottom-left:0px;--awb-padding-top:5%;--awb-padding-bottom:5%;--awb-flex-wrap:wrap;\" ><div class=\"fusion-builder-row fusion-row fusion-flex-align-items-center fusion-flex-content-wrap\" style=\"max-width:1248px;margin-left: calc(-4% \/ 2 );margin-right: calc(-4% \/ 2 );\"><div class=\"fusion-layout-column fusion_builder_column fusion-builder-column-0 fusion_builder_column_1_2 1_2 fusion-flex-column\" style=\"--awb-bg-size:cover;--awb-width-large:50%;--awb-margin-top-large:0px;--awb-spacing-right-large:3.84%;--awb-margin-bottom-large:20px;--awb-spacing-left-large:3.84%;--awb-width-medium:50%;--awb-order-medium:0;--awb-spacing-right-medium:3.84%;--awb-spacing-left-medium:3.84%;--awb-width-small:100%;--awb-order-small:0;--awb-spacing-right-small:1.92%;--awb-spacing-left-small:1.92%;\"><div class=\"fusion-column-wrapper fusion-column-has-shadow fusion-flex-justify-content-flex-start fusion-content-layout-column\"><div class=\"fusion-image-element \" style=\"--awb-caption-title-font-family:var(--h2_typography-font-family);--awb-caption-title-font-weight:var(--h2_typography-font-weight);--awb-caption-title-font-style:var(--h2_typography-font-style);--awb-caption-title-size:var(--h2_typography-font-size);--awb-caption-title-transform:var(--h2_typography-text-transform);--awb-caption-title-line-height:var(--h2_typography-line-height);--awb-caption-title-letter-spacing:var(--h2_typography-letter-spacing);\"><span class=\" fusion-imageframe imageframe-none imageframe-1 hover-type-none\"><img decoding=\"async\" width=\"2000\" height=\"1334\" title=\"imagen_2025-02-12_085403807\" src=\"https:\/\/tallertrp.com\/wp-content\/uploads\/2025\/02\/imagen_2025-02-12_085403807.png\" alt class=\"img-responsive wp-image-505\" srcset=\"https:\/\/tallertrp.com\/wp-content\/uploads\/2025\/02\/imagen_2025-02-12_085403807-200x133.png 200w, https:\/\/tallertrp.com\/wp-content\/uploads\/2025\/02\/imagen_2025-02-12_085403807-400x267.png 400w, https:\/\/tallertrp.com\/wp-content\/uploads\/2025\/02\/imagen_2025-02-12_085403807-600x400.png 600w, https:\/\/tallertrp.com\/wp-content\/uploads\/2025\/02\/imagen_2025-02-12_085403807-800x534.png 800w, https:\/\/tallertrp.com\/wp-content\/uploads\/2025\/02\/imagen_2025-02-12_085403807-1200x800.png 1200w, https:\/\/tallertrp.com\/wp-content\/uploads\/2025\/02\/imagen_2025-02-12_085403807.png 2000w\" sizes=\"(max-width: 640px) 100vw, 600px\" \/><\/span><\/div><\/div><\/div><div class=\"fusion-layout-column fusion_builder_column fusion-builder-column-1 fusion_builder_column_1_2 1_2 fusion-flex-column\" style=\"--awb-bg-size:cover;--awb-width-large:50%;--awb-margin-top-large:0px;--awb-spacing-right-large:3.84%;--awb-margin-bottom-large:20px;--awb-spacing-left-large:3.84%;--awb-width-medium:50%;--awb-order-medium:0;--awb-spacing-right-medium:3.84%;--awb-spacing-left-medium:3.84%;--awb-width-small:100%;--awb-order-small:0;--awb-spacing-right-small:1.92%;--awb-spacing-left-small:1.92%;\"><div class=\"fusion-column-wrapper fusion-column-has-shadow fusion-flex-justify-content-flex-start fusion-content-layout-column\"><div class=\"fusion-text fusion-text-1\"><h3>Reprogramaci\u00f3 de maquin\u00e0ria agr\u00edcola<\/h3>\n<div id=\"urban-overlay\" style=\"left: -10px; top: -10px; width: 0px; height: 0px;\"><\/div>\n<\/div><div class=\"fusion-text fusion-text-2\"><p>La l\u00ednia de reprogramacions &#8220;Agriculture Performance&#8221; est\u00e0 dissenyada per als professionals del sector agr\u00edcola que busquen millorar el rendiment i la productivitat de la maquin\u00e0ria. Gr\u00e0cies a l&#8217;optimitzaci\u00f3 de la gesti\u00f3 electr\u00f2nica del motor, es pot incrementar la pot\u00e8ncia dels equips agr\u00edcoles en un 25% i reduir-ne el consum en un 12%. Aix\u00f2 permet realitzar feines m\u00e9s r\u00e0pides i eficients, reduint tant els temps de treball com el consum de combustible.  <\/p>\n<\/div><\/div><\/div><\/div><\/div><div class=\"fusion-fullwidth fullwidth-box fusion-builder-row-2 fusion-flex-container has-pattern-background has-mask-background nonhundred-percent-fullwidth non-hundred-percent-height-scrolling\" style=\"--awb-border-radius-top-left:0px;--awb-border-radius-top-right:0px;--awb-border-radius-bottom-right:0px;--awb-border-radius-bottom-left:0px;--awb-padding-top:5%;--awb-padding-bottom:5%;--awb-background-color:var(--awb-color2);--awb-flex-wrap:wrap;\" ><div class=\"fusion-builder-row fusion-row fusion-flex-align-items-flex-start fusion-flex-content-wrap\" style=\"max-width:1248px;margin-left: calc(-4% \/ 2 );margin-right: calc(-4% \/ 2 );\"><div class=\"fusion-layout-column fusion_builder_column fusion-builder-column-2 fusion_builder_column_1_3 1_3 fusion-flex-column\" style=\"--awb-bg-size:cover;--awb-width-large:33.333333333333%;--awb-margin-top-large:0px;--awb-spacing-right-large:5.76%;--awb-margin-bottom-large:20px;--awb-spacing-left-large:5.76%;--awb-width-medium:33.333333333333%;--awb-order-medium:0;--awb-spacing-right-medium:5.76%;--awb-spacing-left-medium:5.76%;--awb-width-small:100%;--awb-order-small:0;--awb-spacing-right-small:1.92%;--awb-spacing-left-small:1.92%;\"><div class=\"fusion-column-wrapper fusion-column-has-shadow fusion-flex-justify-content-flex-start fusion-content-layout-column\"><div class=\"fusion-title title fusion-title-1 fusion-no-small-visibility fusion-no-medium-visibility fusion-sep-none fusion-title-text fusion-title-size-two\"><h2 class=\"fusion-title-heading title-heading-left\" style=\"margin:0;\"><p>Optimitzaci\u00f3 i Efici\u00e8ncia per a Maquin\u00e0ries Agr\u00edcoles<\/p>\n<div id=\"urban-overlay\" style=\"left: -10px; top: -10px; width: 0px; height: 0px;\"><\/div>\n<div id=\"urban-overlay\" style=\"left: -10px; top: -10px; width: 0px; height: 0px;\"><\/div><\/h2><\/div><\/div><\/div><div class=\"fusion-layout-column fusion_builder_column fusion-builder-column-3 fusion_builder_column_2_3 2_3 fusion-flex-column\" style=\"--awb-bg-size:cover;--awb-width-large:66.666666666667%;--awb-margin-top-large:0px;--awb-spacing-right-large:2.88%;--awb-margin-bottom-large:20px;--awb-spacing-left-large:2.88%;--awb-width-medium:66.666666666667%;--awb-order-medium:0;--awb-spacing-right-medium:2.88%;--awb-spacing-left-medium:2.88%;--awb-width-small:100%;--awb-order-small:0;--awb-spacing-right-small:1.92%;--awb-spacing-left-small:1.92%;\"><div class=\"fusion-column-wrapper fusion-column-has-shadow fusion-flex-justify-content-flex-start fusion-content-layout-column\"><div class=\"accordian fusion-accordian\" style=\"--awb-border-size:1px;--awb-icon-size:16px;--awb-content-font-size:var(--awb-typography4-font-size);--awb-icon-alignment:left;--awb-hover-color:var(--awb-color2);--awb-border-color:var(--awb-color3);--awb-background-color:var(--awb-color1);--awb-divider-color:var(--awb-color3);--awb-divider-hover-color:var(--awb-color3);--awb-icon-color:var(--awb-color1);--awb-title-color:var(--awb-color8);--awb-content-color:var(--awb-color8);--awb-icon-box-color:var(--awb-color8);--awb-toggle-hover-accent-color:var(--awb-color5);--awb-title-font-family:var(--awb-typography1-font-family);--awb-title-font-weight:var(--awb-typography1-font-weight);--awb-title-font-style:var(--awb-typography1-font-style);--awb-title-font-size:16px;--awb-content-font-family:var(--awb-typography4-font-family);--awb-content-font-weight:var(--awb-typography4-font-weight);--awb-content-font-style:var(--awb-typography4-font-style);\"><div class=\"panel-group fusion-toggle-icon-boxed\" id=\"accordion-782-1\"><div class=\"fusion-panel panel-default panel-4afc78322f9811413 fusion-toggle-has-divider\" style=\"--awb-title-color:var(--awb-color8);\"><div class=\"panel-heading\"><h4 class=\"panel-title toggle\" id=\"toggle_4afc78322f9811413\"><a class=\"active\" aria-expanded=\"true\" aria-controls=\"4afc78322f9811413\" role=\"button\" data-toggle=\"collapse\" data-parent=\"#accordion-782-1\" data-target=\"#4afc78322f9811413\" href=\"#4afc78322f9811413\"><span class=\"fusion-toggle-icon-wrapper\" aria-hidden=\"true\"><i class=\"fa-fusion-box active-icon awb-icon-minus\" aria-hidden=\"true\"><\/i><i class=\"fa-fusion-box inactive-icon awb-icon-plus\" aria-hidden=\"true\"><\/i><\/span><span class=\"fusion-toggle-heading\"><\/span><\/a><\/h4><\/div><div id=\"4afc78322f9811413\" class=\"panel-collapse collapse in\" aria-labelledby=\"toggle_4afc78322f9811413\"><div class=\"panel-body toggle-content fusion-clearfix\">\n<p>Les reprogramacions permeten obtenir fins a un 25% m\u00e9s de pot\u00e8ncia en tractors, recol\u00b7lectores i ruixadores, cosa que permet realitzar tasques m\u00e9s exigents (com fer servir eines m\u00e9s grans o cavar m\u00e9s profund) en menys temps. A m\u00e9s, s&#8217;aconsegueix una millora de consum d&#8217;aproximadament un 12%, cosa que redueix significativament els costos operatius i el consum de combustible. <\/p>\n<\/div><\/div><\/div><div class=\"fusion-panel panel-default panel-bafbf1650e1ee1f41 fusion-toggle-has-divider\" style=\"--awb-title-color:var(--awb-color8);\"><div class=\"panel-heading\"><h4 class=\"panel-title toggle\" id=\"toggle_bafbf1650e1ee1f41\"><a aria-expanded=\"false\" aria-controls=\"bafbf1650e1ee1f41\" role=\"button\" data-toggle=\"collapse\" data-parent=\"#accordion-782-1\" data-target=\"#bafbf1650e1ee1f41\" href=\"#bafbf1650e1ee1f41\"><span class=\"fusion-toggle-icon-wrapper\" aria-hidden=\"true\"><i class=\"fa-fusion-box active-icon awb-icon-minus\" aria-hidden=\"true\"><\/i><i class=\"fa-fusion-box inactive-icon awb-icon-plus\" aria-hidden=\"true\"><\/i><\/span><span class=\"fusion-toggle-heading\">Quins avantatges ofereix a la pr\u00e0ctica per a la meva explotaci\u00f3 agr\u00edcola?<\/span><\/a><\/h4><\/div><div id=\"bafbf1650e1ee1f41\" class=\"panel-collapse collapse \" aria-labelledby=\"toggle_bafbf1650e1ee1f41\"><div class=\"panel-body toggle-content fusion-clearfix\">\n<ul>\n<li data-start=\"1239\" data-end=\"1394\"><strong data-start=\"1241\" data-end=\"1261\">Major efici\u00e8ncia<\/strong> : Els tractors i equips poden treballar amb m\u00e9s rapidesa i menys esfor\u00e7, millorant la productivitat general de l&#8217;explotaci\u00f3.<\/li>\n<li data-start=\"1395\" data-end=\"1542\"><strong data-start=\"1397\" data-end=\"1430\">Cobertura de major superf\u00edcie<\/strong> : Les recol\u00b7lectores i ruixadores cobreixen m\u00e9s terreny en menys temps, augmentant la capacitat de treball diari.<\/li>\n<li data-start=\"1543\" data-end=\"1686\"><strong data-start=\"1545\" data-end=\"1562\">Menor consum<\/strong> : La reducci\u00f3 del consum de combustible permet realitzar m\u00e9s feines amb menys despesa, generant estalvis significatius.<\/li>\n<\/ul>\n<\/div><\/div><\/div><div class=\"fusion-panel panel-default panel-68106e5342ce88202 fusion-toggle-has-divider\" style=\"--awb-title-color:var(--awb-color8);\"><div class=\"panel-heading\"><h4 class=\"panel-title toggle\" id=\"toggle_68106e5342ce88202\"><a aria-expanded=\"false\" aria-controls=\"68106e5342ce88202\" role=\"button\" data-toggle=\"collapse\" data-parent=\"#accordion-782-1\" data-target=\"#68106e5342ce88202\" href=\"#68106e5342ce88202\"><span class=\"fusion-toggle-icon-wrapper\" aria-hidden=\"true\"><i class=\"fa-fusion-box active-icon awb-icon-minus\" aria-hidden=\"true\"><\/i><i class=\"fa-fusion-box inactive-icon awb-icon-plus\" aria-hidden=\"true\"><\/i><\/span><span class=\"fusion-toggle-heading\">  \u00c9s segura i compatible amb la meva maquin\u00e0ria agr\u00edcola?<\/span><\/a><\/h4><\/div><div id=\"68106e5342ce88202\" class=\"panel-collapse collapse \" aria-labelledby=\"toggle_68106e5342ce88202\"><div class=\"panel-body toggle-content fusion-clearfix\">\n<p>S\u00ed, les reprogramacions &#8220;Agriculture Performance&#8221; s\u00f3n completament segures i compatibles amb marques l\u00edders com <strong data-start=\"1868\" data-end=\"1941\">John Deere, Massey Ferguson, New Holland, Case, Fendt, Kubota, i Same<\/strong> . Aquestes reprogramacions no alteren els codis d&#8217;homologaci\u00f3 ni les refer\u00e8ncies de programari de l&#8217;equip, cosa que les fa indetectables per als concessionaris i els fabricants, evitant que afectin la garantia de l&#8217;equip. A m\u00e9s, totes les configuracions originals s&#8217;emmagatzemen als nostres servidors, per la qual cosa es poden restablir sense cost addicional si el client ho sol\u00b7licita.  <\/p>\n<\/div><\/div><\/div><\/div><\/div><\/div><\/div><\/div><\/div><\/p>\n","protected":false},"excerpt":{"rendered":"","protected":false},"author":1,"featured_media":0,"parent":0,"menu_order":0,"comment_status":"closed","ping_status":"closed","template":"100-width.php","meta":{"footnotes":""},"class_list":["post-782","page","type-page","status-publish","hentry"],"_links":{"self":[{"href":"https:\/\/tallertrp.com\/ca\/wp-json\/wp\/v2\/pages\/782","targetHints":{"allow":["GET"]}}],"collection":[{"href":"https:\/\/tallertrp.com\/ca\/wp-json\/wp\/v2\/pages"}],"about":[{"href":"https:\/\/tallertrp.com\/ca\/wp-json\/wp\/v2\/types\/page"}],"author":[{"embeddable":true,"href":"https:\/\/tallertrp.com\/ca\/wp-json\/wp\/v2\/users\/1"}],"replies":[{"embeddable":true,"href":"https:\/\/tallertrp.com\/ca\/wp-json\/wp\/v2\/comments?post=782"}],"version-history":[{"count":1,"href":"https:\/\/tallertrp.com\/ca\/wp-json\/wp\/v2\/pages\/782\/revisions"}],"predecessor-version":[{"id":788,"href":"https:\/\/tallertrp.com\/ca\/wp-json\/wp\/v2\/pages\/782\/revisions\/788"}],"wp:attachment":[{"href":"https:\/\/tallertrp.com\/ca\/wp-json\/wp\/v2\/media?parent=782"}],"curies":[{"name":"wp","href":"https:\/\/api.w.org\/{rel}","templated":true}]}}