{"id":809,"date":"2025-02-12T07:15:52","date_gmt":"2025-02-12T07:15:52","guid":{"rendered":"https:\/\/tallertrp.com\/reprogramacions-centraletes-2\/"},"modified":"2025-04-09T14:02:26","modified_gmt":"2025-04-09T14:02:26","slug":"reprogramacions-centraletes-2","status":"publish","type":"page","link":"https:\/\/tallertrp.com\/ca\/reprogramacions-centraletes-2\/","title":{"rendered":"Reprogramacions Centraletes"},"content":{"rendered":"<p><div class=\"fusion-fullwidth fullwidth-box fusion-builder-row-1 fusion-flex-container has-pattern-background has-mask-background nonhundred-percent-fullwidth non-hundred-percent-height-scrolling\" style=\"--awb-border-radius-top-left:0px;--awb-border-radius-top-right:0px;--awb-border-radius-bottom-right:0px;--awb-border-radius-bottom-left:0px;--awb-padding-top:5%;--awb-padding-bottom:5%;--awb-flex-wrap:wrap;\" ><div class=\"fusion-builder-row fusion-row fusion-flex-align-items-center fusion-flex-content-wrap\" style=\"max-width:1248px;margin-left: calc(-4% \/ 2 );margin-right: calc(-4% \/ 2 );\"><div class=\"fusion-layout-column fusion_builder_column fusion-builder-column-0 fusion_builder_column_1_2 1_2 fusion-flex-column\" style=\"--awb-bg-size:cover;--awb-width-large:50%;--awb-margin-top-large:0px;--awb-spacing-right-large:3.84%;--awb-margin-bottom-large:20px;--awb-spacing-left-large:3.84%;--awb-width-medium:50%;--awb-order-medium:0;--awb-spacing-right-medium:3.84%;--awb-spacing-left-medium:3.84%;--awb-width-small:100%;--awb-order-small:0;--awb-spacing-right-small:1.92%;--awb-spacing-left-small:1.92%;\"><div class=\"fusion-column-wrapper fusion-column-has-shadow fusion-flex-justify-content-flex-start fusion-content-layout-column\"><div class=\"fusion-image-element \" style=\"--awb-caption-title-font-family:var(--h2_typography-font-family);--awb-caption-title-font-weight:var(--h2_typography-font-weight);--awb-caption-title-font-style:var(--h2_typography-font-style);--awb-caption-title-size:var(--h2_typography-font-size);--awb-caption-title-transform:var(--h2_typography-text-transform);--awb-caption-title-line-height:var(--h2_typography-line-height);--awb-caption-title-letter-spacing:var(--h2_typography-letter-spacing);\"><span class=\" fusion-imageframe imageframe-none imageframe-1 hover-type-none\"><img decoding=\"async\" width=\"2000\" height=\"1334\" title=\"imagen_2025-02-12_090022356\" src=\"https:\/\/tallertrp.com\/wp-content\/uploads\/2025\/02\/imagen_2025-02-12_090022356.png\" alt class=\"img-responsive wp-image-508\" srcset=\"https:\/\/tallertrp.com\/wp-content\/uploads\/2025\/02\/imagen_2025-02-12_090022356-200x133.png 200w, https:\/\/tallertrp.com\/wp-content\/uploads\/2025\/02\/imagen_2025-02-12_090022356-400x267.png 400w, https:\/\/tallertrp.com\/wp-content\/uploads\/2025\/02\/imagen_2025-02-12_090022356-600x400.png 600w, https:\/\/tallertrp.com\/wp-content\/uploads\/2025\/02\/imagen_2025-02-12_090022356-800x534.png 800w, https:\/\/tallertrp.com\/wp-content\/uploads\/2025\/02\/imagen_2025-02-12_090022356-1200x800.png 1200w, https:\/\/tallertrp.com\/wp-content\/uploads\/2025\/02\/imagen_2025-02-12_090022356.png 2000w\" sizes=\"(max-width: 640px) 100vw, 600px\" \/><\/span><\/div><\/div><\/div><div class=\"fusion-layout-column fusion_builder_column fusion-builder-column-1 fusion_builder_column_1_2 1_2 fusion-flex-column\" style=\"--awb-bg-size:cover;--awb-width-large:50%;--awb-margin-top-large:0px;--awb-spacing-right-large:3.84%;--awb-margin-bottom-large:20px;--awb-spacing-left-large:3.84%;--awb-width-medium:50%;--awb-order-medium:0;--awb-spacing-right-medium:3.84%;--awb-spacing-left-medium:3.84%;--awb-width-small:100%;--awb-order-small:0;--awb-spacing-right-small:1.92%;--awb-spacing-left-small:1.92%;\"><div class=\"fusion-column-wrapper fusion-column-has-shadow fusion-flex-justify-content-flex-start fusion-content-layout-column\"><div class=\"fusion-text fusion-text-1\"><h2>Reprogramacions de Centraletes<\/h2>\n<div id=\"urban-overlay\" style=\"left: -10px; top: -10px; width: 0px; height: 0px;\"><\/div>\n<\/div><div class=\"fusion-text fusion-text-2\"><p>A Taller Reparaci\u00f3 TRP, oferim un servei especialitzat en la reprogramaci\u00f3 d&#8217;unitats de control electr\u00f2nic (ECU) per a vehicles de tota mena: turismes, vehicles industrials, maquin\u00e0ria agr\u00edcola i m\u00e9s. L&#8217;ECU \u00e9s el cervell del motor del vehicle, responsable de gestionar aspectes crucials com la injecci\u00f3 de combustible, el control del turbo i les emissions contaminants. A trav\u00e9s de sensors, l&#8217;ECU recopila dades de condicions de conducci\u00f3 per optimitzar el rendiment del motor, garantint aix\u00ed la seguretat i l&#8217;efici\u00e8ncia a cada trajecte.<\/p>\n<div id=\"urban-overlay\" style=\"left: -10px; top: -10px; width: 0px; height: 0px;\"><\/div>\n<\/div><\/div><\/div><\/div><\/div><div class=\"fusion-fullwidth fullwidth-box fusion-builder-row-2 fusion-flex-container has-pattern-background has-mask-background nonhundred-percent-fullwidth non-hundred-percent-height-scrolling\" style=\"--awb-border-radius-top-left:0px;--awb-border-radius-top-right:0px;--awb-border-radius-bottom-right:0px;--awb-border-radius-bottom-left:0px;--awb-padding-top:5%;--awb-padding-bottom:5%;--awb-background-color:var(--awb-color2);--awb-flex-wrap:wrap;\" ><div class=\"fusion-builder-row fusion-row fusion-flex-align-items-flex-start fusion-flex-content-wrap\" style=\"max-width:1248px;margin-left: calc(-4% \/ 2 );margin-right: calc(-4% \/ 2 );\"><div class=\"fusion-layout-column fusion_builder_column fusion-builder-column-2 fusion_builder_column_1_3 1_3 fusion-flex-column\" style=\"--awb-bg-size:cover;--awb-width-large:33.333333333333%;--awb-margin-top-large:0px;--awb-spacing-right-large:5.76%;--awb-margin-bottom-large:20px;--awb-spacing-left-large:5.76%;--awb-width-medium:33.333333333333%;--awb-order-medium:0;--awb-spacing-right-medium:5.76%;--awb-spacing-left-medium:5.76%;--awb-width-small:100%;--awb-order-small:0;--awb-spacing-right-small:1.92%;--awb-spacing-left-small:1.92%;\"><div class=\"fusion-column-wrapper fusion-column-has-shadow fusion-flex-justify-content-flex-start fusion-content-layout-column\"><div class=\"fusion-title title fusion-title-1 fusion-no-small-visibility fusion-no-medium-visibility fusion-sep-none fusion-title-text fusion-title-size-two\"><h2 class=\"fusion-title-heading title-heading-left fusion-responsive-typography-calculated\" style=\"margin:0;--fontSize:40;line-height:var(--awb-typography1-line-height);\">Reprogramaci\u00f3 de la Unitat de Control Electr\u00f2nic<\/h2><\/div><\/div><\/div><div class=\"fusion-layout-column fusion_builder_column fusion-builder-column-3 fusion_builder_column_2_3 2_3 fusion-flex-column\" style=\"--awb-bg-size:cover;--awb-width-large:66.666666666667%;--awb-margin-top-large:0px;--awb-spacing-right-large:2.88%;--awb-margin-bottom-large:20px;--awb-spacing-left-large:2.88%;--awb-width-medium:66.666666666667%;--awb-order-medium:0;--awb-spacing-right-medium:2.88%;--awb-spacing-left-medium:2.88%;--awb-width-small:100%;--awb-order-small:0;--awb-spacing-right-small:1.92%;--awb-spacing-left-small:1.92%;\"><div class=\"fusion-column-wrapper fusion-column-has-shadow fusion-flex-justify-content-flex-start fusion-content-layout-column\"><div class=\"accordian fusion-accordian\" style=\"--awb-border-size:1px;--awb-icon-size:16px;--awb-content-font-size:var(--awb-typography4-font-size);--awb-icon-alignment:left;--awb-hover-color:var(--awb-color2);--awb-border-color:var(--awb-color3);--awb-background-color:var(--awb-color1);--awb-divider-color:var(--awb-color3);--awb-divider-hover-color:var(--awb-color3);--awb-icon-color:var(--awb-color1);--awb-title-color:var(--awb-color8);--awb-content-color:var(--awb-color8);--awb-icon-box-color:var(--awb-color8);--awb-toggle-hover-accent-color:var(--awb-color5);--awb-title-font-family:var(--awb-typography1-font-family);--awb-title-font-weight:var(--awb-typography1-font-weight);--awb-title-font-style:var(--awb-typography1-font-style);--awb-title-font-size:16px;--awb-content-font-family:var(--awb-typography4-font-family);--awb-content-font-weight:var(--awb-typography4-font-weight);--awb-content-font-style:var(--awb-typography4-font-style);\"><div class=\"panel-group fusion-toggle-icon-boxed\" id=\"accordion-809-1\"><div class=\"fusion-panel panel-default panel-fcb0e29d95f735ef0 fusion-toggle-has-divider\"><div class=\"panel-heading\"><h4 class=\"panel-title toggle\" id=\"toggle_fcb0e29d95f735ef0\"><a class=\"active\" aria-expanded=\"true\" aria-controls=\"fcb0e29d95f735ef0\" role=\"button\" data-toggle=\"collapse\" data-parent=\"#accordion-809-1\" data-target=\"#fcb0e29d95f735ef0\" href=\"#fcb0e29d95f735ef0\"><span class=\"fusion-toggle-icon-wrapper\" aria-hidden=\"true\"><i class=\"fa-fusion-box active-icon awb-icon-minus\" aria-hidden=\"true\"><\/i><i class=\"fa-fusion-box inactive-icon awb-icon-plus\" aria-hidden=\"true\"><\/i><\/span><span class=\"fusion-toggle-heading\">Qu\u00e8 \u00e9s la reprogramaci\u00f3 de l&#039;ECU i per qu\u00e8 \u00e9s important?<\/span><\/a><\/h4><\/div><div id=\"fcb0e29d95f735ef0\" class=\"panel-collapse collapse in\" aria-labelledby=\"toggle_fcb0e29d95f735ef0\"><div class=\"panel-body toggle-content fusion-clearfix\">\n<p>La reprogramaci\u00f3 d&#8217;una ECU implica ajustar els par\u00e0metres amb qu\u00e8 opera el motor, permetent optimitzar la pot\u00e8ncia i l&#8217;efici\u00e8ncia segons les necessitats i prefer\u00e8ncies de cada conductor. Els fabricants estableixen configuracions est\u00e0ndard que compleixen diverses normatives i s&#8217;adapten a diferents climes i tipus de combustibles. No obstant aix\u00f2, aquests ajustaments s\u00f3n gen\u00e8rics i, en molts casos, limiten el veritable potencial del motor. La reprogramaci\u00f3 a <em>Taller Reparaci\u00f3 TRP<\/em> permet treure el m\u00e0xim rendiment al motor, augmentant-ne la pot\u00e8ncia, millorant la resposta de l&#8217;accelerador i reduint el consum de combustible.<\/p>\n<\/div><\/div><\/div><div class=\"fusion-panel panel-default panel-1f18bf4fd1a3dc53c fusion-toggle-has-divider\"><div class=\"panel-heading\"><h4 class=\"panel-title toggle\" id=\"toggle_1f18bf4fd1a3dc53c\"><a aria-expanded=\"false\" aria-controls=\"1f18bf4fd1a3dc53c\" role=\"button\" data-toggle=\"collapse\" data-parent=\"#accordion-809-1\" data-target=\"#1f18bf4fd1a3dc53c\" href=\"#1f18bf4fd1a3dc53c\"><span class=\"fusion-toggle-icon-wrapper\" aria-hidden=\"true\"><i class=\"fa-fusion-box active-icon awb-icon-minus\" aria-hidden=\"true\"><\/i><i class=\"fa-fusion-box inactive-icon awb-icon-plus\" aria-hidden=\"true\"><\/i><\/span><span class=\"fusion-toggle-heading\">Beneficis de la reprogramaci\u00f3 a Taller Reparaci\u00f3 TRP<\/span><\/a><\/h4><\/div><div id=\"1f18bf4fd1a3dc53c\" class=\"panel-collapse collapse \" aria-labelledby=\"toggle_1f18bf4fd1a3dc53c\"><div class=\"panel-body toggle-content fusion-clearfix\">\n<p>Els nostres experts t\u00e8cnics fan servir eines avan\u00e7ades per ajustar els par\u00e0metres de l&#8217;ECU a mida. Amb la reprogramaci\u00f3, el vehicle experimentar\u00e0 una notable millora en la pot\u00e8ncia i el parell motor, aix\u00ed com una major efici\u00e8ncia en el consum de combustible. Aquest servei \u00e9s especialment benefici\u00f3s per a vehicles que operen en condicions exigents o que requereixen una pot\u00e8ncia addicional, com ara vehicles de c\u00e0rrega o maquin\u00e0ria agr\u00edcola.<\/p>\n<p>A m\u00e9s de la reprogramaci\u00f3 de pot\u00e8ncia, a <em>Taller Reparaci\u00f3 TRP<\/em> oferim serveis d&#8217;eliminaci\u00f3 de filtres DPF i EGR, ajustaments en la limitaci\u00f3 de velocitat i solucions per a sistemes AdBlue. Aquests ajustaments s\u00f3n ideals per a vehicles que requereixen un manteniment especialitzat o que volen reduir les emissions i millorar el rendiment del motor.<\/p>\n<\/div><\/div><\/div><div class=\"fusion-panel panel-default panel-feb5be38856bfd28a fusion-toggle-has-divider\"><div class=\"panel-heading\"><h4 class=\"panel-title toggle\" id=\"toggle_feb5be38856bfd28a\"><a aria-expanded=\"false\" aria-controls=\"feb5be38856bfd28a\" role=\"button\" data-toggle=\"collapse\" data-parent=\"#accordion-809-1\" data-target=\"#feb5be38856bfd28a\" href=\"#feb5be38856bfd28a\"><span class=\"fusion-toggle-icon-wrapper\" aria-hidden=\"true\"><i class=\"fa-fusion-box active-icon awb-icon-minus\" aria-hidden=\"true\"><\/i><i class=\"fa-fusion-box inactive-icon awb-icon-plus\" aria-hidden=\"true\"><\/i><\/span><span class=\"fusion-toggle-heading\">Comprom\u00eds amb la qualitat i la seguretat<\/span><\/a><\/h4><\/div><div id=\"feb5be38856bfd28a\" class=\"panel-collapse collapse \" aria-labelledby=\"toggle_feb5be38856bfd28a\"><div class=\"panel-body toggle-content fusion-clearfix\">\n<p>A <em>Taller Reparaci\u00f3 TRP<\/em> , garantim la seguretat i efic\u00e0cia de tots els nostres serveis. Cada reprogramaci\u00f3 es realitza amb precisi\u00f3 per assegurar que el vehicle mantingui una operaci\u00f3 segura i compleixi les regulacions ambientals i d&#8217;emissions. Amb la tecnologia m\u00e9s avan\u00e7ada i el coneixement del nostre equip, brindem als nostres clients la confian\u00e7a que els seus vehicles estan a les millors mans.<\/p>\n<\/div><\/div><\/div><\/div><\/div><\/div><\/div><\/div><\/div><\/p>\n","protected":false},"excerpt":{"rendered":"","protected":false},"author":1,"featured_media":0,"parent":0,"menu_order":0,"comment_status":"closed","ping_status":"closed","template":"100-width.php","meta":{"footnotes":""},"class_list":["post-809","page","type-page","status-publish","hentry"],"_links":{"self":[{"href":"https:\/\/tallertrp.com\/ca\/wp-json\/wp\/v2\/pages\/809","targetHints":{"allow":["GET"]}}],"collection":[{"href":"https:\/\/tallertrp.com\/ca\/wp-json\/wp\/v2\/pages"}],"about":[{"href":"https:\/\/tallertrp.com\/ca\/wp-json\/wp\/v2\/types\/page"}],"author":[{"embeddable":true,"href":"https:\/\/tallertrp.com\/ca\/wp-json\/wp\/v2\/users\/1"}],"replies":[{"embeddable":true,"href":"https:\/\/tallertrp.com\/ca\/wp-json\/wp\/v2\/comments?post=809"}],"version-history":[{"count":1,"href":"https:\/\/tallertrp.com\/ca\/wp-json\/wp\/v2\/pages\/809\/revisions"}],"predecessor-version":[{"id":812,"href":"https:\/\/tallertrp.com\/ca\/wp-json\/wp\/v2\/pages\/809\/revisions\/812"}],"wp:attachment":[{"href":"https:\/\/tallertrp.com\/ca\/wp-json\/wp\/v2\/media?parent=809"}],"curies":[{"name":"wp","href":"https:\/\/api.w.org\/{rel}","templated":true}]}}